{"id":749764,"date":"2025-08-28T04:03:22","date_gmt":"2025-08-28T01:03:22","guid":{"rendered":"https:\/\/roveyayinevi.com.tr\/index.php\/urun\/her-yasanti-bir-roman\/"},"modified":"2026-04-16T03:03:10","modified_gmt":"2026-04-16T00:03:10","slug":"her-yasanti-bir-roman","status":"publish","type":"product","link":"https:\/\/roveyayinevi.com.tr\/index.php\/urun\/her-yasanti-bir-roman\/","title":{"rendered":"Her Ya\u015fant\u0131 Bir Roman"},"content":{"rendered":"<p>Ba\u015fkalar\u0131yla evli olmalar\u0131na ve \u00e7ocuklar\u0131na ra\u011fmen birbirlerine deli gibi \u00e2\u015f\u0131k iki doktor olan G\u00fcl ve Emin\u2019in her \u015feyi g\u00f6ze al\u0131p yeni bir ya\u015fam kurma ve bunu s\u00fcrd\u00fcrme \u00e7abalar\u0131&#8230; Ayn\u0131 aile de b\u00fcy\u00fcmelerine ra\u011fmen kimi ba\u015far\u0131y\u0131 yakalayan kimi de diplerde dola\u015fan \u00e7ocuklar&#8230; Al\u0131nan yanl\u0131\u015f kararlar anne baban\u0131n uzun s\u00fcre kendini sorgulamas\u0131na ve vicdan azab\u0131 duymas\u0131na sebep olabilir mi? Ki\u015fi olgunla\u015f\u0131rken aile, karde\u015fler ve \u00e7evre ne kadar etkili olur, al\u0131nan kararlar\u0131n do\u011fru veya yanl\u0131\u015f olmas\u0131 gelece\u011fi hangi \u00f6l\u00e7\u00fcde de\u011fi\u015ftirebilir? Anne baban\u0131n iyi niyetlerine ra\u011fmen ters tepen ve ba\u015far\u0131s\u0131zl\u0131\u011fa mahk\u00fbm hayatlar\u2026 <\/p>\n","protected":false},"excerpt":{"rendered":"<p>Ba\u015fkalar\u0131yla evli olmalar\u0131na ve \u00e7ocuklar\u0131na ra\u011fmen birbirlerine deli gibi \u00e2\u015f\u0131k iki doktor olan G\u00fcl ve Emin\u2019in her \u015feyi g\u00f6ze al\u0131p yeni bir ya\u015fam kurma ve bunu<span class=\"excerpt-hellip\"> [\u2026]<\/span><\/p>\n","protected":false},"featured_media":0,"template":"","meta":{"_monsterinsights_skip_tracking":false,"_monsterinsights_sitenote_active":false,"_monsterinsights_sitenote_note":"","_monsterinsights_sitenote_category":0},"product_brand":[],"product_cat":[12291,12711],"product_tag":[],"class_list":{"0":"post-749764","1":"product","2":"type-product","3":"status-publish","5":"product_cat-edebiyat","6":"product_cat-roman-oyku","7":"pa_cilt-ciltsiz","8":"pa_tur-kitap","9":"pa_yayinevi-perseus","10":"pa_yazar-dilek-ozsoyler","12":"first","13":"instock","14":"sale","15":"shipping-taxable","16":"purchasable","17":"product-type-simple"},"_links":{"self":[{"href":"https:\/\/roveyayinevi.com.tr\/index.php\/wp-json\/wp\/v2\/product\/749764","targetHints":{"allow":["GET"]}}],"collection":[{"href":"https:\/\/roveyayinevi.com.tr\/index.php\/wp-json\/wp\/v2\/product"}],"about":[{"href":"https:\/\/roveyayinevi.com.tr\/index.php\/wp-json\/wp\/v2\/types\/product"}],"wp:attachment":[{"href":"https:\/\/roveyayinevi.com.tr\/index.php\/wp-json\/wp\/v2\/media?parent=749764"}],"wp:term":[{"taxonomy":"product_brand","embeddable":true,"href":"https:\/\/roveyayinevi.com.tr\/index.php\/wp-json\/wp\/v2\/product_brand?post=749764"},{"taxonomy":"product_cat","embeddable":true,"href":"https:\/\/roveyayinevi.com.tr\/index.php\/wp-json\/wp\/v2\/product_cat?post=749764"},{"taxonomy":"product_tag","embeddable":true,"href":"https:\/\/roveyayinevi.com.tr\/index.php\/wp-json\/wp\/v2\/product_tag?post=749764"}],"curies":[{"name":"wp","href":"https:\/\/api.w.org\/{rel}","templated":true}]}}