{"id":749761,"date":"2025-08-28T04:03:19","date_gmt":"2025-08-28T01:03:19","guid":{"rendered":"https:\/\/roveyayinevi.com.tr\/index.php\/urun\/kisilerarasi-iliskiler\/"},"modified":"2026-04-16T03:03:10","modified_gmt":"2026-04-16T00:03:10","slug":"kisilerarasi-iliskiler","status":"publish","type":"product","link":"https:\/\/roveyayinevi.com.tr\/index.php\/urun\/kisilerarasi-iliskiler\/","title":{"rendered":"Ki\u015fileraras\u0131 \u0130li\u015fkiler"},"content":{"rendered":"<p>Ki\u015fileraras\u0131 ili\u015fkiler, disiplinleraras\u0131 bir alan olup sosyoloji, psikoloji, ileti\u015fim, arkeoloji vb. \u00e7ok say\u0131da bilim dal\u0131 taraf\u0131ndan incelenmektedir. Ki\u015fileraras\u0131 ili\u015fkiler ba\u015flang\u0131c\u0131ndan,geli\u015fmesine ve sona ermesine kadar farkl\u0131 s\u00fcre\u00e7leri i\u00e7ermekte, farkl\u0131 teorilerle a\u00e7\u0131klanmaktad\u0131r. Bu kitapta bir ili\u015fkinin yap\u0131s\u0131, ili\u015fkilerin ba\u015flang\u0131c\u0131ndaki etkili dinamikler, bir ili\u015fkinin nas\u0131l s\u00fcrd\u00fcr\u00fclmesi gerekti\u011fi, ili\u015fkilerde ya\u015fanan \u00e7at\u0131\u015fmalar ve m\u00fcdahaleler, ili\u015fkilerin geli\u015fiminde etkili olan fakt\u00f6rler, ili\u015fkilerin sona ermesine neden olan unsurlar s\u00fcre\u00e7ler, modeller ve teoriler \u0131\u015f\u0131\u011f\u0131nda ele al\u0131nmaktad\u0131r. Bununla birlikte ki\u015fileraras\u0131 ili\u015fkileri etkileyen k\u0131skan\u00e7l\u0131k, kendine g\u00fcven, sosyal destek, narsisizm gibi kavramlar a\u00e7\u0131klanmakta, g\u00fcn\u00fcm\u00fczde dijital ortamlardaki yans\u0131malar\u0131 incelenmekte, \u015fu sorulara yan\u0131tlar aramaktad\u0131r: \u00b7Ki\u015fileraras\u0131 ili\u015fkileri hangi fakt\u00f6rler etkiler?  \u00b7Ki\u015fileraras\u0131 ili\u015fkilerde ki\u015filik \u00f6zellikleri ne kadar \u00f6nemlidir?  \u00b7Ki\u015fileraras\u0131 ili\u015fkilerde ben nas\u0131l alg\u0131lan\u0131yorum?  \u00b7Ki\u015fileraras\u0131 ili\u015fkiler nas\u0131l ba\u015flar ve sona erer? \u00b7Ki\u015fileraras\u0131 ili\u015fkilere m\u00fcdahaleler nelerdir? \u00b7Ki\u015fileraras\u0131 ili\u015fkilerde \u00e7at\u0131\u015fma olmal\u0131 m\u0131? \u00b7Ki\u015fileraras\u0131 ili\u015fkilerde sosyal destek arar m\u0131y\u0131z? \u00b7Ki\u015fileraras\u0131 ili\u015fkilerde k\u0131skan\u00e7l\u0131k olmal\u0131 m\u0131? \u00b7Ki\u015fileraras\u0131 ili\u015fkileri narsisizm ne kadar etkiler? \u00b7Ki\u015fileraras\u0131 ili\u015fkilerde kendine g\u00fcven duyan ki\u015filer mi ba\u015far\u0131l\u0131 olur? \u00b7Ki\u015fileraras\u0131 ili\u015fkiler dijital teknolojilerin etkisi ile ne duruma gelmi\u015ftir? <\/p>\n","protected":false},"excerpt":{"rendered":"<p>Ki\u015fileraras\u0131 ili\u015fkiler, disiplinleraras\u0131 bir alan olup sosyoloji, psikoloji, ileti\u015fim, arkeoloji vb. \u00e7ok say\u0131da bilim dal\u0131 taraf\u0131ndan incelenmektedir. Ki\u015fileraras\u0131 ili\u015fkiler ba\u015flang\u0131c\u0131ndan,geli\u015fmesine ve sona ermesine kadar farkl\u0131 s\u00fcre\u00e7leri<span class=\"excerpt-hellip\"> [\u2026]<\/span><\/p>\n","protected":false},"featured_media":0,"template":"","meta":{"_monsterinsights_skip_tracking":false,"_monsterinsights_sitenote_active":false,"_monsterinsights_sitenote_note":"","_monsterinsights_sitenote_category":0},"product_brand":[],"product_cat":[20502,12357],"product_tag":[],"class_list":{"0":"post-749761","1":"product","2":"type-product","3":"status-publish","5":"product_cat-basvuru-kitaplari-psikoloji","6":"product_cat-psikoloji","7":"pa_cilt-ciltsiz","8":"pa_tur-kitap","9":"pa_yayinevi-cem-yayinevi","10":"pa_yazar-aysen-temel-eginli","12":"first","13":"instock","14":"sale","15":"shipping-taxable","16":"purchasable","17":"product-type-simple"},"_links":{"self":[{"href":"https:\/\/roveyayinevi.com.tr\/index.php\/wp-json\/wp\/v2\/product\/749761","targetHints":{"allow":["GET"]}}],"collection":[{"href":"https:\/\/roveyayinevi.com.tr\/index.php\/wp-json\/wp\/v2\/product"}],"about":[{"href":"https:\/\/roveyayinevi.com.tr\/index.php\/wp-json\/wp\/v2\/types\/product"}],"wp:attachment":[{"href":"https:\/\/roveyayinevi.com.tr\/index.php\/wp-json\/wp\/v2\/media?parent=749761"}],"wp:term":[{"taxonomy":"product_brand","embeddable":true,"href":"https:\/\/roveyayinevi.com.tr\/index.php\/wp-json\/wp\/v2\/product_brand?post=749761"},{"taxonomy":"product_cat","embeddable":true,"href":"https:\/\/roveyayinevi.com.tr\/index.php\/wp-json\/wp\/v2\/product_cat?post=749761"},{"taxonomy":"product_tag","embeddable":true,"href":"https:\/\/roveyayinevi.com.tr\/index.php\/wp-json\/wp\/v2\/product_tag?post=749761"}],"curies":[{"name":"wp","href":"https:\/\/api.w.org\/{rel}","templated":true}]}}