{"id":749757,"date":"2025-08-28T04:03:13","date_gmt":"2025-08-28T01:03:13","guid":{"rendered":"https:\/\/roveyayinevi.com.tr\/index.php\/urun\/varolus-sancisi\/"},"modified":"2026-04-16T03:03:10","modified_gmt":"2026-04-16T00:03:10","slug":"varolus-sancisi","status":"publish","type":"product","link":"https:\/\/roveyayinevi.com.tr\/index.php\/urun\/varolus-sancisi\/","title":{"rendered":"Varolu\u015f Sanc\u0131s\u0131"},"content":{"rendered":"<p>\u0130nsanl\u0131\u011f\u0131n binlerce y\u0131ll\u0131k birikimine ve tecr\u00fcbesine ra\u011fmen insan bug\u00fcn \u00f6l\u00e7\u00fcs\u00fczl\u00fc\u011f\u00fc ve de\u011fer a\u015f\u0131nmas\u0131n\u0131 en yo\u011fun haliyle ya\u015famaktad\u0131r: Sefalete, yoksullu\u011fa, sava\u015flara, \u00e7ocuk istismarlar\u0131na, kad\u0131n cinayetlerine h\u00fclasa hakl\u0131n\u0131n\/masumun g\u00fc\u00e7l\u00fc taraf\u0131ndan, yasan\u0131n kanun taraf\u0131ndan ele ge\u00e7irili\u015fine; en y\u00fccelere \u00e7\u0131kar\u0131lan insan\u0131n en a\u015fa\u011f\u0131lara d\u00fc\u015f\u00fc\u015f\u00fcne tan\u0131k oluyoruz. Onca birikimiyle ve tarihe tan\u0131kl\u0131\u011f\u0131yla insan b\u00fct\u00fcn bu olup bitene nas\u0131l m\u00fcdahale edebilir? \u0130nsan, tarihin \u00f6n\u00fcm\u00fcze getirip koydu\u011fu sonu\u00e7lara maruz kalman\u0131n \u00f6tesine ge\u00e7ip sebeplere etki eden bir \u00f6zneye nas\u0131l d\u00f6n\u00fc\u015febilir? \u00c7\u00f6z\u00fclm\u00fc\u015f\/t\u00fckenmi\u015f insanlara nas\u0131l hayat iksiri olabilir? Herkesin tan\u0131d\u0131\u011f\u0131 ama hi\u00e7 kimsenin anlamad\u0131\u011f\u0131 insan\u0131 yeni bir d\u00fcnyan\u0131n kurucusu olarak yeniden nas\u0131l konumland\u0131rabiliriz? Bu kitap, yeni bir ya\u015fam i\u00e7in \u00e7aba sarf eden hakikat u\u011frunda varolu\u015f sanc\u0131s\u0131 \u00e7eken insanlara odaklan\u0131yor.<\/p>\n","protected":false},"excerpt":{"rendered":"<p>\u0130nsanl\u0131\u011f\u0131n binlerce y\u0131ll\u0131k birikimine ve tecr\u00fcbesine ra\u011fmen insan bug\u00fcn \u00f6l\u00e7\u00fcs\u00fczl\u00fc\u011f\u00fc ve de\u011fer a\u015f\u0131nmas\u0131n\u0131 en yo\u011fun haliyle ya\u015famaktad\u0131r: Sefalete, yoksullu\u011fa, sava\u015flara, \u00e7ocuk istismarlar\u0131na, kad\u0131n cinayetlerine h\u00fclasa hakl\u0131n\u0131n\/masumun<span class=\"excerpt-hellip\"> [\u2026]<\/span><\/p>\n","protected":false},"featured_media":0,"template":"","meta":{"_monsterinsights_skip_tracking":false,"_monsterinsights_sitenote_active":false,"_monsterinsights_sitenote_note":"","_monsterinsights_sitenote_category":0},"product_brand":[],"product_cat":[12718,12719],"product_tag":[],"class_list":{"0":"post-749757","1":"product","2":"type-product","3":"status-publish","5":"product_cat-din","6":"product_cat-islam","7":"pa_cilt-ciltsiz","8":"pa_tur-kitap","9":"pa_yayinevi-otto-yayinlari","10":"pa_yazar-saban-ali-duzgun","12":"first","13":"instock","14":"sale","15":"shipping-taxable","16":"purchasable","17":"product-type-simple"},"_links":{"self":[{"href":"https:\/\/roveyayinevi.com.tr\/index.php\/wp-json\/wp\/v2\/product\/749757","targetHints":{"allow":["GET"]}}],"collection":[{"href":"https:\/\/roveyayinevi.com.tr\/index.php\/wp-json\/wp\/v2\/product"}],"about":[{"href":"https:\/\/roveyayinevi.com.tr\/index.php\/wp-json\/wp\/v2\/types\/product"}],"wp:attachment":[{"href":"https:\/\/roveyayinevi.com.tr\/index.php\/wp-json\/wp\/v2\/media?parent=749757"}],"wp:term":[{"taxonomy":"product_brand","embeddable":true,"href":"https:\/\/roveyayinevi.com.tr\/index.php\/wp-json\/wp\/v2\/product_brand?post=749757"},{"taxonomy":"product_cat","embeddable":true,"href":"https:\/\/roveyayinevi.com.tr\/index.php\/wp-json\/wp\/v2\/product_cat?post=749757"},{"taxonomy":"product_tag","embeddable":true,"href":"https:\/\/roveyayinevi.com.tr\/index.php\/wp-json\/wp\/v2\/product_tag?post=749757"}],"curies":[{"name":"wp","href":"https:\/\/api.w.org\/{rel}","templated":true}]}}