{"id":749755,"date":"2025-08-28T04:03:10","date_gmt":"2025-08-28T01:03:10","guid":{"rendered":"https:\/\/roveyayinevi.com.tr\/index.php\/urun\/inadina-hayat\/"},"modified":"2026-04-16T03:03:10","modified_gmt":"2026-04-16T00:03:10","slug":"inadina-hayat","status":"publish","type":"product","link":"https:\/\/roveyayinevi.com.tr\/index.php\/urun\/inadina-hayat\/","title":{"rendered":"\u0130nad\u0131na Hayat"},"content":{"rendered":"<p>\u015eule \u00d6zcan, kal\u0131b\u0131na s\u0131\u011fmayan bir ara\u015ft\u0131rmac\u0131, e\u011fitimci ve yazar. \u00dcretmek ve \u00fcretti\u011fini payla\u015fmak i\u00e7in s\u0131n\u0131rlar\u0131 kabul etmeyen bir cevher. \u201c\u0130nad\u0131na Hayat\u201d ismini verdi\u011fi bu kitab\u0131nda ger\u00e7ek ya\u015famdan kesitleri kurgulayarak mutlulu\u011fun ve ba\u015far\u0131 motivasyonunun i\u00e7imizde oldu\u011funun mesaj\u0131n\u0131 veriyor. Herkesin kendinden bir par\u00e7a bulaca\u011f\u0131 \u0130nad\u0131na Hayat roman\u0131n\u0131 okudu\u011funuzda engelS\u0130Zli\u011fe dair bak\u0131\u015f a\u00e7\u0131n\u0131z de\u011fi\u015fecek.   Prof. Dr. Bilge Uzun<\/p>\n","protected":false},"excerpt":{"rendered":"<p>\u015eule \u00d6zcan, kal\u0131b\u0131na s\u0131\u011fmayan bir ara\u015ft\u0131rmac\u0131, e\u011fitimci ve yazar. \u00dcretmek ve \u00fcretti\u011fini payla\u015fmak i\u00e7in s\u0131n\u0131rlar\u0131 kabul etmeyen bir cevher. \u201c\u0130nad\u0131na Hayat\u201d ismini verdi\u011fi bu kitab\u0131nda ger\u00e7ek<span class=\"excerpt-hellip\"> [\u2026]<\/span><\/p>\n","protected":false},"featured_media":0,"template":"","meta":{"_monsterinsights_skip_tracking":false,"_monsterinsights_sitenote_active":false,"_monsterinsights_sitenote_note":"","_monsterinsights_sitenote_category":0},"product_brand":[],"product_cat":[12291,12711],"product_tag":[],"class_list":{"0":"post-749755","1":"product","2":"type-product","3":"status-publish","5":"product_cat-edebiyat","6":"product_cat-roman-oyku","7":"pa_cilt-ciltsiz","8":"pa_tur-kitap","9":"pa_yayinevi-luna-yayinlari","10":"pa_yazar-sule-ozcan","12":"first","13":"instock","14":"sale","15":"shipping-taxable","16":"purchasable","17":"product-type-simple"},"_links":{"self":[{"href":"https:\/\/roveyayinevi.com.tr\/index.php\/wp-json\/wp\/v2\/product\/749755","targetHints":{"allow":["GET"]}}],"collection":[{"href":"https:\/\/roveyayinevi.com.tr\/index.php\/wp-json\/wp\/v2\/product"}],"about":[{"href":"https:\/\/roveyayinevi.com.tr\/index.php\/wp-json\/wp\/v2\/types\/product"}],"wp:attachment":[{"href":"https:\/\/roveyayinevi.com.tr\/index.php\/wp-json\/wp\/v2\/media?parent=749755"}],"wp:term":[{"taxonomy":"product_brand","embeddable":true,"href":"https:\/\/roveyayinevi.com.tr\/index.php\/wp-json\/wp\/v2\/product_brand?post=749755"},{"taxonomy":"product_cat","embeddable":true,"href":"https:\/\/roveyayinevi.com.tr\/index.php\/wp-json\/wp\/v2\/product_cat?post=749755"},{"taxonomy":"product_tag","embeddable":true,"href":"https:\/\/roveyayinevi.com.tr\/index.php\/wp-json\/wp\/v2\/product_tag?post=749755"}],"curies":[{"name":"wp","href":"https:\/\/api.w.org\/{rel}","templated":true}]}}