{"id":749752,"date":"2025-08-28T04:03:06","date_gmt":"2025-08-28T01:03:06","guid":{"rendered":"https:\/\/roveyayinevi.com.tr\/index.php\/urun\/kaleme-sarilan-dusler\/"},"modified":"2026-04-16T03:03:10","modified_gmt":"2026-04-16T00:03:10","slug":"kaleme-sarilan-dusler","status":"publish","type":"product","link":"https:\/\/roveyayinevi.com.tr\/index.php\/urun\/kaleme-sarilan-dusler\/","title":{"rendered":"Kaleme Sar\u0131lan D\u00fc\u015fler"},"content":{"rendered":"<p>\u201cBir \u015feye ne kadar uzun s\u00fcre bakarsan\u0131z o kadar soyut olur ve ironik olarak o kadar ger\u00e7ek olur.\u201d Lucian Freud   Neye bak\u0131p s\u00fcreyi uzat\u0131rsan oraya dalars\u0131n, duraklars\u0131n. \u0130yi geliyorsa neden olmas\u0131n? Bak\u0131n s\u00fcresizce ak\u0131p giden zamana, u\u00e7an ku\u015fa, d\u00fc\u015fen yapra\u011fa, ko\u015fu\u015fturan insanlara. Durduramad\u0131\u011f\u0131n bir an yok. Asl\u0131na bakarsan ya\u015fad\u0131\u011f\u0131n an, o duraklad\u0131\u011f\u0131n zaman. Bence insan \u00f6mr\u00fc ona \u00f6nceden kesilmi\u015f, bi\u00e7ilmi\u015f eline verilmi\u015f bir kuma\u015f. Ku\u015fanm\u0131\u015f bir \u00f6m\u00fcrs\u00fcn, mesele ait olmad\u0131\u011f\u0131n yerde mesele olmu\u015f, seni ku\u015fatm\u0131\u015f gibi geliyor.   <\/p>\n","protected":false},"excerpt":{"rendered":"<p>\u201cBir \u015feye ne kadar uzun s\u00fcre bakarsan\u0131z o kadar soyut olur ve ironik olarak o kadar ger\u00e7ek olur.\u201d Lucian Freud Neye bak\u0131p s\u00fcreyi uzat\u0131rsan oraya dalars\u0131n,<span class=\"excerpt-hellip\"> [\u2026]<\/span><\/p>\n","protected":false},"featured_media":0,"template":"","meta":{"_monsterinsights_skip_tracking":false,"_monsterinsights_sitenote_active":false,"_monsterinsights_sitenote_note":"","_monsterinsights_sitenote_category":0},"product_brand":[],"product_cat":[12291,12509],"product_tag":[],"class_list":{"0":"post-749752","1":"product","2":"type-product","3":"status-publish","5":"product_cat-edebiyat","6":"product_cat-siir","7":"pa_cilt-ciltsiz","8":"pa_tur-kitap","9":"pa_yayinevi-luna-yayinlari","10":"pa_yazar-narin","12":"first","13":"instock","14":"sale","15":"shipping-taxable","16":"purchasable","17":"product-type-simple"},"_links":{"self":[{"href":"https:\/\/roveyayinevi.com.tr\/index.php\/wp-json\/wp\/v2\/product\/749752","targetHints":{"allow":["GET"]}}],"collection":[{"href":"https:\/\/roveyayinevi.com.tr\/index.php\/wp-json\/wp\/v2\/product"}],"about":[{"href":"https:\/\/roveyayinevi.com.tr\/index.php\/wp-json\/wp\/v2\/types\/product"}],"wp:attachment":[{"href":"https:\/\/roveyayinevi.com.tr\/index.php\/wp-json\/wp\/v2\/media?parent=749752"}],"wp:term":[{"taxonomy":"product_brand","embeddable":true,"href":"https:\/\/roveyayinevi.com.tr\/index.php\/wp-json\/wp\/v2\/product_brand?post=749752"},{"taxonomy":"product_cat","embeddable":true,"href":"https:\/\/roveyayinevi.com.tr\/index.php\/wp-json\/wp\/v2\/product_cat?post=749752"},{"taxonomy":"product_tag","embeddable":true,"href":"https:\/\/roveyayinevi.com.tr\/index.php\/wp-json\/wp\/v2\/product_tag?post=749752"}],"curies":[{"name":"wp","href":"https:\/\/api.w.org\/{rel}","templated":true}]}}