{"id":749751,"date":"2025-08-28T04:03:05","date_gmt":"2025-08-28T01:03:05","guid":{"rendered":"https:\/\/roveyayinevi.com.tr\/index.php\/urun\/bilime-neden-guvenmeliyiz\/"},"modified":"2026-04-16T03:03:10","modified_gmt":"2026-04-16T00:03:10","slug":"bilime-neden-guvenmeliyiz","status":"publish","type":"product","link":"https:\/\/roveyayinevi.com.tr\/index.php\/urun\/bilime-neden-guvenmeliyiz\/","title":{"rendered":"Bilime Neden G\u00fcvenmeliyiz ?"},"content":{"rendered":"<p>Bilim tarihinde s\u0131k\u0131nt\u0131l\u0131 zamanlardan ge\u00e7iyoruz ve halk nezdinde itibar\u0131 tehlikede. Bu y\u00fczden \u015fimdi korkusuz ve parlak Naomi Oreskes\u2019in bu konuyu ara\u015ft\u0131rmas\u0131 i\u00e7in tam da do\u011fru zaman. Sonu\u00e7, bu kitap insan do\u011fas\u0131 (ba\u015far\u0131lar\u0131, ba\u015far\u0131s\u0131zl\u0131klar\u0131 ve ger\u00e7e\u011fi aramadaki temel b\u00fct\u00fcnl\u00fc\u011f\u00fc) \u00fczerine ka\u00e7\u0131r\u0131lmamas\u0131 gereken bir ara\u015ft\u0131rma.\u201d \u2014DEBORAH BLUM, The Poison Squad kitab\u0131n\u0131n Pulitzer \u00d6d\u00fcll\u00fc yazar\u0131d\u0131r \u201cBilime Neden G\u00fcvenmeliyiz? bilim ve toplumun d\u00fcnyan\u0131n en \u00f6nemli ve g\u00fc\u00e7l\u00fc g\u00f6zlemcilerinden birinin yazd\u0131\u011f\u0131 bir kitapt\u0131r. Bug\u00fcn yanl\u0131\u015f bilgilendirme ve dezenformasyon yayg\u0131nla\u015f\u0131rken, endi\u015feli yurtta\u015flar neye veya kime g\u00fcveneceklerini bilmiyorlar ve kan\u0131t, g\u00f6r\u00fc\u015f ve partizan iddialar konusunda kafalar\u0131 kar\u0131\u015f\u0131k. Oreskes\u2019in g\u00fcvenilir bilgiyi nas\u0131l tan\u0131yaca\u011f\u0131m\u0131z ve kullanaca\u011f\u0131m\u0131z konusundaki net bak\u0131\u015f a\u00e7\u0131s\u0131na ihtiyac\u0131m\u0131z var. Bu kitab\u0131n bilim insanlar\u0131 ve yurtta\u015flar i\u00e7in ne kadar \u00f6nemli oldu\u011funu anlatamam.\u201d \u2014RUSH D. HOLT, Amerikan Bilim \u0130lerleme Derne\u011fi CEO\u2019su, eski ABD Temsilciler Meclisi \u00fcyesi Profes\u00f6r Naomi Oreskes, Bilime Neden G\u00fcvenmeliyiz? kitab\u0131nda bilimsel bulgular\u0131n ne zaman ve neden g\u00fcvenilir oldu\u011fu sorular\u0131na net ve ikna edici yan\u0131tlar veriyor. Bilime duyulan g\u00fcvenin temellerini gayet ak\u0131c\u0131 bir dille anlat\u0131yor; tezini ya\u015famlar\u0131m\u0131z a\u00e7\u0131s\u0131ndan kritik \u00f6nem ta\u015f\u0131yan meselelerde bilimin nas\u0131l i\u015flemesi ve nas\u0131l i\u015flememesi gerekti\u011fine dair canl\u0131 \u00f6rneklerle g\u00f6zler \u00f6n\u00fcne seriyor. Okuyucular bu kitapta bilimsel mutabakat\u0131n g\u00fcvenilirli\u011fine dair, belirli bir metoda ya da bilim insanlar\u0131n\u0131n vas\u0131flar\u0131na de\u011fil, kolektif bir \u00e7aba olarak bilimin karakterine dayanan, sa\u011flam bir savunmaya tan\u0131k olacak. <\/p>\n","protected":false},"excerpt":{"rendered":"<p>Bilim tarihinde s\u0131k\u0131nt\u0131l\u0131 zamanlardan ge\u00e7iyoruz ve halk nezdinde itibar\u0131 tehlikede. Bu y\u00fczden \u015fimdi korkusuz ve parlak Naomi Oreskes\u2019in bu konuyu ara\u015ft\u0131rmas\u0131 i\u00e7in tam da do\u011fru zaman.<span class=\"excerpt-hellip\"> [\u2026]<\/span><\/p>\n","protected":false},"featured_media":0,"template":"","meta":{"_monsterinsights_skip_tracking":false,"_monsterinsights_sitenote_active":false,"_monsterinsights_sitenote_note":"","_monsterinsights_sitenote_category":0},"product_brand":[],"product_cat":[13005,37328],"product_tag":[],"class_list":{"0":"post-749751","1":"product","2":"type-product","3":"status-publish","5":"product_cat-bilim-muhendislik","6":"product_cat-diger-bilim-muhendislik","7":"pa_cilt-ciltsiz","8":"pa_tur-kitap","9":"pa_yayinevi-optimist-yayin-dagitim","10":"pa_yazar-naomi-oreskes","12":"first","13":"instock","14":"sale","15":"shipping-taxable","16":"purchasable","17":"product-type-simple"},"_links":{"self":[{"href":"https:\/\/roveyayinevi.com.tr\/index.php\/wp-json\/wp\/v2\/product\/749751","targetHints":{"allow":["GET"]}}],"collection":[{"href":"https:\/\/roveyayinevi.com.tr\/index.php\/wp-json\/wp\/v2\/product"}],"about":[{"href":"https:\/\/roveyayinevi.com.tr\/index.php\/wp-json\/wp\/v2\/types\/product"}],"wp:attachment":[{"href":"https:\/\/roveyayinevi.com.tr\/index.php\/wp-json\/wp\/v2\/media?parent=749751"}],"wp:term":[{"taxonomy":"product_brand","embeddable":true,"href":"https:\/\/roveyayinevi.com.tr\/index.php\/wp-json\/wp\/v2\/product_brand?post=749751"},{"taxonomy":"product_cat","embeddable":true,"href":"https:\/\/roveyayinevi.com.tr\/index.php\/wp-json\/wp\/v2\/product_cat?post=749751"},{"taxonomy":"product_tag","embeddable":true,"href":"https:\/\/roveyayinevi.com.tr\/index.php\/wp-json\/wp\/v2\/product_tag?post=749751"}],"curies":[{"name":"wp","href":"https:\/\/api.w.org\/{rel}","templated":true}]}}