{"id":749750,"date":"2025-08-28T04:03:04","date_gmt":"2025-08-28T01:03:04","guid":{"rendered":"https:\/\/roveyayinevi.com.tr\/index.php\/urun\/kuru-kiz\/"},"modified":"2026-04-16T03:03:10","modified_gmt":"2026-04-16T00:03:10","slug":"kuru-kiz","status":"publish","type":"product","link":"https:\/\/roveyayinevi.com.tr\/index.php\/urun\/kuru-kiz\/","title":{"rendered":"Kuru K\u0131z"},"content":{"rendered":"<p>Ushuaia, Arjantin\u2019in Tierra Del Fiego \u2013 Ate\u015f Topraklar\u0131 eyaletinin ba\u015fkentidir. D\u00fcnyan\u0131n sonundaki \u015fehirdir. Ushuaia\u2019n\u0131n g\u00fcneyinde sadece asker\u00ee \u00fcslerde insan varl\u0131\u011f\u0131 bulunur. Antarktika\u2019ya yak\u0131nl\u0131\u011f\u0131 nedeniyle iklimi bir hayli serttir. 2013 say\u0131m\u0131na g\u00f6re n\u00fcfusu 60 bin olan Ushuaia\u2019da bug\u00fcn 70 bin ki\u015finin ya\u015fad\u0131\u011f\u0131 tahmin edilmektedir. Son y\u0131llarda turizmin g\u00f6zde yerlerinden biri haline gelen \u015fehirde, D\u00fcnyan\u0131n Sonu M\u00fczesi, D\u00fcnyan\u0131n Sonu Deniz Feneri, D\u00fcnyan\u0131n Sonu Postanesi ve D\u00fcnyan\u0131n Sonu ad\u0131n\u0131 ta\u015f\u0131yan pek \u00e7ok otel, motel, restoran, kafe gibi \u00e7e\u015fitli i\u015fletmeler bulunur. Antarktika yolculuklar\u0131n\u0131n \u00e7\u0131k\u0131\u015f noktas\u0131d\u0131r. Ushuaia\u2019da isteyenlerin pasaportlar\u0131na \u201cFin Del Mundo \u2013 D\u00fcnyan\u0131n Sonu\u201d damgas\u0131 vurulur. Kimi turistler buna be\u015f peso kimileri de on be\u015f dolar \u00f6dediklerini s\u00f6ylerler. \u0130kisi de do\u011frudur, damgan\u0131n ger\u00e7ek fiyat\u0131 belirsizdir.   D\u00fcnya bir \u015faka olmal\u0131d\u0131r ayr\u0131ca.   Ayfer Tun\u00e7, okurlar\u0131n\u0131 ta\u015fran\u0131n karanl\u0131\u011f\u0131ndan al\u0131p d\u00fcnyan\u0131n bir ucuna g\u00f6t\u00fcr\u00fcyor. \u015eimdilik daha \u00f6tesi yok.   Kuru K\u0131z, t\u00fcm zamanlar\u0131n ma\u011fdurlar\u0131 \u00fczerine, yenilik\u00e7i, ezber bozan bir roman.   <\/p>\n","protected":false},"excerpt":{"rendered":"<p>Ushuaia, Arjantin\u2019in Tierra Del Fiego \u2013 Ate\u015f Topraklar\u0131 eyaletinin ba\u015fkentidir. D\u00fcnyan\u0131n sonundaki \u015fehirdir. Ushuaia\u2019n\u0131n g\u00fcneyinde sadece asker\u00ee \u00fcslerde insan varl\u0131\u011f\u0131 bulunur. Antarktika\u2019ya yak\u0131nl\u0131\u011f\u0131 nedeniyle iklimi bir<span class=\"excerpt-hellip\"> [\u2026]<\/span><\/p>\n","protected":false},"featured_media":0,"template":"","meta":{"_monsterinsights_skip_tracking":false,"_monsterinsights_sitenote_active":false,"_monsterinsights_sitenote_note":"","_monsterinsights_sitenote_category":0},"product_brand":[],"product_cat":[13835],"product_tag":[],"class_list":{"0":"post-749750","1":"product","2":"type-product","3":"status-publish","5":"product_cat-cok-satanlar","6":"pa_cilt-ciltsiz","7":"pa_tur-kitap","8":"pa_yayinevi-can-yayinlari","9":"pa_yazar-ayfer-tunc","11":"first","12":"instock","13":"sale","14":"shipping-taxable","15":"purchasable","16":"product-type-simple"},"_links":{"self":[{"href":"https:\/\/roveyayinevi.com.tr\/index.php\/wp-json\/wp\/v2\/product\/749750","targetHints":{"allow":["GET"]}}],"collection":[{"href":"https:\/\/roveyayinevi.com.tr\/index.php\/wp-json\/wp\/v2\/product"}],"about":[{"href":"https:\/\/roveyayinevi.com.tr\/index.php\/wp-json\/wp\/v2\/types\/product"}],"wp:attachment":[{"href":"https:\/\/roveyayinevi.com.tr\/index.php\/wp-json\/wp\/v2\/media?parent=749750"}],"wp:term":[{"taxonomy":"product_brand","embeddable":true,"href":"https:\/\/roveyayinevi.com.tr\/index.php\/wp-json\/wp\/v2\/product_brand?post=749750"},{"taxonomy":"product_cat","embeddable":true,"href":"https:\/\/roveyayinevi.com.tr\/index.php\/wp-json\/wp\/v2\/product_cat?post=749750"},{"taxonomy":"product_tag","embeddable":true,"href":"https:\/\/roveyayinevi.com.tr\/index.php\/wp-json\/wp\/v2\/product_tag?post=749750"}],"curies":[{"name":"wp","href":"https:\/\/api.w.org\/{rel}","templated":true}]}}