{"id":749749,"date":"2025-08-28T04:03:03","date_gmt":"2025-08-28T01:03:03","guid":{"rendered":"https:\/\/roveyayinevi.com.tr\/index.php\/urun\/yeni-turkiye-cumhuriyeti\/"},"modified":"2026-04-16T03:03:10","modified_gmt":"2026-04-16T00:03:10","slug":"yeni-turkiye-cumhuriyeti","status":"publish","type":"product","link":"https:\/\/roveyayinevi.com.tr\/index.php\/urun\/yeni-turkiye-cumhuriyeti\/","title":{"rendered":"Yeni T\u00fcrkiye Cumhuriyeti"},"content":{"rendered":"<p>M\u00fcsl\u00fcman d\u00fcnyas\u0131ndaki kilit devletleri inceleyen bir\u00e7ok kitap aras\u0131ndan ilk defa bu kitap uzun bir izolasyon s\u00fcrecinden sonra T\u00fcrkiye\u2019nin Orta Do\u011fu siyasetinde bir kez daha nas\u0131l ba\u015fat bir oyuncu haline gelmekte oldu\u011funa odaklanmaktad\u0131r.   Amerikan odakl\u0131 ve b\u00f6lgeden kendini izole eden d\u0131\u015f politika \u00e7izgisinden vazge\u00e7erek t\u00fcm b\u00f6lgesel akt\u00f6rlerle aktif etkile\u015fim i\u00e7indeki ve oyun kurucu olma gayretindeki ba\u011f\u0131ms\u0131z bir d\u0131\u015f politika hedefine y\u00f6nelmesiyle T\u00fcrkiye\u2019nin ufku ve vizyonu geni\u015flemi\u015ftir. Bu vizyon, M\u00fcsl\u00fcman d\u00fcnyas\u0131nda kendisini farkl\u0131la\u015ft\u0131ran sek\u00fcler-demokratik tecr\u00fcbesiyle ve g\u00fc\u00e7l\u00fc k\u00fclt\u00fcrel gelene\u011fiyle de birlikte olduk\u00e7a peki\u015fmektedir. T\u00fcrkiye bu modeliyle ve \u00fcstlendi\u011fi rolle beraber M\u00fcsl\u00fcman d\u00fcnyas\u0131 i\u00e7inde imrenilerek takip edilen bir \u00fclke konumuna y\u00fckselmi\u015ftir.   T\u00fcrkiye\u2019nin dinamik siyaseti ve ba\u011f\u0131ms\u0131z d\u0131\u015f politika hedefleri -her ne kadar ABD\u2019nin kafas\u0131n\u0131 kar\u0131\u015ft\u0131rsa ve onu rahats\u0131z etse de- eninde sonunda T\u00fcrkiye\u2019nin, Orta Do\u011fu\u2019nun ve hatta Bat\u0131\u2019n\u0131n \u00e7\u0131kar\u0131na olacakt\u0131r.   Orta Do\u011fu ve T\u00fcrkiye hakk\u0131nda teorik ve saha bilgisi geni\u015f olan Graham Fuller\u2019\u0131n  bu \u00e7ok-boyutlu, ilgi \u00e7ekici ve ayr\u0131nt\u0131l\u0131 kitab\u0131 b\u00f6lgenin en b\u00fcy\u00fcleyici ve sofistike \u00fclkelerinden biri olan T\u00fcrkiye\u2019nin ge\u00e7irdi\u011fi d\u00f6n\u00fc\u015f\u00fcm ve d\u00fcnyadaki yeri hakk\u0131nda harikulade bir eser.   \u201cTam zaman\u0131nda ve canl\u0131 bir \u015fekilde devreye girmek suretiyle, Graham Fuller\u2019\u0131n son kitab\u0131 T\u00fcrkiye ve T\u00fcrkiye\u2019nin d\u00fcnyadaki rol\u00fc konusundaki tart\u0131\u015fmalara de\u011ferli bir katk\u0131 yap\u0131yor. T\u00fcrkiye\u2019den ve b\u00f6lgede yap\u0131lan bir dizi r\u00f6portajdan yola \u00e7\u0131kan eser, T\u00fcrk d\u0131\u015f politikas\u0131 konusunda ba\u015fka eserlerde bulunmayan bir tarzla, son olaylar\u0131 ve geli\u015fmeleri yorumluyor. Yeni T\u00fcrkiye\u2019yi ve onun ba\u015fkalar\u0131 i\u00e7in ne anlam ifade etti\u011fini anlamak isteyenler i\u00e7in \u00e7ok \u00f6nemli bir eser.\u201d Ian Lesser,ABD Alman Marshall Fonu K\u0131demli Transatlantik \u00dcyesi,Washington D. C. Woodrow Wilson Merkezi Kamu Politikas\u0131 Uzman\u0131     \u201cT\u00fcrkiye \u00fczerine, zamanlamas\u0131 \u00e7ok isabetli bu \u00e7al\u0131\u015fmas\u0131nda Graham Fuller, T\u00fcrk i\u00e7 ve d\u0131\u015f politikas\u0131 ile ilgili objektif ve dengeli bir de\u011ferlendirme sunuyor. \u00dclkenin kendine \u00f6zg\u00fc sosyal, ekonomik, politik ve k\u00fclt\u00fcrel dinamiklerini dikkate alarak, \u00f6teki \u00e7al\u0131\u015fmalarda \u00e7o\u011fu kez rastlanmayan \u00e7ok boyutlu bir perspektif sa\u011fl\u0131yor. Olduk\u00e7a okunakl\u0131, ak\u0131c\u0131 bir \u00fcsl\u00fbpla kaleme al\u0131nm\u0131\u015f bu eser T\u00fcrkiye ile ilgili m\u00fckemmel bir \u00e7al\u0131\u015fma niteli\u011finde.\u201d \u00d6mer Ta\u015fp\u0131narBrookings Enstit\u00fcs\u00fc     \u201cGraham Fuller \u00f6zelde T\u00fcrk siyaseti ve genelde siyasal \u0130slam konusunda en akl\u0131 ba\u015f\u0131nda analistlerden biridir. Bu y\u00fcksek kaliteli \u00e7al\u0131\u015fma T\u00fcrkiye ve \u0130slam\u00ee siyaset ara\u015ft\u0131rmalar\u0131na de\u011ferli bir katk\u0131 yap\u0131yor ve T\u00fcrkiye\u2019nin d\u00f6n\u00fc\u015f\u00fcm\u00fcne ve b\u00f6lgedeki rol\u00fcne vurgu yapmak suretiyle yeni bir \u00e7\u0131\u011f\u0131r a\u00e7\u0131yor.\u201d Hakan YavuzUtah Universitesi     \u201cAvrupa taraf\u0131ndan reddedilen bir T\u00fcrkiye, Orta Do\u011fu problemini Avrupa\u2019ya ta\u015f\u0131yacakt\u0131r. Fuller\u2019\u0131n s\u00f6z konusu ikilem ba\u011flam\u0131nda yapt\u0131\u011f\u0131 bu isabetli analiz, ger\u00e7ekten b\u00fcy\u00fck, hatta acil jeopolitik \u00f6nemi haiz.\u201d Zbigniew BrzezinskiDan\u0131\u015fman ve M\u00fctevelli, Stratejik ve Uluslararas\u0131 Ara\u015ft\u0131rmalar Merkezi <\/p>\n","protected":false},"excerpt":{"rendered":"<p>M\u00fcsl\u00fcman d\u00fcnyas\u0131ndaki kilit devletleri inceleyen bir\u00e7ok kitap aras\u0131ndan ilk defa bu kitap uzun bir izolasyon s\u00fcrecinden sonra T\u00fcrkiye\u2019nin Orta Do\u011fu siyasetinde bir kez daha nas\u0131l ba\u015fat<span class=\"excerpt-hellip\"> [\u2026]<\/span><\/p>\n","protected":false},"featured_media":0,"template":"","meta":{"_monsterinsights_skip_tracking":false,"_monsterinsights_sitenote_active":false,"_monsterinsights_sitenote_note":"","_monsterinsights_sitenote_category":0},"product_brand":[],"product_cat":[12337,14543],"product_tag":[],"class_list":{"0":"post-749749","1":"product","2":"type-product","3":"status-publish","5":"product_cat-politika-siyaset","6":"product_cat-turkiye-siyaseti-ve-politikasi","7":"pa_cilt-ciltsiz","8":"pa_tur-kitap","9":"pa_yayinevi-serbest-kitaplar","10":"pa_yazar-graham-e-fuller","12":"first","13":"instock","14":"sale","15":"shipping-taxable","16":"purchasable","17":"product-type-simple"},"_links":{"self":[{"href":"https:\/\/roveyayinevi.com.tr\/index.php\/wp-json\/wp\/v2\/product\/749749","targetHints":{"allow":["GET"]}}],"collection":[{"href":"https:\/\/roveyayinevi.com.tr\/index.php\/wp-json\/wp\/v2\/product"}],"about":[{"href":"https:\/\/roveyayinevi.com.tr\/index.php\/wp-json\/wp\/v2\/types\/product"}],"wp:attachment":[{"href":"https:\/\/roveyayinevi.com.tr\/index.php\/wp-json\/wp\/v2\/media?parent=749749"}],"wp:term":[{"taxonomy":"product_brand","embeddable":true,"href":"https:\/\/roveyayinevi.com.tr\/index.php\/wp-json\/wp\/v2\/product_brand?post=749749"},{"taxonomy":"product_cat","embeddable":true,"href":"https:\/\/roveyayinevi.com.tr\/index.php\/wp-json\/wp\/v2\/product_cat?post=749749"},{"taxonomy":"product_tag","embeddable":true,"href":"https:\/\/roveyayinevi.com.tr\/index.php\/wp-json\/wp\/v2\/product_tag?post=749749"}],"curies":[{"name":"wp","href":"https:\/\/api.w.org\/{rel}","templated":true}]}}