{"id":749748,"date":"2025-08-28T04:03:02","date_gmt":"2025-08-28T01:03:02","guid":{"rendered":"https:\/\/roveyayinevi.com.tr\/index.php\/urun\/cizgide-bir-kukla\/"},"modified":"2026-04-16T03:03:10","modified_gmt":"2026-04-16T00:03:10","slug":"cizgide-bir-kukla","status":"publish","type":"product","link":"https:\/\/roveyayinevi.com.tr\/index.php\/urun\/cizgide-bir-kukla\/","title":{"rendered":"\u00c7izgide Bir Kukla"},"content":{"rendered":"<p>&#8220;Ser\u00e7eler kondu fincanlar\u0131n kenar\u0131na. Gagas\u0131nda mektuplar, dilinde haberlerle geliyorlard\u0131. Ne iyi. T\u0131rna\u011f\u0131n\u0131n ucuyla say\u0131lar\u0131 g\u00f6sterdi. \u00dc\u00e7ler, be\u015fler, yediler\u2026 Bak i\u015fte \u015furada, g\u00f6rm\u00fcyor musun? Yak\u0131n zamanda, dedi, tez vakitte. G\u00f6zlerini kapatt\u0131, dudaklar\u0131n\u0131 f\u0131s\u0131r f\u0131s\u0131r k\u0131p\u0131rdatt\u0131.&#8221;   Yerle g\u00f6\u011f\u00fcn aras\u0131nda yorgun insanlar, birbirine de\u011fmeden kendi kuytusunda ya\u015fayan kad\u0131n ve erkekler; hastane koridorlar\u0131, ev i\u00e7leri, uzay\u0131p giden yollar; kay\u0131plar, mektuplar, s\u0131rlar ve hayat\u0131n yumu\u015fak y\u00fczl\u00fc taraf\u0131ndan gelen affedilmi\u015flikler. Tutkuyla sar\u0131lmak kaleme, fesle\u011feni incelikle sulamak, bir foto\u011frafa uzun uzun bakmak, bir umudu inatla ye\u015fertmek. Vildan K\u00fclahl\u0131 Tan\u0131\u015f\u2019\u0131n ilk \u00f6yk\u00fc kitab\u0131 \u00c7izgide Bir Kukla, hen\u00fcz s\u00f6ylenmemi\u015f olan\u0131, \u00e7izginin d\u0131\u015f\u0131nda kalan\u0131n kucaklan\u0131\u015f\u0131n\u0131 m\u00fcjdeliyor. Kuklan\u0131n k\u00fc\u00e7\u00fck hareketleri okura uzun, beklenmedik bir yolculuk sunuyor. <\/p>\n","protected":false},"excerpt":{"rendered":"<p>&#8220;Ser\u00e7eler kondu fincanlar\u0131n kenar\u0131na. Gagas\u0131nda mektuplar, dilinde haberlerle geliyorlard\u0131. Ne iyi. T\u0131rna\u011f\u0131n\u0131n ucuyla say\u0131lar\u0131 g\u00f6sterdi. \u00dc\u00e7ler, be\u015fler, yediler\u2026 Bak i\u015fte \u015furada, g\u00f6rm\u00fcyor musun? Yak\u0131n zamanda, dedi,<span class=\"excerpt-hellip\"> [\u2026]<\/span><\/p>\n","protected":false},"featured_media":0,"template":"","meta":{"_monsterinsights_skip_tracking":false,"_monsterinsights_sitenote_active":false,"_monsterinsights_sitenote_note":"","_monsterinsights_sitenote_category":0},"product_brand":[],"product_cat":[12291,18202],"product_tag":[],"class_list":{"0":"post-749748","1":"product","2":"type-product","3":"status-publish","5":"product_cat-edebiyat","6":"product_cat-hikaye","7":"pa_cilt-ciltsiz","8":"pa_tur-kitap","9":"pa_yayinevi-everest-yayinlari","10":"pa_yazar-vildan-kulahli-tanis","12":"first","13":"instock","14":"sale","15":"shipping-taxable","16":"purchasable","17":"product-type-simple"},"_links":{"self":[{"href":"https:\/\/roveyayinevi.com.tr\/index.php\/wp-json\/wp\/v2\/product\/749748","targetHints":{"allow":["GET"]}}],"collection":[{"href":"https:\/\/roveyayinevi.com.tr\/index.php\/wp-json\/wp\/v2\/product"}],"about":[{"href":"https:\/\/roveyayinevi.com.tr\/index.php\/wp-json\/wp\/v2\/types\/product"}],"wp:attachment":[{"href":"https:\/\/roveyayinevi.com.tr\/index.php\/wp-json\/wp\/v2\/media?parent=749748"}],"wp:term":[{"taxonomy":"product_brand","embeddable":true,"href":"https:\/\/roveyayinevi.com.tr\/index.php\/wp-json\/wp\/v2\/product_brand?post=749748"},{"taxonomy":"product_cat","embeddable":true,"href":"https:\/\/roveyayinevi.com.tr\/index.php\/wp-json\/wp\/v2\/product_cat?post=749748"},{"taxonomy":"product_tag","embeddable":true,"href":"https:\/\/roveyayinevi.com.tr\/index.php\/wp-json\/wp\/v2\/product_tag?post=749748"}],"curies":[{"name":"wp","href":"https:\/\/api.w.org\/{rel}","templated":true}]}}