{"id":749747,"date":"2025-08-28T04:03:01","date_gmt":"2025-08-28T01:03:01","guid":{"rendered":"https:\/\/roveyayinevi.com.tr\/index.php\/urun\/virus-uc-aylik-kultur-sanat-ve-edebiyat-ortak-kitabi-sayi-15-nisan-mayis-haziran-2023\/"},"modified":"2026-04-16T03:03:10","modified_gmt":"2026-04-16T00:03:10","slug":"virus-uc-aylik-kultur-sanat-ve-edebiyat-ortak-kitabi-sayi-15-nisan-mayis-haziran-2023","status":"publish","type":"product","link":"https:\/\/roveyayinevi.com.tr\/index.php\/urun\/virus-uc-aylik-kultur-sanat-ve-edebiyat-ortak-kitabi-sayi-15-nisan-mayis-haziran-2023\/","title":{"rendered":"Vir\u00fcs \u00dc\u00e7 Ayl\u0131k K\u00fclt\u00fcr, Sanat ve Edebiyat Ortak Kitab\u0131 Say\u0131: 15 (Nisan \u2013 May\u0131s \u2013 Haziran 2023)"},"content":{"rendered":"<p>V\u0130R\u00dcS\u2019\u00fcn \u00ab on d\u00f6rt \u00bb say\u0131s\u0131n\u0131 ilgiyle kar\u015f\u0131layan, sesimize ses veren herkese te\u015fekk\u00fcr ediyoruz\u2026 \u201cV\u0130R\u00dcS\u201d\u00fcn 15. say\u0131s\u0131 a\u015fa\u011f\u0131daki dostlar\u0131m\u0131zla birlikte elinizde\u2026                       Ahmet Telli Cemil Kavuk\u00e7u Antonio Cisneros Cevat \u00c7apan G\u00fcnd\u00fcz Vassaf Charles Simic Sinan Fi\u015fek Ali Cengizkan Ferruh Tun\u00e7 Adil \u0130zci A. \u00d6mer T\u00fcrke\u015f Ercan Kesal Bar\u0131\u015f \u00d6nder Haydar Erg\u00fclen Engin Turgut Sezai Sar\u0131o\u011flu Fur\u00fbg-i Ferruhz\u00e2d Mehmet Kanar Semiramis Ya\u011fc\u0131o\u011flu H\u00fcseyin Ferhad O\u011fuz Demiralp Horacio Quiroga Tozan Alkan \u00d6zge Cengiz \u015eeref Bilsel Cevahir Bedel Paul Verlaine Kenan Sar\u0131alio\u011flu Hayri K. Yetik Tu\u011frul Keskin Vecdi \u00c7\u0131rac\u0131o\u011flu Makbule Aras Eyvazi Emel \u0130rtem Pelin \u00d6zer \u0130smail Cem Do\u011fru Semih \u00c7elenk Do\u011fan G\u00f6\u00e7men Bet\u00fcl D\u00fcnder C. Hakk\u0131 Zari\u00e7 Jos\u00e9 Maria Heredis y Campuzano Ay\u015fe Nihal Akbulut H\u00fcseyin K\u00f6se Mete \u00d6zel K\u0131ymet Erzincan K\u0131na Yevgeni Dolmatovski U\u011fur B\u00fcke Aykar S\u00f6nmez \u00dcmit Y\u0131ld\u0131r\u0131m Mesut A\u015fk\u0131n Ozan \u00d6ztepe Esat \u015eenyuva Arkadi Aver\u00e7enko \u0130nna Ossiptsuk Edward Lear Murat Erenel Faris Kuseyri Mesut Bar\u0131\u015f \u00d6v\u00fcn Ekin K\u00f6kl\u00fc \u00c7erkes Karada\u011f<\/p>\n","protected":false},"excerpt":{"rendered":"<p>V\u0130R\u00dcS\u2019\u00fcn \u00ab on d\u00f6rt \u00bb say\u0131s\u0131n\u0131 ilgiyle kar\u015f\u0131layan, sesimize ses veren herkese te\u015fekk\u00fcr ediyoruz\u2026 \u201cV\u0130R\u00dcS\u201d\u00fcn 15. say\u0131s\u0131 a\u015fa\u011f\u0131daki dostlar\u0131m\u0131zla birlikte elinizde\u2026 Ahmet Telli Cemil Kavuk\u00e7u Antonio<span class=\"excerpt-hellip\"> [\u2026]<\/span><\/p>\n","protected":false},"featured_media":0,"template":"","meta":{"_monsterinsights_skip_tracking":false,"_monsterinsights_sitenote_active":false,"_monsterinsights_sitenote_note":"","_monsterinsights_sitenote_category":0},"product_brand":[],"product_cat":[13527],"product_tag":[],"class_list":{"0":"post-749747","1":"product","2":"type-product","3":"status-publish","5":"product_cat-sureli-yayinlar","6":"pa_cilt-ciltsiz","7":"pa_tur-kitap","8":"pa_yayinevi-islik-yayinlari","9":"pa_yazar-kolektif","11":"first","12":"instock","13":"sale","14":"shipping-taxable","15":"purchasable","16":"product-type-simple"},"_links":{"self":[{"href":"https:\/\/roveyayinevi.com.tr\/index.php\/wp-json\/wp\/v2\/product\/749747","targetHints":{"allow":["GET"]}}],"collection":[{"href":"https:\/\/roveyayinevi.com.tr\/index.php\/wp-json\/wp\/v2\/product"}],"about":[{"href":"https:\/\/roveyayinevi.com.tr\/index.php\/wp-json\/wp\/v2\/types\/product"}],"wp:attachment":[{"href":"https:\/\/roveyayinevi.com.tr\/index.php\/wp-json\/wp\/v2\/media?parent=749747"}],"wp:term":[{"taxonomy":"product_brand","embeddable":true,"href":"https:\/\/roveyayinevi.com.tr\/index.php\/wp-json\/wp\/v2\/product_brand?post=749747"},{"taxonomy":"product_cat","embeddable":true,"href":"https:\/\/roveyayinevi.com.tr\/index.php\/wp-json\/wp\/v2\/product_cat?post=749747"},{"taxonomy":"product_tag","embeddable":true,"href":"https:\/\/roveyayinevi.com.tr\/index.php\/wp-json\/wp\/v2\/product_tag?post=749747"}],"curies":[{"name":"wp","href":"https:\/\/api.w.org\/{rel}","templated":true}]}}