{"id":749746,"date":"2025-08-28T04:03:00","date_gmt":"2025-08-28T01:03:00","guid":{"rendered":"https:\/\/roveyayinevi.com.tr\/index.php\/urun\/kok-tengri-ve-yagiz-yer-arasinda\/"},"modified":"2026-04-16T03:03:10","modified_gmt":"2026-04-16T00:03:10","slug":"kok-tengri-ve-yagiz-yer-arasinda","status":"publish","type":"product","link":"https:\/\/roveyayinevi.com.tr\/index.php\/urun\/kok-tengri-ve-yagiz-yer-arasinda\/","title":{"rendered":"K\u00f6k Tengri ve Ya\u011f\u0131z Yer Aras\u0131nda"},"content":{"rendered":"<p>\u00fcze k\u00f6k te\u014bri asra yag\u0131z yer k\u0131l\u0131ntokda \u0117kin ara ki\u015fi ogl\u0131 k\u0131l\u0131nm\u0131\u015f \u201cYukar\u0131da mavi g\u00f6k, a\u015fa\u011f\u0131da ya\u011f\u0131z yer yarat\u0131ld\u0131\u011f\u0131nda ikisinin aras\u0131nda (da) insano\u011flu yarat\u0131lm\u0131\u015f\u201d ve sonra da T\u00fcrk ka\u011fanlar\u0131 bu ikisinin aras\u0131nda kalan her y\u00f6ne sefer etmi\u015fler:   ilger\u00fc k\u00fcn tugs\u0131kka        do\u011fuda g\u00fcne\u015fin do\u011fdu\u011fu (yere), b\u0117riger\u00fc k\u00fcn ortos\u0131\u014baru   g\u00fcneyde ayd\u0131nl\u0131\u011f\u0131n ortas\u0131na, kur\u0131garu k\u00fcn bats\u0131k\u0131\u014ba     bat\u0131da g\u00fcne\u015fin batt\u0131\u011f\u0131 (yere), y\u0131r\u0131garu t\u00fcn ortos\u0131\u014baru     kuzeyde ise karanl\u0131\u011f\u0131n ortas\u0131na kadar   T\u00fcrklerden kalan en eski, ar\u0131-duru belgeler. <\/p>\n","protected":false},"excerpt":{"rendered":"<p>\u00fcze k\u00f6k te\u014bri asra yag\u0131z yer k\u0131l\u0131ntokda \u0117kin ara ki\u015fi ogl\u0131 k\u0131l\u0131nm\u0131\u015f \u201cYukar\u0131da mavi g\u00f6k, a\u015fa\u011f\u0131da ya\u011f\u0131z yer yarat\u0131ld\u0131\u011f\u0131nda ikisinin aras\u0131nda (da) insano\u011flu yarat\u0131lm\u0131\u015f\u201d ve sonra<span class=\"excerpt-hellip\"> [\u2026]<\/span><\/p>\n","protected":false},"featured_media":0,"template":"","meta":{"_monsterinsights_skip_tracking":false,"_monsterinsights_sitenote_active":false,"_monsterinsights_sitenote_note":"","_monsterinsights_sitenote_category":0},"product_brand":[],"product_cat":[12370,12304],"product_tag":[],"class_list":{"0":"post-749746","1":"product","2":"type-product","3":"status-publish","5":"product_cat-arastirma-inceleme","6":"product_cat-tarih","7":"pa_cilt-ciltsiz","8":"pa_tur-kitap","9":"pa_yayinevi-bilgesu-yayincilik","10":"pa_yazar-mehmet-olmez","12":"first","13":"instock","14":"sale","15":"shipping-taxable","16":"purchasable","17":"product-type-simple"},"_links":{"self":[{"href":"https:\/\/roveyayinevi.com.tr\/index.php\/wp-json\/wp\/v2\/product\/749746","targetHints":{"allow":["GET"]}}],"collection":[{"href":"https:\/\/roveyayinevi.com.tr\/index.php\/wp-json\/wp\/v2\/product"}],"about":[{"href":"https:\/\/roveyayinevi.com.tr\/index.php\/wp-json\/wp\/v2\/types\/product"}],"wp:attachment":[{"href":"https:\/\/roveyayinevi.com.tr\/index.php\/wp-json\/wp\/v2\/media?parent=749746"}],"wp:term":[{"taxonomy":"product_brand","embeddable":true,"href":"https:\/\/roveyayinevi.com.tr\/index.php\/wp-json\/wp\/v2\/product_brand?post=749746"},{"taxonomy":"product_cat","embeddable":true,"href":"https:\/\/roveyayinevi.com.tr\/index.php\/wp-json\/wp\/v2\/product_cat?post=749746"},{"taxonomy":"product_tag","embeddable":true,"href":"https:\/\/roveyayinevi.com.tr\/index.php\/wp-json\/wp\/v2\/product_tag?post=749746"}],"curies":[{"name":"wp","href":"https:\/\/api.w.org\/{rel}","templated":true}]}}