{"id":749742,"date":"2025-08-28T04:02:54","date_gmt":"2025-08-28T01:02:54","guid":{"rendered":"https:\/\/roveyayinevi.com.tr\/index.php\/urun\/ben-okuma-bilmem-okuma-pratigi\/"},"modified":"2026-04-16T03:03:10","modified_gmt":"2026-04-16T00:03:10","slug":"ben-okuma-bilmem-okuma-pratigi","status":"publish","type":"product","link":"https:\/\/roveyayinevi.com.tr\/index.php\/urun\/ben-okuma-bilmem-okuma-pratigi\/","title":{"rendered":"Ben Okuma Bilmem &#8211; Okuma Prati\u011fi"},"content":{"rendered":"<p>Elinizdeki bu eser, Fus\u00fbstaki \u201cY\u00fbsuf kelimesindeki nur\u00ee hikmetin asl\u0131\u201d fass\u0131ndan ald\u0131\u011f\u0131m\u0131z ve yukar\u0131daki metinde ge\u00e7en \u201cH\u00e2lbuki o s\u00f6z de ayn\u0131 hiyledir.\u201d c\u00fcmlesinin a\u00e7\u0131klamas\u0131d\u0131r. Bu c\u00fcmlenin i\u015faretiyle Y\u00fbsuf ve karde\u015flerinin k\u0131ssas\u0131n\u0131 ihtiva eden Y\u00fbsuf s\u00fbresini temel d\u00fczeyde okumaya tabituttuk; okumam\u0131zdan \u00e7\u0131kan sonucu bizden sonragelecek T\u00fcrk Gen\u00e7li\u011fine b\u0131rakmay\u0131 arzu ettik.Umulur ki, bu okuyu\u015f, Kur\u2019an\u2019\u0131 okuma veanlama noktas\u0131nda onlar\u0131 cesaretlendirsin. <\/p>\n","protected":false},"excerpt":{"rendered":"<p>Elinizdeki bu eser, Fus\u00fbstaki \u201cY\u00fbsuf kelimesindeki nur\u00ee hikmetin asl\u0131\u201d fass\u0131ndan ald\u0131\u011f\u0131m\u0131z ve yukar\u0131daki metinde ge\u00e7en \u201cH\u00e2lbuki o s\u00f6z de ayn\u0131 hiyledir.\u201d c\u00fcmlesinin a\u00e7\u0131klamas\u0131d\u0131r. Bu c\u00fcmlenin i\u015faretiyle<span class=\"excerpt-hellip\"> [\u2026]<\/span><\/p>\n","protected":false},"featured_media":0,"template":"","meta":{"_monsterinsights_skip_tracking":false,"_monsterinsights_sitenote_active":false,"_monsterinsights_sitenote_note":"","_monsterinsights_sitenote_category":0},"product_brand":[],"product_cat":[12718],"product_tag":[],"class_list":{"0":"post-749742","1":"product","2":"type-product","3":"status-publish","5":"product_cat-din","6":"pa_cilt-ciltsiz","7":"pa_tur-kitap","8":"pa_yayinevi-gulnar-yayinlari","9":"pa_yazar-orhan-genc","11":"first","12":"instock","13":"sale","14":"shipping-taxable","15":"purchasable","16":"product-type-simple"},"_links":{"self":[{"href":"https:\/\/roveyayinevi.com.tr\/index.php\/wp-json\/wp\/v2\/product\/749742","targetHints":{"allow":["GET"]}}],"collection":[{"href":"https:\/\/roveyayinevi.com.tr\/index.php\/wp-json\/wp\/v2\/product"}],"about":[{"href":"https:\/\/roveyayinevi.com.tr\/index.php\/wp-json\/wp\/v2\/types\/product"}],"wp:attachment":[{"href":"https:\/\/roveyayinevi.com.tr\/index.php\/wp-json\/wp\/v2\/media?parent=749742"}],"wp:term":[{"taxonomy":"product_brand","embeddable":true,"href":"https:\/\/roveyayinevi.com.tr\/index.php\/wp-json\/wp\/v2\/product_brand?post=749742"},{"taxonomy":"product_cat","embeddable":true,"href":"https:\/\/roveyayinevi.com.tr\/index.php\/wp-json\/wp\/v2\/product_cat?post=749742"},{"taxonomy":"product_tag","embeddable":true,"href":"https:\/\/roveyayinevi.com.tr\/index.php\/wp-json\/wp\/v2\/product_tag?post=749742"}],"curies":[{"name":"wp","href":"https:\/\/api.w.org\/{rel}","templated":true}]}}