{"id":749737,"date":"2025-08-28T04:02:49","date_gmt":"2025-08-28T01:02:49","guid":{"rendered":"https:\/\/roveyayinevi.com.tr\/index.php\/urun\/taci-zade-cafer-celebi-tercume-i-enisul-arifin-eserin-alt-basligi-giris-inceleme-metin-dizin\/"},"modified":"2026-04-16T03:03:10","modified_gmt":"2026-04-16T00:03:10","slug":"taci-zade-cafer-celebi-tercume-i-enisul-arifin-eserin-alt-basligi-giris-inceleme-metin-dizin","status":"publish","type":"product","link":"https:\/\/roveyayinevi.com.tr\/index.php\/urun\/taci-zade-cafer-celebi-tercume-i-enisul-arifin-eserin-alt-basligi-giris-inceleme-metin-dizin\/","title":{"rendered":"Taci-zade Ca\u2019fer \u00c7elebi Terc\u00fcme-i Enis\u00fc\u2019l- \u2019Arifin  Eserin Alt Ba\u015fl\u0131\u011f\u0131: (Giri\u015f- \u0130nceleme-Metin-Dizin)"},"content":{"rendered":"<p>\u0130\u00e7indekiler     \u00d6NS\u00d6Z \u0130\u00c7\u0130NDEK\u0130LER \u00c7EV\u0130R\u0130YAZI \u0130\u015eARETLER\u0130   KISALTMALAR VE \u0130\u015eARETLER L\u0130STES\u0130 1. G\u0130R\u0130\u015e 1.1. M\u00dcELL\u0130F 1.2. ESER HAKKINDA (Terc\u00fcme-i En\u00ees\u00fc\u2019l -\u2019\u00c2rif\u00een)   2. \u0130NCELEME 2.1. S\u00d6Z D\u0130Z\u0130MSEL \u0130NCELEME   3. \u00c7EV\u0130R\u0130YAZILI MET\u0130N 3.1. \u00c7EV\u0130R\u0130YAZILI MET\u0130N OLU\u015eTURMA ESASLARI 3.2. \u00c7EV\u0130R\u0130YAZILI MET\u0130N   4. D\u0130Z\u0130N 4.1. D\u0130Z\u0130N OLU\u015eTURMA ESASLARI 4.2. D\u0130Z\u0130N SONU\u00c7 KAYNAK\u00c7A<\/p>\n","protected":false},"excerpt":{"rendered":"<p>\u0130\u00e7indekiler \u00d6NS\u00d6Z \u0130\u00c7\u0130NDEK\u0130LER \u00c7EV\u0130R\u0130YAZI \u0130\u015eARETLER\u0130 KISALTMALAR VE \u0130\u015eARETLER L\u0130STES\u0130 1. G\u0130R\u0130\u015e 1.1. M\u00dcELL\u0130F 1.2. ESER HAKKINDA (Terc\u00fcme-i En\u00ees\u00fc\u2019l -\u2019\u00c2rif\u00een) 2. \u0130NCELEME 2.1. S\u00d6Z D\u0130Z\u0130MSEL \u0130NCELEME 3.<span class=\"excerpt-hellip\"> [\u2026]<\/span><\/p>\n","protected":false},"featured_media":0,"template":"","meta":{"_monsterinsights_skip_tracking":false,"_monsterinsights_sitenote_active":false,"_monsterinsights_sitenote_note":"","_monsterinsights_sitenote_category":0},"product_brand":[],"product_cat":[20225,12291],"product_tag":[],"class_list":{"0":"post-749737","1":"product","2":"type-product","3":"status-publish","5":"product_cat-dil-bilim","6":"product_cat-edebiyat","7":"pa_cilt-ciltsiz","8":"pa_tur-kitap","9":"pa_yayinevi-gazi-kitabevi","10":"pa_yazar-nese-aydin-karaaslan","12":"first","13":"instock","14":"sale","15":"shipping-taxable","16":"purchasable","17":"product-type-simple"},"_links":{"self":[{"href":"https:\/\/roveyayinevi.com.tr\/index.php\/wp-json\/wp\/v2\/product\/749737","targetHints":{"allow":["GET"]}}],"collection":[{"href":"https:\/\/roveyayinevi.com.tr\/index.php\/wp-json\/wp\/v2\/product"}],"about":[{"href":"https:\/\/roveyayinevi.com.tr\/index.php\/wp-json\/wp\/v2\/types\/product"}],"wp:attachment":[{"href":"https:\/\/roveyayinevi.com.tr\/index.php\/wp-json\/wp\/v2\/media?parent=749737"}],"wp:term":[{"taxonomy":"product_brand","embeddable":true,"href":"https:\/\/roveyayinevi.com.tr\/index.php\/wp-json\/wp\/v2\/product_brand?post=749737"},{"taxonomy":"product_cat","embeddable":true,"href":"https:\/\/roveyayinevi.com.tr\/index.php\/wp-json\/wp\/v2\/product_cat?post=749737"},{"taxonomy":"product_tag","embeddable":true,"href":"https:\/\/roveyayinevi.com.tr\/index.php\/wp-json\/wp\/v2\/product_tag?post=749737"}],"curies":[{"name":"wp","href":"https:\/\/api.w.org\/{rel}","templated":true}]}}