{"id":749736,"date":"2025-08-28T04:02:48","date_gmt":"2025-08-28T01:02:48","guid":{"rendered":"https:\/\/roveyayinevi.com.tr\/index.php\/urun\/360-spor-pazarlamasi-ve-sponsorluk\/"},"modified":"2026-04-16T03:03:10","modified_gmt":"2026-04-16T00:03:10","slug":"360-spor-pazarlamasi-ve-sponsorluk","status":"publish","type":"product","link":"https:\/\/roveyayinevi.com.tr\/index.php\/urun\/360-spor-pazarlamasi-ve-sponsorluk\/","title":{"rendered":"360\u00b0 Spor Pazarlamas\u0131 ve Sponsorluk"},"content":{"rendered":"<p>\u0130\u00e7indekiler     Giri\u015f 1. Marka 2. Pazar ve Pazarlama Yap\u0131s\u0131 3. Spor Pazarlamas\u0131 4. Spor Sekt\u00f6r\u00fcnde Pazarlama T\u00fcrleri 5. Dpor Sponsorlu\u011fu Pazarlamas\u0131 Kaynak\u00e7a<\/p>\n","protected":false},"excerpt":{"rendered":"<p>\u0130\u00e7indekiler Giri\u015f 1. Marka 2. Pazar ve Pazarlama Yap\u0131s\u0131 3. Spor Pazarlamas\u0131 4. Spor Sekt\u00f6r\u00fcnde Pazarlama T\u00fcrleri 5. Dpor Sponsorlu\u011fu Pazarlamas\u0131 Kaynak\u00e7a<\/p>\n","protected":false},"featured_media":0,"template":"","meta":{"_monsterinsights_skip_tracking":false,"_monsterinsights_sitenote_active":false,"_monsterinsights_sitenote_note":"","_monsterinsights_sitenote_category":0},"product_brand":[],"product_cat":[12573,12566],"product_tag":[],"class_list":{"0":"post-749736","1":"product","2":"type-product","3":"status-publish","5":"product_cat-akademik-kitaplar","6":"product_cat-egitim","7":"pa_cilt-ciltsiz","8":"pa_tur-kitap","9":"pa_yayinevi-gazi-kitabevi","10":"pa_yazar-ozlem-ekizoglu","12":"first","13":"instock","14":"sale","15":"shipping-taxable","16":"purchasable","17":"product-type-simple"},"_links":{"self":[{"href":"https:\/\/roveyayinevi.com.tr\/index.php\/wp-json\/wp\/v2\/product\/749736","targetHints":{"allow":["GET"]}}],"collection":[{"href":"https:\/\/roveyayinevi.com.tr\/index.php\/wp-json\/wp\/v2\/product"}],"about":[{"href":"https:\/\/roveyayinevi.com.tr\/index.php\/wp-json\/wp\/v2\/types\/product"}],"wp:attachment":[{"href":"https:\/\/roveyayinevi.com.tr\/index.php\/wp-json\/wp\/v2\/media?parent=749736"}],"wp:term":[{"taxonomy":"product_brand","embeddable":true,"href":"https:\/\/roveyayinevi.com.tr\/index.php\/wp-json\/wp\/v2\/product_brand?post=749736"},{"taxonomy":"product_cat","embeddable":true,"href":"https:\/\/roveyayinevi.com.tr\/index.php\/wp-json\/wp\/v2\/product_cat?post=749736"},{"taxonomy":"product_tag","embeddable":true,"href":"https:\/\/roveyayinevi.com.tr\/index.php\/wp-json\/wp\/v2\/product_tag?post=749736"}],"curies":[{"name":"wp","href":"https:\/\/api.w.org\/{rel}","templated":true}]}}