{"id":749735,"date":"2025-08-28T04:02:47","date_gmt":"2025-08-28T01:02:47","guid":{"rendered":"https:\/\/roveyayinevi.com.tr\/index.php\/urun\/markov-degisim-garch-modelleri-ile-emtia-fiyatlarindaki-oynakligin-modellenmesi-ve-tahmini\/"},"modified":"2026-04-16T03:03:10","modified_gmt":"2026-04-16T00:03:10","slug":"markov-degisim-garch-modelleri-ile-emtia-fiyatlarindaki-oynakligin-modellenmesi-ve-tahmini","status":"publish","type":"product","link":"https:\/\/roveyayinevi.com.tr\/index.php\/urun\/markov-degisim-garch-modelleri-ile-emtia-fiyatlarindaki-oynakligin-modellenmesi-ve-tahmini\/","title":{"rendered":"Markov De\u011fi\u015fim Garch Modelleri \u0130le Emtia Fiyatlar\u0131ndaki Oynakl\u0131\u011f\u0131n Modellenmesi ve Tahmini"},"content":{"rendered":"<p>\u0130\u00e7indekiler     B\u0130R\u0130NC\u0130 B\u00d6L\u00dcM OYNAKLIK VE \u00d6L\u00c7\u00dcM\u00dcNDE KULLANILAN GELENEKSEL MODELLER   \u0130K\u0130NC\u0130 B\u00d6L\u00dcM GENELLE\u015eT\u0130R\u0130LM\u0130\u015e OTOREGRES\u0130F KO\u015eULLU DE\u011e\u0130\u015eEN VARYANS MODELLER\u0130 VE REJ\u0130M DE\u011e\u0130\u015e\u0130M\u0130   \u00dc\u00c7\u00dcNC\u00dc B\u00d6L\u00dcM EMT\u0130A P\u0130YASALARI   D\u00d6RD\u00dcNC\u00dc B\u00d6L\u00dcM MS-GARCH MODELLER\u0130 KULLANILARAK EMT\u0130A P\u0130YASALARININ OYNAKLIK ANAL\u0130Z\u0130<\/p>\n","protected":false},"excerpt":{"rendered":"<p>\u0130\u00e7indekiler B\u0130R\u0130NC\u0130 B\u00d6L\u00dcM OYNAKLIK VE \u00d6L\u00c7\u00dcM\u00dcNDE KULLANILAN GELENEKSEL MODELLER \u0130K\u0130NC\u0130 B\u00d6L\u00dcM GENELLE\u015eT\u0130R\u0130LM\u0130\u015e OTOREGRES\u0130F KO\u015eULLU DE\u011e\u0130\u015eEN VARYANS MODELLER\u0130 VE REJ\u0130M DE\u011e\u0130\u015e\u0130M\u0130 \u00dc\u00c7\u00dcNC\u00dc B\u00d6L\u00dcM EMT\u0130A P\u0130YASALARI D\u00d6RD\u00dcNC\u00dc B\u00d6L\u00dcM<span class=\"excerpt-hellip\"> [\u2026]<\/span><\/p>\n","protected":false},"featured_media":0,"template":"","meta":{"_monsterinsights_skip_tracking":false,"_monsterinsights_sitenote_active":false,"_monsterinsights_sitenote_note":"","_monsterinsights_sitenote_category":0},"product_brand":[],"product_cat":[13043],"product_tag":[],"class_list":{"0":"post-749735","1":"product","2":"type-product","3":"status-publish","5":"product_cat-ekonomi","6":"pa_cilt-ciltsiz","7":"pa_tur-kitap","8":"pa_yayinevi-gazi-kitabevi","9":"pa_yazar-ikram-yusuf-yarbasi","11":"first","12":"instock","13":"sale","14":"shipping-taxable","15":"purchasable","16":"product-type-simple"},"_links":{"self":[{"href":"https:\/\/roveyayinevi.com.tr\/index.php\/wp-json\/wp\/v2\/product\/749735","targetHints":{"allow":["GET"]}}],"collection":[{"href":"https:\/\/roveyayinevi.com.tr\/index.php\/wp-json\/wp\/v2\/product"}],"about":[{"href":"https:\/\/roveyayinevi.com.tr\/index.php\/wp-json\/wp\/v2\/types\/product"}],"wp:attachment":[{"href":"https:\/\/roveyayinevi.com.tr\/index.php\/wp-json\/wp\/v2\/media?parent=749735"}],"wp:term":[{"taxonomy":"product_brand","embeddable":true,"href":"https:\/\/roveyayinevi.com.tr\/index.php\/wp-json\/wp\/v2\/product_brand?post=749735"},{"taxonomy":"product_cat","embeddable":true,"href":"https:\/\/roveyayinevi.com.tr\/index.php\/wp-json\/wp\/v2\/product_cat?post=749735"},{"taxonomy":"product_tag","embeddable":true,"href":"https:\/\/roveyayinevi.com.tr\/index.php\/wp-json\/wp\/v2\/product_tag?post=749735"}],"curies":[{"name":"wp","href":"https:\/\/api.w.org\/{rel}","templated":true}]}}