{"id":749733,"date":"2025-08-28T04:02:45","date_gmt":"2025-08-28T01:02:45","guid":{"rendered":"https:\/\/roveyayinevi.com.tr\/index.php\/urun\/beden-egitimi-ogretmenlerinin-mesleki-sosyallesme-ve-psikolojik-sermaye-duzeyleri\/"},"modified":"2026-04-16T03:03:10","modified_gmt":"2026-04-16T00:03:10","slug":"beden-egitimi-ogretmenlerinin-mesleki-sosyallesme-ve-psikolojik-sermaye-duzeyleri","status":"publish","type":"product","link":"https:\/\/roveyayinevi.com.tr\/index.php\/urun\/beden-egitimi-ogretmenlerinin-mesleki-sosyallesme-ve-psikolojik-sermaye-duzeyleri\/","title":{"rendered":"Beden E\u011fitimi \u00d6\u011fretmenlerinin Mesleki Sosyalle\u015fme ve Psikolojik Sermaye D\u00fczeyleri"},"content":{"rendered":"<p>Beden E\u011fitimi \u00d6\u011fretmenlerinin Mesleki Sosyalle\u015fme ve Psikolojik Sermaye D\u00fczeyleri<\/p>\n","protected":false},"excerpt":{"rendered":"<p>Beden E\u011fitimi \u00d6\u011fretmenlerinin Mesleki Sosyalle\u015fme ve Psikolojik Sermaye D\u00fczeyleri<\/p>\n","protected":false},"featured_media":0,"template":"","meta":{"_monsterinsights_skip_tracking":false,"_monsterinsights_sitenote_active":false,"_monsterinsights_sitenote_note":"","_monsterinsights_sitenote_category":0},"product_brand":[],"product_cat":[12573,12566],"product_tag":[],"class_list":{"0":"post-749733","1":"product","2":"type-product","3":"status-publish","5":"product_cat-akademik-kitaplar","6":"product_cat-egitim","7":"pa_cilt-ciltsiz","8":"pa_tur-kitap","9":"pa_yayinevi-gazi-kitabevi","10":"pa_yazar-ahmet-dinc","12":"first","13":"instock","14":"sale","15":"shipping-taxable","16":"purchasable","17":"product-type-simple"},"_links":{"self":[{"href":"https:\/\/roveyayinevi.com.tr\/index.php\/wp-json\/wp\/v2\/product\/749733","targetHints":{"allow":["GET"]}}],"collection":[{"href":"https:\/\/roveyayinevi.com.tr\/index.php\/wp-json\/wp\/v2\/product"}],"about":[{"href":"https:\/\/roveyayinevi.com.tr\/index.php\/wp-json\/wp\/v2\/types\/product"}],"wp:attachment":[{"href":"https:\/\/roveyayinevi.com.tr\/index.php\/wp-json\/wp\/v2\/media?parent=749733"}],"wp:term":[{"taxonomy":"product_brand","embeddable":true,"href":"https:\/\/roveyayinevi.com.tr\/index.php\/wp-json\/wp\/v2\/product_brand?post=749733"},{"taxonomy":"product_cat","embeddable":true,"href":"https:\/\/roveyayinevi.com.tr\/index.php\/wp-json\/wp\/v2\/product_cat?post=749733"},{"taxonomy":"product_tag","embeddable":true,"href":"https:\/\/roveyayinevi.com.tr\/index.php\/wp-json\/wp\/v2\/product_tag?post=749733"}],"curies":[{"name":"wp","href":"https:\/\/api.w.org\/{rel}","templated":true}]}}