{"id":749732,"date":"2025-08-28T04:02:44","date_gmt":"2025-08-28T01:02:44","guid":{"rendered":"https:\/\/roveyayinevi.com.tr\/index.php\/urun\/kent-calismalari-ve-kente-yeni-yaklasimlar\/"},"modified":"2026-04-16T03:03:10","modified_gmt":"2026-04-16T00:03:10","slug":"kent-calismalari-ve-kente-yeni-yaklasimlar","status":"publish","type":"product","link":"https:\/\/roveyayinevi.com.tr\/index.php\/urun\/kent-calismalari-ve-kente-yeni-yaklasimlar\/","title":{"rendered":"Kent \u00c7al\u0131\u015fmalar\u0131 ve Kente Yeni Yakla\u015f\u0131mlar"},"content":{"rendered":"<p>Bu \u00e7al\u0131\u015fmada kentlerle ilgili geli\u015fmeler \u00e7ok geni\u015f bir \u00e7er\u00e7evede ele al\u0131nm\u0131\u015f ve kentlerle ilgili yeni geli\u015fmeler, kendi alan\u0131nda uzman olan farkl\u0131 akademisyenler taraf\u0131ndan detayl\u0131 bir \u015fekilde de\u011ferlendirilmi\u015ftir. Farkl\u0131 akademisyenlerin de\u011fi\u015fik a\u00e7\u0131dan ele ald\u0131\u011f\u0131 bu \u00e7al\u0131\u015fma lisans, y\u00fcksek lisans ve doktora \u00f6\u011frencileri i\u00e7in \u00e7ok faydal\u0131 olaca\u011f\u0131 g\u00f6r\u00fclmektedir. Ayr\u0131ca kent sorunlar\u0131 ve kentsel geli\u015fmelerle ilgili ara\u015ft\u0131rma ve \u00e7al\u0131\u015fma yapanlar i\u00e7in hacimli bir \u00e7al\u0131\u015fma niteli\u011findedir. \u00c7al\u0131\u015fman\u0131n \u00f6\u011frenci, ara\u015ft\u0131rmac\u0131 ve uygulay\u0131c\u0131lara yararl\u0131 olmas\u0131 yazarlar\u0131n en b\u00fcy\u00fck dile\u011fidir.<\/p>\n","protected":false},"excerpt":{"rendered":"<p>Bu \u00e7al\u0131\u015fmada kentlerle ilgili geli\u015fmeler \u00e7ok geni\u015f bir \u00e7er\u00e7evede ele al\u0131nm\u0131\u015f ve kentlerle ilgili yeni geli\u015fmeler, kendi alan\u0131nda uzman olan farkl\u0131 akademisyenler taraf\u0131ndan detayl\u0131 bir \u015fekilde<span class=\"excerpt-hellip\"> [\u2026]<\/span><\/p>\n","protected":false},"featured_media":0,"template":"","meta":{"_monsterinsights_skip_tracking":false,"_monsterinsights_sitenote_active":false,"_monsterinsights_sitenote_note":"","_monsterinsights_sitenote_category":0},"product_brand":[],"product_cat":[12767,12324],"product_tag":[],"class_list":{"0":"post-749732","1":"product","2":"type-product","3":"status-publish","5":"product_cat-kentlesme-modernlesme","6":"product_cat-sosyoloji","7":"pa_cilt-ciltsiz","8":"pa_tur-kitap","9":"pa_yayinevi-gazi-kitabevi","10":"pa_yazar-kolektif","12":"first","13":"instock","14":"sale","15":"shipping-taxable","16":"purchasable","17":"product-type-simple"},"_links":{"self":[{"href":"https:\/\/roveyayinevi.com.tr\/index.php\/wp-json\/wp\/v2\/product\/749732","targetHints":{"allow":["GET"]}}],"collection":[{"href":"https:\/\/roveyayinevi.com.tr\/index.php\/wp-json\/wp\/v2\/product"}],"about":[{"href":"https:\/\/roveyayinevi.com.tr\/index.php\/wp-json\/wp\/v2\/types\/product"}],"wp:attachment":[{"href":"https:\/\/roveyayinevi.com.tr\/index.php\/wp-json\/wp\/v2\/media?parent=749732"}],"wp:term":[{"taxonomy":"product_brand","embeddable":true,"href":"https:\/\/roveyayinevi.com.tr\/index.php\/wp-json\/wp\/v2\/product_brand?post=749732"},{"taxonomy":"product_cat","embeddable":true,"href":"https:\/\/roveyayinevi.com.tr\/index.php\/wp-json\/wp\/v2\/product_cat?post=749732"},{"taxonomy":"product_tag","embeddable":true,"href":"https:\/\/roveyayinevi.com.tr\/index.php\/wp-json\/wp\/v2\/product_tag?post=749732"}],"curies":[{"name":"wp","href":"https:\/\/api.w.org\/{rel}","templated":true}]}}