{"id":749731,"date":"2025-08-28T04:02:43","date_gmt":"2025-08-28T01:02:43","guid":{"rendered":"https:\/\/roveyayinevi.com.tr\/index.php\/urun\/korunamayan-kulturel-miras-haci-bayram-camisi-ve-augustus-tapinagi-cevresi\/"},"modified":"2026-04-16T03:03:10","modified_gmt":"2026-04-16T00:03:10","slug":"korunamayan-kulturel-miras-haci-bayram-camisi-ve-augustus-tapinagi-cevresi","status":"publish","type":"product","link":"https:\/\/roveyayinevi.com.tr\/index.php\/urun\/korunamayan-kulturel-miras-haci-bayram-camisi-ve-augustus-tapinagi-cevresi\/","title":{"rendered":"Korunamayan K\u00fclt\u00fcrel Miras Hac\u0131 Bayram Camisi ve Augustus Tap\u0131na\u011f\u0131 \u00c7evresi"},"content":{"rendered":"<p>\u2018\u2019\u015eimdi elimizde, Korunamayan K\u00fclt\u00fcrel Miras: Hac\u0131 Bayram Camisi ve Augustus Tap\u0131na\u011f\u0131 \u00c7evresi ba\u015fl\u0131kl\u0131 bir bilimsel \u00e7al\u0131\u015fma var. Ankara\u2019n\u0131n Ulus semtini kapsayan yaln\u0131z bir y\u00f6resinde koruma (ma) ser\u00fcveninin nesnel ve birinci el verilere dayanarak ele al\u0131nd\u0131\u011f\u0131 bu de\u011ferli kitap 3 b\u00f6l\u00fcmden olu\u015fuyor. Genel bir giri\u015f niteli\u011finde olan 1.B\u00f6l\u00fcmde, Tarihi Kent Dokusunun Ankara\u2019daki Yeri, \u00d6nemi ve Korunmas\u0131 konusu ele al\u0131nd\u0131ktan sonra; 2.B\u00f6l\u00fcmde, 1920\u2019li y\u0131llar\u0131n sonlar\u0131nda Ankara i\u00e7in haz\u0131rlanan Hermann Jansen Plan\u0131&#8217;ndan bug\u00fcne de\u011fin ge\u00e7en 90 y\u0131ll\u0131k s\u00fcre i\u00e7inde nereden nereye gelmi\u015f oldu\u011fumuzun yetkiyle ele al\u0131n\u0131p de\u011ferlendirildi\u011fi bu B\u00f6l\u00fcm\u00fc, Hac\u0131 Bayram Camisi ve Augustus Tap\u0131na\u011f\u0131 \u00c7evresi\u2019ne ve d\u00fczenlemesine ayr\u0131lm\u0131\u015f olan 3. B\u00f6l\u00fcm izliyor. Yakla\u015f\u0131k 200 Sayfa uzunlu\u011fundaki bu yap\u0131t\u0131n, son y\u0131llarda korunmaya ili\u015fkin konularda yap\u0131lan en de\u011ferli \u00e7al\u0131\u015fmalardan biri oldu\u011funa hi\u00e7 ku\u015fkum yok\u2026\u2019\u2019<\/p>\n","protected":false},"excerpt":{"rendered":"<p>\u2018\u2019\u015eimdi elimizde, Korunamayan K\u00fclt\u00fcrel Miras: Hac\u0131 Bayram Camisi ve Augustus Tap\u0131na\u011f\u0131 \u00c7evresi ba\u015fl\u0131kl\u0131 bir bilimsel \u00e7al\u0131\u015fma var. Ankara\u2019n\u0131n Ulus semtini kapsayan yaln\u0131z bir y\u00f6resinde koruma (ma)<span class=\"excerpt-hellip\"> [\u2026]<\/span><\/p>\n","protected":false},"featured_media":0,"template":"","meta":{"_monsterinsights_skip_tracking":false,"_monsterinsights_sitenote_active":false,"_monsterinsights_sitenote_note":"","_monsterinsights_sitenote_category":0},"product_brand":[],"product_cat":[12312,12304],"product_tag":[],"class_list":{"0":"post-749731","1":"product","2":"type-product","3":"status-publish","5":"product_cat-diger","6":"product_cat-tarih","7":"pa_cilt-ciltsiz","8":"pa_tur-kitap","9":"pa_yayinevi-gazi-kitabevi","10":"pa_yazar-mehmet-tuncer","12":"first","13":"instock","14":"sale","15":"shipping-taxable","16":"purchasable","17":"product-type-simple"},"_links":{"self":[{"href":"https:\/\/roveyayinevi.com.tr\/index.php\/wp-json\/wp\/v2\/product\/749731","targetHints":{"allow":["GET"]}}],"collection":[{"href":"https:\/\/roveyayinevi.com.tr\/index.php\/wp-json\/wp\/v2\/product"}],"about":[{"href":"https:\/\/roveyayinevi.com.tr\/index.php\/wp-json\/wp\/v2\/types\/product"}],"wp:attachment":[{"href":"https:\/\/roveyayinevi.com.tr\/index.php\/wp-json\/wp\/v2\/media?parent=749731"}],"wp:term":[{"taxonomy":"product_brand","embeddable":true,"href":"https:\/\/roveyayinevi.com.tr\/index.php\/wp-json\/wp\/v2\/product_brand?post=749731"},{"taxonomy":"product_cat","embeddable":true,"href":"https:\/\/roveyayinevi.com.tr\/index.php\/wp-json\/wp\/v2\/product_cat?post=749731"},{"taxonomy":"product_tag","embeddable":true,"href":"https:\/\/roveyayinevi.com.tr\/index.php\/wp-json\/wp\/v2\/product_tag?post=749731"}],"curies":[{"name":"wp","href":"https:\/\/api.w.org\/{rel}","templated":true}]}}