{"id":749729,"date":"2025-08-28T04:02:41","date_gmt":"2025-08-28T01:02:41","guid":{"rendered":"https:\/\/roveyayinevi.com.tr\/index.php\/urun\/kibris-annan-belgeleri-1-2-3-uzerine-degerlendirmeler\/"},"modified":"2026-04-16T03:03:09","modified_gmt":"2026-04-16T00:03:09","slug":"kibris-annan-belgeleri-1-2-3-uzerine-degerlendirmeler","status":"publish","type":"product","link":"https:\/\/roveyayinevi.com.tr\/index.php\/urun\/kibris-annan-belgeleri-1-2-3-uzerine-degerlendirmeler\/","title":{"rendered":"K\u0131br\u0131s Annan Belgeleri (1. 2. 3.) \u00dczerine De\u011ferlendirmeler"},"content":{"rendered":"<p>BM Genel Sekteri Kofi Annan taraf\u0131ndan sunulan belgeler, birer \u00e7\u00f6z\u00fcm belgeleri olmaktan uzakt\u0131r. E\u011fer ama\u00e7 ger\u00e7ekten \u00e7\u00f6z\u00fcm olmu\u015f olsayd\u0131, taraflar\u0131n 1974\u2019den bu yana cereyan eden g\u00f6r\u00fc\u015fmeler s\u0131ras\u0131nda \u00fczerinde mutab\u0131k kald\u0131klar\u0131 hususlar\u0131 \u00e7\u0131k\u0131\u015f noktas\u0131 al\u0131rd\u0131. Belge, bunlar\u0131 i\u00e7ermemektedir. T\u00fcrk taraf\u0131 i\u00e7in, 1960 sisteminden daha geri bir durum s\u00f6z konusudur. Hatta, daha geri bir durum s\u00f6z konusudur. Hatta daha ba\u015flang\u0131\u00e7ta fark edilen bu durum, belgenin uygulamaya girmesi ile birlikte, giderek daha da olumsuz bir mecraya kayacakt\u0131r. Bu kitapta, Annan Belgesine ili\u015fkin olarak, \u00e7ok \u00f6zg\u00fcn yorum ve de\u011ferlendirmelere yer verilmi\u015ftir. \u00d6zellikle halihaz\u0131rda \u00fczerinde g\u00f6r\u00fc\u015fmeler yap\u0131lan belgenin \u00fc\u00e7\u00fcnc\u00fcs\u00fc versiyonuna ili\u015fkin olarak yorum ve de\u011ferlendirmelere bak\u0131l\u0131r ise, T\u00fcrk taraf\u0131n\u0131n bu endi\u015feleri daha iyi anla\u015f\u0131lm\u0131\u015f olacakt\u0131r.<\/p>\n","protected":false},"excerpt":{"rendered":"<p>BM Genel Sekteri Kofi Annan taraf\u0131ndan sunulan belgeler, birer \u00e7\u00f6z\u00fcm belgeleri olmaktan uzakt\u0131r. E\u011fer ama\u00e7 ger\u00e7ekten \u00e7\u00f6z\u00fcm olmu\u015f olsayd\u0131, taraflar\u0131n 1974\u2019den bu yana cereyan eden g\u00f6r\u00fc\u015fmeler<span class=\"excerpt-hellip\"> [\u2026]<\/span><\/p>\n","protected":false},"featured_media":0,"template":"","meta":{"_monsterinsights_skip_tracking":false,"_monsterinsights_sitenote_active":false,"_monsterinsights_sitenote_note":"","_monsterinsights_sitenote_category":0},"product_brand":[],"product_cat":[12337,17225],"product_tag":[],"class_list":{"0":"post-749729","1":"product","2":"type-product","3":"status-publish","5":"product_cat-politika-siyaset","6":"product_cat-uluslararasi-iliskiler","7":"pa_cilt-ciltsiz","8":"pa_tur-kitap","9":"pa_yayinevi-gazi-kitabevi","10":"pa_yazar-osman-metin-ozturk","12":"first","13":"instock","14":"sale","15":"shipping-taxable","16":"purchasable","17":"product-type-simple"},"_links":{"self":[{"href":"https:\/\/roveyayinevi.com.tr\/index.php\/wp-json\/wp\/v2\/product\/749729","targetHints":{"allow":["GET"]}}],"collection":[{"href":"https:\/\/roveyayinevi.com.tr\/index.php\/wp-json\/wp\/v2\/product"}],"about":[{"href":"https:\/\/roveyayinevi.com.tr\/index.php\/wp-json\/wp\/v2\/types\/product"}],"wp:attachment":[{"href":"https:\/\/roveyayinevi.com.tr\/index.php\/wp-json\/wp\/v2\/media?parent=749729"}],"wp:term":[{"taxonomy":"product_brand","embeddable":true,"href":"https:\/\/roveyayinevi.com.tr\/index.php\/wp-json\/wp\/v2\/product_brand?post=749729"},{"taxonomy":"product_cat","embeddable":true,"href":"https:\/\/roveyayinevi.com.tr\/index.php\/wp-json\/wp\/v2\/product_cat?post=749729"},{"taxonomy":"product_tag","embeddable":true,"href":"https:\/\/roveyayinevi.com.tr\/index.php\/wp-json\/wp\/v2\/product_tag?post=749729"}],"curies":[{"name":"wp","href":"https:\/\/api.w.org\/{rel}","templated":true}]}}