{"id":749726,"date":"2025-08-28T04:02:39","date_gmt":"2025-08-28T01:02:39","guid":{"rendered":"https:\/\/roveyayinevi.com.tr\/index.php\/urun\/turkiyede-ilk-turk-felsefe-cemiyeti-ve-sonraki-gelismeler\/"},"modified":"2026-04-16T03:03:09","modified_gmt":"2026-04-16T00:03:09","slug":"turkiyede-ilk-turk-felsefe-cemiyeti-ve-sonraki-gelismeler","status":"publish","type":"product","link":"https:\/\/roveyayinevi.com.tr\/index.php\/urun\/turkiyede-ilk-turk-felsefe-cemiyeti-ve-sonraki-gelismeler\/","title":{"rendered":"T\u00fcrkiye\u2019de \u0130lk T\u00fcrk Felsefe Cemiyeti ve Sonraki Geli\u015fmeler"},"content":{"rendered":"<p>1925&#8217;lerde &#8220;gen\u00e7 nesilde felsefe temay\u00fcl\u00fc ile sosyoloji e\u011filimi \u00e7arp\u0131\u015f\u0131yordu. Bu da gen\u00e7lerin hem iki gruba b\u00f6l\u00fcnmesine sebep oluyor, hem de felsefe ile ilgili sosyoloji problemlerini yakla\u015ft\u0131rma ihtiya\u00e7lar\u0131n\u0131 do\u011furuyor.&#8221;Bu ama\u00e7la gen\u00e7 nesiller 1927&#8217;lerde &#8220;T\u00fcrk Felsefe Cemiyeti&#8221;ni kurdular. Bu cemiyet kapand\u0131ktan sonra &#8220;Yeni Felsefe Cemiyeti&#8221; kuruldu. Uzun bir aradan sonra kurulan \u00e7e\u015fitli derneklerde ya\u015famad\u0131. 1974&#8217;de &#8220;T\u00fcrkiye Felsefe Cemiyeti&#8221;ni ihya etmek \u00fczere nihayet Ankara&#8217;da 19 felsefeci bir araya gelerek &#8220;T\u00fcrk Felsefe Derne\u011fi&#8221;ni kurdu. &#8220;Felsefe D\u00fcnyas\u0131&#8221; dergisini \u00e7\u0131kararak T\u00fcrkiye&#8217;de felsefenin kurumla\u015fmas\u0131n\u0131 sa\u011flad\u0131. \u0130\u015fte M. Co\u015fkun De\u011firmencio\u011flu bu ser\u00fcveni \u00e7\u0131kard\u0131.<\/p>\n","protected":false},"excerpt":{"rendered":"<p>1925&#8217;lerde &#8220;gen\u00e7 nesilde felsefe temay\u00fcl\u00fc ile sosyoloji e\u011filimi \u00e7arp\u0131\u015f\u0131yordu. Bu da gen\u00e7lerin hem iki gruba b\u00f6l\u00fcnmesine sebep oluyor, hem de felsefe ile ilgili sosyoloji problemlerini yakla\u015ft\u0131rma<span class=\"excerpt-hellip\"> [\u2026]<\/span><\/p>\n","protected":false},"featured_media":0,"template":"","meta":{"_monsterinsights_skip_tracking":false,"_monsterinsights_sitenote_active":false,"_monsterinsights_sitenote_note":"","_monsterinsights_sitenote_category":0},"product_brand":[],"product_cat":[16038,12388],"product_tag":[],"class_list":{"0":"post-749726","1":"product","2":"type-product","3":"status-publish","5":"product_cat-arastirma-inceleme-referans-felsefe","6":"product_cat-felsefe","7":"pa_cilt-ciltsiz","8":"pa_tur-kitap","9":"pa_yayinevi-odak-yayinevi","10":"pa_yazar-m-coskun-degirmencioglu","12":"first","13":"instock","14":"sale","15":"shipping-taxable","16":"purchasable","17":"product-type-simple"},"_links":{"self":[{"href":"https:\/\/roveyayinevi.com.tr\/index.php\/wp-json\/wp\/v2\/product\/749726","targetHints":{"allow":["GET"]}}],"collection":[{"href":"https:\/\/roveyayinevi.com.tr\/index.php\/wp-json\/wp\/v2\/product"}],"about":[{"href":"https:\/\/roveyayinevi.com.tr\/index.php\/wp-json\/wp\/v2\/types\/product"}],"wp:attachment":[{"href":"https:\/\/roveyayinevi.com.tr\/index.php\/wp-json\/wp\/v2\/media?parent=749726"}],"wp:term":[{"taxonomy":"product_brand","embeddable":true,"href":"https:\/\/roveyayinevi.com.tr\/index.php\/wp-json\/wp\/v2\/product_brand?post=749726"},{"taxonomy":"product_cat","embeddable":true,"href":"https:\/\/roveyayinevi.com.tr\/index.php\/wp-json\/wp\/v2\/product_cat?post=749726"},{"taxonomy":"product_tag","embeddable":true,"href":"https:\/\/roveyayinevi.com.tr\/index.php\/wp-json\/wp\/v2\/product_tag?post=749726"}],"curies":[{"name":"wp","href":"https:\/\/api.w.org\/{rel}","templated":true}]}}