{"id":749724,"date":"2025-08-28T04:02:37","date_gmt":"2025-08-28T01:02:37","guid":{"rendered":"https:\/\/roveyayinevi.com.tr\/index.php\/urun\/liberalizasyon-surecinde-istikrar-politikalarinin\/"},"modified":"2026-04-16T03:03:09","modified_gmt":"2026-04-16T00:03:09","slug":"liberalizasyon-surecinde-istikrar-politikalarinin","status":"publish","type":"product","link":"https:\/\/roveyayinevi.com.tr\/index.php\/urun\/liberalizasyon-surecinde-istikrar-politikalarinin\/","title":{"rendered":"Liberalizasyon S\u00fcrecinde \u0130stikrar Politikalar\u0131n\u0131n"},"content":{"rendered":"<p>Liberalle\u015fme, kalk\u0131nmalar\u0131n\u0131 tamamlayamam\u0131\u015f ve ekonomik istikrars\u0131zl\u0131k i\u00e7indeki geli\u015fmekte olan \u00fclkelere, 1980\u2019li y\u0131llardan itibaren, uluslararas\u0131 finansal kurulu\u015flar taraf\u0131ndan bir kurtulu\u015f re\u00e7etesi olarak sunulmu\u015ftur. Mal, hizmet ve para ticaretinin \u00f6n\u00fcndeki t\u00fcm engellerin kald\u0131r\u0131lmas\u0131n\u0131 i\u00e7eren liberalizasyon s\u00fcreci, bu d\u00f6nemde uygulanan istikrar programlar\u0131n\u0131n yap\u0131sal unsurlar\u0131n\u0131 olu\u015fturmu\u015ftur. Bu d\u00f6nemde daha aktif olarak \u00f6n plana \u00e7\u0131kan uluslararas\u0131 mali kurulu\u015flar geli\u015fmekte olan \u00fclkelere ekonomik istikrara y\u00f6nelik klasik maliye ve para politikalar\u0131n\u0131n yan\u0131 s\u0131ra, serbest piyasa ekonomisinin t\u00fcm kurum ve kurallar\u0131n\u0131 i\u015flevsel hale getirmelerini \u00f6nermi\u015ftir.<\/p>\n","protected":false},"excerpt":{"rendered":"<p>Liberalle\u015fme, kalk\u0131nmalar\u0131n\u0131 tamamlayamam\u0131\u015f ve ekonomik istikrars\u0131zl\u0131k i\u00e7indeki geli\u015fmekte olan \u00fclkelere, 1980\u2019li y\u0131llardan itibaren, uluslararas\u0131 finansal kurulu\u015flar taraf\u0131ndan bir kurtulu\u015f re\u00e7etesi olarak sunulmu\u015ftur. Mal, hizmet ve para<span class=\"excerpt-hellip\"> [\u2026]<\/span><\/p>\n","protected":false},"featured_media":0,"template":"","meta":{"_monsterinsights_skip_tracking":false,"_monsterinsights_sitenote_active":false,"_monsterinsights_sitenote_note":"","_monsterinsights_sitenote_category":0},"product_brand":[],"product_cat":[13059,12337],"product_tag":[],"class_list":{"0":"post-749724","1":"product","2":"type-product","3":"status-publish","5":"product_cat-diger-politika-siyaset","6":"product_cat-politika-siyaset","7":"pa_cilt-ciltsiz","8":"pa_tur-kitap","9":"pa_yayinevi-odak-yayinevi","10":"pa_yazar-mustafa-miynat","12":"first","13":"instock","14":"sale","15":"shipping-taxable","16":"purchasable","17":"product-type-simple"},"_links":{"self":[{"href":"https:\/\/roveyayinevi.com.tr\/index.php\/wp-json\/wp\/v2\/product\/749724","targetHints":{"allow":["GET"]}}],"collection":[{"href":"https:\/\/roveyayinevi.com.tr\/index.php\/wp-json\/wp\/v2\/product"}],"about":[{"href":"https:\/\/roveyayinevi.com.tr\/index.php\/wp-json\/wp\/v2\/types\/product"}],"wp:attachment":[{"href":"https:\/\/roveyayinevi.com.tr\/index.php\/wp-json\/wp\/v2\/media?parent=749724"}],"wp:term":[{"taxonomy":"product_brand","embeddable":true,"href":"https:\/\/roveyayinevi.com.tr\/index.php\/wp-json\/wp\/v2\/product_brand?post=749724"},{"taxonomy":"product_cat","embeddable":true,"href":"https:\/\/roveyayinevi.com.tr\/index.php\/wp-json\/wp\/v2\/product_cat?post=749724"},{"taxonomy":"product_tag","embeddable":true,"href":"https:\/\/roveyayinevi.com.tr\/index.php\/wp-json\/wp\/v2\/product_tag?post=749724"}],"curies":[{"name":"wp","href":"https:\/\/api.w.org\/{rel}","templated":true}]}}