{"id":749722,"date":"2025-08-28T04:02:35","date_gmt":"2025-08-28T01:02:35","guid":{"rendered":"https:\/\/roveyayinevi.com.tr\/index.php\/urun\/bir-metropol-kent-ankara\/"},"modified":"2026-04-16T03:03:09","modified_gmt":"2026-04-16T00:03:09","slug":"bir-metropol-kent-ankara","status":"publish","type":"product","link":"https:\/\/roveyayinevi.com.tr\/index.php\/urun\/bir-metropol-kent-ankara\/","title":{"rendered":"Bir Metropol Kent Ankara"},"content":{"rendered":"<p>Ankara\u2019n\u0131n milattan \u00f6nce 8. y\u00fczy\u0131lda Frigya Kral\u0131 Kordios taraf\u0131ndan kuruldu\u011fu san\u0131lmaktad\u0131r. T\u00fcrkiye\u2019nin en eski kentlerinden biridir. Kuruldu\u011fundan bu yana s\u00fcrekli yerle\u015fme alan\u0131 olan Ankara\u2019n\u0131n, tarih i\u00e7inde ad\u0131ndan \u00e7ok fazla de\u011fi\u015fikli\u011fe u\u011framad\u0131\u011f\u0131 bilinmektedir. Ank\u00fcra, Ankira, Angora gibi birbirine \u00e7ok yak\u0131n isimlerden sonra, Osmanl\u0131 \u0130mparatorlu\u011fundan bu yana resmen Ankara ismi kullan\u0131lmaya ba\u015flam\u0131\u015ft\u0131r. Bu \u00e7al\u0131\u015fma, ankara\u2019n\u0131n baz\u0131 temel sorunlar\u0131n\u0131 ortaya koyarak bunlar \u00fczerinde tart\u0131\u015fmak ve baz\u0131 \u00f6neriler geli\u015ftirmek amac\u0131yla yap\u0131lm\u0131\u015ft\u0131r. Aksi halde, Ankara\u2019n\u0131n t\u00fcm sorunlar\u0131 bu kitab\u0131n hacmini a\u015facak boyuttad\u0131r.<\/p>\n","protected":false},"excerpt":{"rendered":"<p>Ankara\u2019n\u0131n milattan \u00f6nce 8. y\u00fczy\u0131lda Frigya Kral\u0131 Kordios taraf\u0131ndan kuruldu\u011fu san\u0131lmaktad\u0131r. T\u00fcrkiye\u2019nin en eski kentlerinden biridir. Kuruldu\u011fundan bu yana s\u00fcrekli yerle\u015fme alan\u0131 olan Ankara\u2019n\u0131n, tarih i\u00e7inde<span class=\"excerpt-hellip\"> [\u2026]<\/span><\/p>\n","protected":false},"featured_media":0,"template":"","meta":{"_monsterinsights_skip_tracking":false,"_monsterinsights_sitenote_active":false,"_monsterinsights_sitenote_note":"","_monsterinsights_sitenote_category":0},"product_brand":[],"product_cat":[12312,12304],"product_tag":[],"class_list":{"0":"post-749722","1":"product","2":"type-product","3":"status-publish","5":"product_cat-diger","6":"product_cat-tarih","7":"pa_cilt-ciltsiz","8":"pa_tur-kitap","9":"pa_yayinevi-odak-yayinevi","10":"pa_yazar-kemal-gormez","12":"first","13":"instock","14":"sale","15":"shipping-taxable","16":"purchasable","17":"product-type-simple"},"_links":{"self":[{"href":"https:\/\/roveyayinevi.com.tr\/index.php\/wp-json\/wp\/v2\/product\/749722","targetHints":{"allow":["GET"]}}],"collection":[{"href":"https:\/\/roveyayinevi.com.tr\/index.php\/wp-json\/wp\/v2\/product"}],"about":[{"href":"https:\/\/roveyayinevi.com.tr\/index.php\/wp-json\/wp\/v2\/types\/product"}],"wp:attachment":[{"href":"https:\/\/roveyayinevi.com.tr\/index.php\/wp-json\/wp\/v2\/media?parent=749722"}],"wp:term":[{"taxonomy":"product_brand","embeddable":true,"href":"https:\/\/roveyayinevi.com.tr\/index.php\/wp-json\/wp\/v2\/product_brand?post=749722"},{"taxonomy":"product_cat","embeddable":true,"href":"https:\/\/roveyayinevi.com.tr\/index.php\/wp-json\/wp\/v2\/product_cat?post=749722"},{"taxonomy":"product_tag","embeddable":true,"href":"https:\/\/roveyayinevi.com.tr\/index.php\/wp-json\/wp\/v2\/product_tag?post=749722"}],"curies":[{"name":"wp","href":"https:\/\/api.w.org\/{rel}","templated":true}]}}