{"id":749721,"date":"2025-08-28T04:02:34","date_gmt":"2025-08-28T01:02:34","guid":{"rendered":"https:\/\/roveyayinevi.com.tr\/index.php\/urun\/hukuka-giris-ve-vatandaslik-bilgisi\/"},"modified":"2026-04-16T03:03:09","modified_gmt":"2026-04-16T00:03:09","slug":"hukuka-giris-ve-vatandaslik-bilgisi","status":"publish","type":"product","link":"https:\/\/roveyayinevi.com.tr\/index.php\/urun\/hukuka-giris-ve-vatandaslik-bilgisi\/","title":{"rendered":"Hukuka Giri\u015f ve Vatanda\u015fl\u0131k Bilgisi"},"content":{"rendered":"<p>Hukuka Giri\u015f ve Vatanda\u015fl\u0131k Bilgisi Demokrasi ve \u0130nsan Haklar\u0131<\/p>\n","protected":false},"excerpt":{"rendered":"<p>Hukuka Giri\u015f ve Vatanda\u015fl\u0131k Bilgisi Demokrasi ve \u0130nsan Haklar\u0131<\/p>\n","protected":false},"featured_media":0,"template":"","meta":{"_monsterinsights_skip_tracking":false,"_monsterinsights_sitenote_active":false,"_monsterinsights_sitenote_note":"","_monsterinsights_sitenote_category":0},"product_brand":[],"product_cat":[15350,17602],"product_tag":[],"class_list":{"0":"post-749721","1":"product","2":"type-product","3":"status-publish","5":"product_cat-hukuk","6":"product_cat-hukuk-uzerine","7":"pa_cilt-ciltsiz","8":"pa_tur-kitap","9":"pa_yayinevi-gazi-kitabevi","10":"pa_yazar-ahmet-ciftci","12":"first","13":"instock","14":"sale","15":"shipping-taxable","16":"purchasable","17":"product-type-simple"},"_links":{"self":[{"href":"https:\/\/roveyayinevi.com.tr\/index.php\/wp-json\/wp\/v2\/product\/749721","targetHints":{"allow":["GET"]}}],"collection":[{"href":"https:\/\/roveyayinevi.com.tr\/index.php\/wp-json\/wp\/v2\/product"}],"about":[{"href":"https:\/\/roveyayinevi.com.tr\/index.php\/wp-json\/wp\/v2\/types\/product"}],"wp:attachment":[{"href":"https:\/\/roveyayinevi.com.tr\/index.php\/wp-json\/wp\/v2\/media?parent=749721"}],"wp:term":[{"taxonomy":"product_brand","embeddable":true,"href":"https:\/\/roveyayinevi.com.tr\/index.php\/wp-json\/wp\/v2\/product_brand?post=749721"},{"taxonomy":"product_cat","embeddable":true,"href":"https:\/\/roveyayinevi.com.tr\/index.php\/wp-json\/wp\/v2\/product_cat?post=749721"},{"taxonomy":"product_tag","embeddable":true,"href":"https:\/\/roveyayinevi.com.tr\/index.php\/wp-json\/wp\/v2\/product_tag?post=749721"}],"curies":[{"name":"wp","href":"https:\/\/api.w.org\/{rel}","templated":true}]}}