{"id":749720,"date":"2025-08-28T04:02:33","date_gmt":"2025-08-28T01:02:33","guid":{"rendered":"https:\/\/roveyayinevi.com.tr\/index.php\/urun\/multidisipliner-yaklasimla-guncel-spor-arastirmalari-1\/"},"modified":"2026-04-16T03:03:09","modified_gmt":"2026-04-16T00:03:09","slug":"multidisipliner-yaklasimla-guncel-spor-arastirmalari-1","status":"publish","type":"product","link":"https:\/\/roveyayinevi.com.tr\/index.php\/urun\/multidisipliner-yaklasimla-guncel-spor-arastirmalari-1\/","title":{"rendered":"Multidisipliner Yakla\u015f\u0131mla G\u00fcncel Spor Ara\u015ft\u0131rmalar\u0131 &#8211; 1"},"content":{"rendered":"<p>Multidisipliner Yakla\u015f\u0131mla G\u00fcncel Spor Ara\u015ft\u0131rmalar\u0131 &#8211; 1<\/p>\n","protected":false},"excerpt":{"rendered":"<p>Multidisipliner Yakla\u015f\u0131mla G\u00fcncel Spor Ara\u015ft\u0131rmalar\u0131 &#8211; 1<\/p>\n","protected":false},"featured_media":0,"template":"","meta":{"_monsterinsights_skip_tracking":false,"_monsterinsights_sitenote_active":false,"_monsterinsights_sitenote_note":"","_monsterinsights_sitenote_category":0},"product_brand":[],"product_cat":[13005,37328],"product_tag":[],"class_list":{"0":"post-749720","1":"product","2":"type-product","3":"status-publish","5":"product_cat-bilim-muhendislik","6":"product_cat-diger-bilim-muhendislik","7":"pa_cilt-ciltsiz","8":"pa_tur-kitap","9":"pa_yayinevi-gazi-kitabevi","10":"pa_yazar-kolektif","12":"first","13":"instock","14":"sale","15":"shipping-taxable","16":"purchasable","17":"product-type-simple"},"_links":{"self":[{"href":"https:\/\/roveyayinevi.com.tr\/index.php\/wp-json\/wp\/v2\/product\/749720","targetHints":{"allow":["GET"]}}],"collection":[{"href":"https:\/\/roveyayinevi.com.tr\/index.php\/wp-json\/wp\/v2\/product"}],"about":[{"href":"https:\/\/roveyayinevi.com.tr\/index.php\/wp-json\/wp\/v2\/types\/product"}],"wp:attachment":[{"href":"https:\/\/roveyayinevi.com.tr\/index.php\/wp-json\/wp\/v2\/media?parent=749720"}],"wp:term":[{"taxonomy":"product_brand","embeddable":true,"href":"https:\/\/roveyayinevi.com.tr\/index.php\/wp-json\/wp\/v2\/product_brand?post=749720"},{"taxonomy":"product_cat","embeddable":true,"href":"https:\/\/roveyayinevi.com.tr\/index.php\/wp-json\/wp\/v2\/product_cat?post=749720"},{"taxonomy":"product_tag","embeddable":true,"href":"https:\/\/roveyayinevi.com.tr\/index.php\/wp-json\/wp\/v2\/product_tag?post=749720"}],"curies":[{"name":"wp","href":"https:\/\/api.w.org\/{rel}","templated":true}]}}