{"id":749718,"date":"2025-08-28T04:02:32","date_gmt":"2025-08-28T01:02:32","guid":{"rendered":"https:\/\/roveyayinevi.com.tr\/index.php\/urun\/kayak-tarihi\/"},"modified":"2026-04-16T03:03:09","modified_gmt":"2026-04-16T00:03:09","slug":"kayak-tarihi","status":"publish","type":"product","link":"https:\/\/roveyayinevi.com.tr\/index.php\/urun\/kayak-tarihi\/","title":{"rendered":"Kayak Tarihi"},"content":{"rendered":"<p>Bu eserde kar ayakkab\u0131lar\u0131n\u0131n ve kaya\u011f\u0131n kimler taraf\u0131ndan icat edildi\u011fi, hangi ama\u00e7larla kullan\u0131ld\u0131\u011f\u0131, kaya\u011f\u0131 sportif ama\u00e7la ilk olarak kimlerin yapt\u0131\u011f\u0131, bug\u00fcne kadar d\u00fczenlenen olimpiyat oyunlar\u0131 ile sonu\u00e7lar\u0131, T\u00fcrkiye&#8217;de kaya\u011f\u0131n ba\u015flamas\u0131 ve ge\u00e7irdi\u011fi evreler belgeli, bilimsel ve akademik bir yakla\u015f\u0131mla sunulmaya \u00e7al\u0131\u015f\u0131lm\u0131\u015f.<\/p>\n","protected":false},"excerpt":{"rendered":"<p>Bu eserde kar ayakkab\u0131lar\u0131n\u0131n ve kaya\u011f\u0131n kimler taraf\u0131ndan icat edildi\u011fi, hangi ama\u00e7larla kullan\u0131ld\u0131\u011f\u0131, kaya\u011f\u0131 sportif ama\u00e7la ilk olarak kimlerin yapt\u0131\u011f\u0131, bug\u00fcne kadar d\u00fczenlenen olimpiyat oyunlar\u0131 ile<span class=\"excerpt-hellip\"> [\u2026]<\/span><\/p>\n","protected":false},"featured_media":0,"template":"","meta":{"_monsterinsights_skip_tracking":false,"_monsterinsights_sitenote_active":false,"_monsterinsights_sitenote_note":"","_monsterinsights_sitenote_category":0},"product_brand":[],"product_cat":[15563,15564],"product_tag":[],"class_list":{"0":"post-749718","1":"product","2":"type-product","3":"status-publish","5":"product_cat-hobi","6":"product_cat-spor","7":"pa_cilt-ciltsiz","8":"pa_tur-kitap","9":"pa_yayinevi-gazi-kitabevi","10":"pa_yazar-yavuz-tanyeri","12":"first","13":"instock","14":"sale","15":"shipping-taxable","16":"purchasable","17":"product-type-simple"},"_links":{"self":[{"href":"https:\/\/roveyayinevi.com.tr\/index.php\/wp-json\/wp\/v2\/product\/749718","targetHints":{"allow":["GET"]}}],"collection":[{"href":"https:\/\/roveyayinevi.com.tr\/index.php\/wp-json\/wp\/v2\/product"}],"about":[{"href":"https:\/\/roveyayinevi.com.tr\/index.php\/wp-json\/wp\/v2\/types\/product"}],"wp:attachment":[{"href":"https:\/\/roveyayinevi.com.tr\/index.php\/wp-json\/wp\/v2\/media?parent=749718"}],"wp:term":[{"taxonomy":"product_brand","embeddable":true,"href":"https:\/\/roveyayinevi.com.tr\/index.php\/wp-json\/wp\/v2\/product_brand?post=749718"},{"taxonomy":"product_cat","embeddable":true,"href":"https:\/\/roveyayinevi.com.tr\/index.php\/wp-json\/wp\/v2\/product_cat?post=749718"},{"taxonomy":"product_tag","embeddable":true,"href":"https:\/\/roveyayinevi.com.tr\/index.php\/wp-json\/wp\/v2\/product_tag?post=749718"}],"curies":[{"name":"wp","href":"https:\/\/api.w.org\/{rel}","templated":true}]}}