{"id":749715,"date":"2025-08-28T04:02:29","date_gmt":"2025-08-28T01:02:29","guid":{"rendered":"https:\/\/roveyayinevi.com.tr\/index.php\/urun\/farkli-treadmill-kosu-protokollerinin-bazi-fiziksel-ve-fizyolojik-parametreler-uzerine-etkisi\/"},"modified":"2026-04-16T03:03:09","modified_gmt":"2026-04-16T00:03:09","slug":"farkli-treadmill-kosu-protokollerinin-bazi-fiziksel-ve-fizyolojik-parametreler-uzerine-etkisi","status":"publish","type":"product","link":"https:\/\/roveyayinevi.com.tr\/index.php\/urun\/farkli-treadmill-kosu-protokollerinin-bazi-fiziksel-ve-fizyolojik-parametreler-uzerine-etkisi\/","title":{"rendered":"Farkl\u0131 Treadmill Ko\u015fu Protokollerinin Baz\u0131 Fiziksel ve Fizyolojik Parametreler \u00dczerine Etkisi"},"content":{"rendered":"<p>\u0130\u00e7indekiler     \u015eEK\u0130LLER D\u0130Z\u0130N\u0130 TABLOLAR D\u0130Z\u0130N\u0130 1. G\u0130R\u0130\u015e 2. GENEL B\u0130LG\u0130LER 2.1. Boks ve Fizyolojik \u00d6zellikleri 2.2. Antrenman ve Egzersiz 2.2.1. Dayan\u0131kl\u0131l\u0131k 2.2.1.1. Kaslar\u0131n Enerji Kullan\u0131m\u0131 A\u00e7\u0131s\u0131ndan Dayan\u0131kl\u0131l\u0131k 2.2.1.2. S\u00fcreye G\u00f6re Dayan\u0131kl\u0131l\u0131k 2.2.1.3. Di\u011fer Motorik \u00d6zelliklerle \u0130li\u015fkisi A\u00e7\u0131s\u0131ndan Dayan\u0131kl\u0131l\u0131k 2.2.1.4. Enerji Olu\u015fumuna G\u00f6re Dayan\u0131kl\u0131l\u0131k 2.2.2. Dayan\u0131kl\u0131l\u0131k Antrenman\u0131 Metotlar\u0131 2.2.2.1. Devaml\u0131 Y\u00fcklenme 2.2.2.2. \u0130nterval Y\u00fcklenme 2.2.2.3. Ekstensive \u0130nterval Y\u00fcklenme 2.2.2.4. \u0130ntensive \u0130nterval Y\u00fcklenme 2.2.2.5. Tekrar Y\u00fcklenme 2.2.3. Hematolojik Parametreler 2.2.3.1. Eritrositler (RBC)   2.2.3.2. L\u00f6k\u00f6sitler (WBC) 2.2.3.3. Trombositler (PLT) 2.2.3.4. Hemoglobin (HGB) 2.2.3.5. Hematokrit (HCT) 2.2.3.6. Ortalama Eritrosit Vol\u00fcm\u00fc (MCV) 2.2.3.7. Ortalama Hemoglobin (MCH) 2.2.3.8. Eritrosit Hemoglobin Konsantrasyonu (MCHC) 2.2.4. Biyokimyasal Parametreler 2.2.4.1. Sodyum (NA) 2.2.4.2. Kreatin Kinaz (CK) 2.2.4.3. Laktat Dehidrogenaz (LDH) 2.2.4.4. Glikoz 2.2.4.5. \u0130nsulin 2.2.4.6. Tiroid Uyar\u0131c\u0131 Hormon (TSH) 2.2.4.7. Tiroit Hormonlar\u0131 2.2.4.8. Kortizol hormonu 2.2.4.9. Kan Lipidleri 2.2.4.10. Laktat 2.2.4.11. \u0130risin Hormonu 3. MATERYAL VE METOT 3.1. Ara\u015ft\u0131rma Grubu 3.2. Antrenman Program\u0131 3.3. Ara\u015ft\u0131rmada Uygulanan \u00d6l\u00e7\u00fcm ve Testler 3.3.1. Ya\u015f 3.3.2. Boy \u00d6l\u00e7\u00fcm\u00fc 3.3.3. Sporcular\u0131n V\u00fccut A\u011f\u0131rl\u0131\u011f\u0131 \u00d6l\u00e7\u00fcm\u00fc, V\u00fccut Ya\u011f Y\u00fczdesi, V\u00fccut Ya\u011f K\u00fctlesi. Ya\u011fs\u0131z V\u00fccut Kitlesi ve V\u00fccut Kitle \u0130ndeksi \u00d6l\u00e7\u00fcmleri 3.3.4. Sporcular\u0131n Kalp At\u0131m H\u0131z\u0131 \u00d6l\u00e7\u00fcmleri 3.3.5. Sporcular\u0131n Laktat \u00d6l\u00e7\u00fcmleri 3.3.6. 20 Metre Mekik Ko\u015fusu (Shuttle Run) Testi 3.3.7. Hemogram ve Biyokimyasal \u00d6l\u00e7\u00fcmleri 3.4. Verilerin Analizi 4. BULGULAR 5. TARTI\u015eMA 6. SONU\u00c7 VE \u00d6NER\u0130LER KAYNAKLAR<\/p>\n","protected":false},"excerpt":{"rendered":"<p>\u0130\u00e7indekiler \u015eEK\u0130LLER D\u0130Z\u0130N\u0130 TABLOLAR D\u0130Z\u0130N\u0130 1. G\u0130R\u0130\u015e 2. GENEL B\u0130LG\u0130LER 2.1. Boks ve Fizyolojik \u00d6zellikleri 2.2. Antrenman ve Egzersiz 2.2.1. Dayan\u0131kl\u0131l\u0131k 2.2.1.1. Kaslar\u0131n Enerji Kullan\u0131m\u0131 A\u00e7\u0131s\u0131ndan<span class=\"excerpt-hellip\"> [\u2026]<\/span><\/p>\n","protected":false},"featured_media":0,"template":"","meta":{"_monsterinsights_skip_tracking":false,"_monsterinsights_sitenote_active":false,"_monsterinsights_sitenote_note":"","_monsterinsights_sitenote_category":0},"product_brand":[],"product_cat":[15563,15564],"product_tag":[],"class_list":{"0":"post-749715","1":"product","2":"type-product","3":"status-publish","5":"product_cat-hobi","6":"product_cat-spor","7":"pa_cilt-ciltsiz","8":"pa_tur-kitap","9":"pa_yayinevi-gazi-kitabevi","10":"pa_yazar-murat-ozan","12":"first","13":"instock","14":"sale","15":"shipping-taxable","16":"purchasable","17":"product-type-simple"},"_links":{"self":[{"href":"https:\/\/roveyayinevi.com.tr\/index.php\/wp-json\/wp\/v2\/product\/749715","targetHints":{"allow":["GET"]}}],"collection":[{"href":"https:\/\/roveyayinevi.com.tr\/index.php\/wp-json\/wp\/v2\/product"}],"about":[{"href":"https:\/\/roveyayinevi.com.tr\/index.php\/wp-json\/wp\/v2\/types\/product"}],"wp:attachment":[{"href":"https:\/\/roveyayinevi.com.tr\/index.php\/wp-json\/wp\/v2\/media?parent=749715"}],"wp:term":[{"taxonomy":"product_brand","embeddable":true,"href":"https:\/\/roveyayinevi.com.tr\/index.php\/wp-json\/wp\/v2\/product_brand?post=749715"},{"taxonomy":"product_cat","embeddable":true,"href":"https:\/\/roveyayinevi.com.tr\/index.php\/wp-json\/wp\/v2\/product_cat?post=749715"},{"taxonomy":"product_tag","embeddable":true,"href":"https:\/\/roveyayinevi.com.tr\/index.php\/wp-json\/wp\/v2\/product_tag?post=749715"}],"curies":[{"name":"wp","href":"https:\/\/api.w.org\/{rel}","templated":true}]}}