{"id":749714,"date":"2025-08-28T04:02:28","date_gmt":"2025-08-28T01:02:28","guid":{"rendered":"https:\/\/roveyayinevi.com.tr\/index.php\/urun\/teori-ve-uygulamada-vergi-odeme-gucu\/"},"modified":"2026-04-16T03:03:09","modified_gmt":"2026-04-16T00:03:09","slug":"teori-ve-uygulamada-vergi-odeme-gucu","status":"publish","type":"product","link":"https:\/\/roveyayinevi.com.tr\/index.php\/urun\/teori-ve-uygulamada-vergi-odeme-gucu\/","title":{"rendered":"Teori ve Uygulamada Vergi \u00d6deme G\u00fcc\u00fc"},"content":{"rendered":"<p>1- vergilemenin me\u015fruiyeti vergilendirme ilkeleri ve vergi \u00f6deme  g\u00fcc\u00fc ilkesi aras\u0131ndaki ili\u015fki 2-vergilemede \u00f6deme g\u00fcc\u00fc kuram\u0131 ve \u00f6deme g\u00fcc\u00fcn\u00fc kavramaya y\u00f6nelik uygulamalar 3-T\u00fcrk gelir mevzuat\u0131nda \u00f6deme g\u00fcc\u00fcne y\u00f6nelik d\u00fczenlemeler ve t\u00fcrk vergi sisteminde gelir vergisinin \u00f6deme g\u00fcc\u00fcn\u00fc kavramas\u0131 a\u00e7\u0131s\u0131ndan de\u011ferlendirilmesi<\/p>\n","protected":false},"excerpt":{"rendered":"<p>1- vergilemenin me\u015fruiyeti vergilendirme ilkeleri ve vergi \u00f6deme g\u00fcc\u00fc ilkesi aras\u0131ndaki ili\u015fki 2-vergilemede \u00f6deme g\u00fcc\u00fc kuram\u0131 ve \u00f6deme g\u00fcc\u00fcn\u00fc kavramaya y\u00f6nelik uygulamalar 3-T\u00fcrk gelir mevzuat\u0131nda \u00f6deme<span class=\"excerpt-hellip\"> [\u2026]<\/span><\/p>\n","protected":false},"featured_media":0,"template":"","meta":{"_monsterinsights_skip_tracking":false,"_monsterinsights_sitenote_active":false,"_monsterinsights_sitenote_note":"","_monsterinsights_sitenote_category":0},"product_brand":[],"product_cat":[20333,13043],"product_tag":[],"class_list":{"0":"post-749714","1":"product","2":"type-product","3":"status-publish","5":"product_cat-diger-ekonomi","6":"product_cat-ekonomi","7":"pa_cilt-ciltsiz","8":"pa_tur-kitap","9":"pa_yayinevi-gazi-kitabevi","10":"pa_yazar-selin-erturk-atabey","12":"first","13":"instock","14":"sale","15":"shipping-taxable","16":"purchasable","17":"product-type-simple"},"_links":{"self":[{"href":"https:\/\/roveyayinevi.com.tr\/index.php\/wp-json\/wp\/v2\/product\/749714","targetHints":{"allow":["GET"]}}],"collection":[{"href":"https:\/\/roveyayinevi.com.tr\/index.php\/wp-json\/wp\/v2\/product"}],"about":[{"href":"https:\/\/roveyayinevi.com.tr\/index.php\/wp-json\/wp\/v2\/types\/product"}],"wp:attachment":[{"href":"https:\/\/roveyayinevi.com.tr\/index.php\/wp-json\/wp\/v2\/media?parent=749714"}],"wp:term":[{"taxonomy":"product_brand","embeddable":true,"href":"https:\/\/roveyayinevi.com.tr\/index.php\/wp-json\/wp\/v2\/product_brand?post=749714"},{"taxonomy":"product_cat","embeddable":true,"href":"https:\/\/roveyayinevi.com.tr\/index.php\/wp-json\/wp\/v2\/product_cat?post=749714"},{"taxonomy":"product_tag","embeddable":true,"href":"https:\/\/roveyayinevi.com.tr\/index.php\/wp-json\/wp\/v2\/product_tag?post=749714"}],"curies":[{"name":"wp","href":"https:\/\/api.w.org\/{rel}","templated":true}]}}