{"id":749712,"date":"2025-08-28T04:02:26","date_gmt":"2025-08-28T01:02:26","guid":{"rendered":"https:\/\/roveyayinevi.com.tr\/index.php\/urun\/once-ben-sonra-biz\/"},"modified":"2026-04-16T03:03:09","modified_gmt":"2026-04-16T00:03:09","slug":"once-ben-sonra-biz","status":"publish","type":"product","link":"https:\/\/roveyayinevi.com.tr\/index.php\/urun\/once-ben-sonra-biz\/","title":{"rendered":"\u00d6nce Ben Sonra Biz"},"content":{"rendered":"<p>Kendini sevmek bo\u015f bir barda\u011f\u0131 suyla doldurmak gibidir.Barda\u011f\u0131 doldurdu\u011funda sevgin ba\u015fkas\u0131na ta\u015fabilir. Belki de \u00e7ekici birisin ama fark\u0131nda de\u011filsin. O halde kendinde, \u00e7ekici oldu\u011funu kan\u0131tlayan yedi ipucunu ara!Birinin senden ho\u015flan\u0131p ho\u015flanmad\u0131\u011f\u0131n\u0131 anlaman\u0131n s\u00f6zs\u00fcz i\u015faretlerini takip et!Birinden ho\u015fland\u0131\u011f\u0131n anda senden ka\u00e7\u0131yorsa bu i\u015fte bir terslik var. Bilmeden yapt\u0131\u011f\u0131n hatalar\u0131 fark etmen \u015fart!Kad\u0131nlar\u0131n erkeklerde arad\u0131\u011f\u0131 \u00f6zellikleri bilmek isteyen var m\u0131?Peki, erkeklerin kad\u0131nlarda arad\u0131\u011f\u0131 \u00f6zellikleri bilmek isteyenler burada m\u0131?On ad\u0131mda kendini sevebilme rehberi bakal\u0131msizlere neler kazand\u0131racak! Sa\u011fl\u0131kl\u0131 bir ili\u015fkiye ba\u015flayabilmenin, \u00f6zg\u00fcvenle fl\u00f6rt edebilmenin ve bir ili\u015fkiyi s\u00fcrd\u00fcrebilmenin \u00f6nko\u015fulu \u00d6NCE BEN SONRA B\u0130Z diyebilmekten ge\u00e7iyor. Niyazi Harmanba\u015f\u0131 yaln\u0131zlara, ili\u015fkilerinde diki\u015f tutturamam\u0131\u015flara, bir k\u00fcsk\u00fcn bir bar\u0131\u015f\u0131klara adeta ba\u015fucu kitab\u0131 haz\u0131rlam\u0131\u015f. Uzun s\u00fcreli, de\u011fer g\u00f6r\u00fclen, sevgi ve \u015fefkatle sar\u0131l\u0131 bir ili\u015fki hayali olanlar \u00d6NCE BEN SONRA B\u0130Z\u2019i elinden d\u00fc\u015f\u00fcremeyecek.<\/p>\n","protected":false},"excerpt":{"rendered":"<p>Kendini sevmek bo\u015f bir barda\u011f\u0131 suyla doldurmak gibidir.Barda\u011f\u0131 doldurdu\u011funda sevgin ba\u015fkas\u0131na ta\u015fabilir. Belki de \u00e7ekici birisin ama fark\u0131nda de\u011filsin. O halde kendinde, \u00e7ekici oldu\u011funu kan\u0131tlayan yedi<span class=\"excerpt-hellip\"> [\u2026]<\/span><\/p>\n","protected":false},"featured_media":0,"template":"","meta":{"_monsterinsights_skip_tracking":false,"_monsterinsights_sitenote_active":false,"_monsterinsights_sitenote_note":"","_monsterinsights_sitenote_category":0},"product_brand":[],"product_cat":[12364,12376],"product_tag":[],"class_list":{"0":"post-749712","1":"product","2":"type-product","3":"status-publish","5":"product_cat-genel-konular","6":"product_cat-kisisel-gelisim","7":"pa_cilt-ciltsiz","8":"pa_tur-kitap","9":"pa_yayinevi-nemesis-kitap","10":"pa_yazar-niyazi-harmanbasi","12":"first","13":"instock","14":"sale","15":"shipping-taxable","16":"purchasable","17":"product-type-simple"},"_links":{"self":[{"href":"https:\/\/roveyayinevi.com.tr\/index.php\/wp-json\/wp\/v2\/product\/749712","targetHints":{"allow":["GET"]}}],"collection":[{"href":"https:\/\/roveyayinevi.com.tr\/index.php\/wp-json\/wp\/v2\/product"}],"about":[{"href":"https:\/\/roveyayinevi.com.tr\/index.php\/wp-json\/wp\/v2\/types\/product"}],"wp:attachment":[{"href":"https:\/\/roveyayinevi.com.tr\/index.php\/wp-json\/wp\/v2\/media?parent=749712"}],"wp:term":[{"taxonomy":"product_brand","embeddable":true,"href":"https:\/\/roveyayinevi.com.tr\/index.php\/wp-json\/wp\/v2\/product_brand?post=749712"},{"taxonomy":"product_cat","embeddable":true,"href":"https:\/\/roveyayinevi.com.tr\/index.php\/wp-json\/wp\/v2\/product_cat?post=749712"},{"taxonomy":"product_tag","embeddable":true,"href":"https:\/\/roveyayinevi.com.tr\/index.php\/wp-json\/wp\/v2\/product_tag?post=749712"}],"curies":[{"name":"wp","href":"https:\/\/api.w.org\/{rel}","templated":true}]}}