{"id":749709,"date":"2025-08-28T04:02:23","date_gmt":"2025-08-28T01:02:23","guid":{"rendered":"https:\/\/roveyayinevi.com.tr\/index.php\/urun\/muhendislik-bilimlerinde-guncel-yaklasimlar\/"},"modified":"2026-04-16T03:03:09","modified_gmt":"2026-04-16T00:03:09","slug":"muhendislik-bilimlerinde-guncel-yaklasimlar","status":"publish","type":"product","link":"https:\/\/roveyayinevi.com.tr\/index.php\/urun\/muhendislik-bilimlerinde-guncel-yaklasimlar\/","title":{"rendered":"M\u00fchendislik Bilimlerinde G\u00fcncel Yakla\u015f\u0131mlar"},"content":{"rendered":"<p>M\u00fchendisler, tekerle\u011fin icad\u0131ndan elektrikli ara\u00e7lara kadar \u00fcrettikleri \u00fcr\u00fcn ve fikirler ile ya\u015fam tarz\u0131n\u0131n \u015fekillenmesinde b\u00fcy\u00fck katk\u0131da bulunmu\u015flard\u0131r. \u0130nsan yarad\u0131l\u0131\u015f\u0131ndaki zor i\u015fleri kolay hale getirebilme d\u00fcrt\u00fcs\u00fcn\u00fcn sonucu olarak yeme, i\u00e7me ve bar\u0131nma gibi temel eylemlerin tamam\u0131nda teknolojinin etkileri a\u015fik\u00e2rd\u0131r. Bu teknolojilerin \u00fcretiminde temel k\u00f6\u015fe ta\u015f\u0131 elbette ki m\u00fchendislerdir. Temel ihtiya\u00e7lar\u0131n d\u0131\u015f\u0131nda, sa\u011fl\u0131ktan ileti\u015fime, ula\u015f\u0131mdan e\u011flenceye g\u00fcnl\u00fck hayat\u0131m\u0131zdaki bir\u00e7ok eylemin s\u0131n\u0131rlar\u0131n\u0131n belirlenmesinde m\u00fchendislik \u00fcr\u00fcnlerinin ve fikirlerinin varl\u0131\u011f\u0131 yads\u0131namaz. Geli\u015fen ve de\u011fi\u015fen hayat standartlar\u0131n\u0131 belirleyen m\u00fchendislik \u00e7\u0131kt\u0131lar\u0131n\u0131n \u00f6n\u00fcm\u00fczdeki y\u0131llarda hayat\u0131m\u0131z\u0131 nas\u0131l de\u011fi\u015ftirece\u011fini anlayabilmek i\u00e7in bu teknolojileri bilmek hayati \u00f6neme sahiptir. Bu \u00e7al\u0131\u015fmada, farkl\u0131 m\u00fchendislik disiplinleri i\u00e7erisindeki mevcut uygulamalardan baz\u0131lar\u0131 hakk\u0131nda yenilik\u00e7i y\u00f6ntemler veya mevcut y\u00f6ntemlerde yap\u0131lan g\u00fcncelle\u015ftirmeler vurgulanmaktad\u0131r. Lisans veya lisans\u00fcst\u00fc \u00f6\u011frenci ve meslekta\u015flar\u0131m\u0131za bu kitap arac\u0131l\u0131\u011f\u0131 ile m\u00fchendisli\u011fin heyecan verici d\u00fcnyas\u0131ndaki bizleri bekleyen olas\u0131l\u0131klar konusunda k\u00fc\u00e7\u00fck bir kap\u0131 aralamay\u0131 \u00fcmit etmekteyiz.<\/p>\n","protected":false},"excerpt":{"rendered":"<p>M\u00fchendisler, tekerle\u011fin icad\u0131ndan elektrikli ara\u00e7lara kadar \u00fcrettikleri \u00fcr\u00fcn ve fikirler ile ya\u015fam tarz\u0131n\u0131n \u015fekillenmesinde b\u00fcy\u00fck katk\u0131da bulunmu\u015flard\u0131r. \u0130nsan yarad\u0131l\u0131\u015f\u0131ndaki zor i\u015fleri kolay hale getirebilme d\u00fcrt\u00fcs\u00fcn\u00fcn sonucu<span class=\"excerpt-hellip\"> [\u2026]<\/span><\/p>\n","protected":false},"featured_media":0,"template":"","meta":{"_monsterinsights_skip_tracking":false,"_monsterinsights_sitenote_active":false,"_monsterinsights_sitenote_note":"","_monsterinsights_sitenote_category":0},"product_brand":[],"product_cat":[13005,18664],"product_tag":[],"class_list":{"0":"post-749709","1":"product","2":"type-product","3":"status-publish","5":"product_cat-bilim-muhendislik","6":"product_cat-muhendislik","7":"pa_cilt-ciltsiz","8":"pa_tur-kitap","9":"pa_yayinevi-platanus-publishing","10":"pa_yazar-kolektif","12":"first","13":"instock","14":"sale","15":"shipping-taxable","16":"purchasable","17":"product-type-simple"},"_links":{"self":[{"href":"https:\/\/roveyayinevi.com.tr\/index.php\/wp-json\/wp\/v2\/product\/749709","targetHints":{"allow":["GET"]}}],"collection":[{"href":"https:\/\/roveyayinevi.com.tr\/index.php\/wp-json\/wp\/v2\/product"}],"about":[{"href":"https:\/\/roveyayinevi.com.tr\/index.php\/wp-json\/wp\/v2\/types\/product"}],"wp:attachment":[{"href":"https:\/\/roveyayinevi.com.tr\/index.php\/wp-json\/wp\/v2\/media?parent=749709"}],"wp:term":[{"taxonomy":"product_brand","embeddable":true,"href":"https:\/\/roveyayinevi.com.tr\/index.php\/wp-json\/wp\/v2\/product_brand?post=749709"},{"taxonomy":"product_cat","embeddable":true,"href":"https:\/\/roveyayinevi.com.tr\/index.php\/wp-json\/wp\/v2\/product_cat?post=749709"},{"taxonomy":"product_tag","embeddable":true,"href":"https:\/\/roveyayinevi.com.tr\/index.php\/wp-json\/wp\/v2\/product_tag?post=749709"}],"curies":[{"name":"wp","href":"https:\/\/api.w.org\/{rel}","templated":true}]}}