{"id":749705,"date":"2025-08-28T04:02:18","date_gmt":"2025-08-28T01:02:18","guid":{"rendered":"https:\/\/roveyayinevi.com.tr\/index.php\/urun\/anlayisin-kitabi\/"},"modified":"2026-04-16T03:03:09","modified_gmt":"2026-04-16T00:03:09","slug":"anlayisin-kitabi","status":"publish","type":"product","link":"https:\/\/roveyayinevi.com.tr\/index.php\/urun\/anlayisin-kitabi\/","title":{"rendered":"Anlay\u0131\u015f\u0131n Kitab\u0131"},"content":{"rendered":"<p>\u00d6zgu\u0308rlu\u0308\u011fe uzanan yol sorularla ve belirsizliklerle doludur. Kim oldu\u011funu ger\u00e7ekten bilmen mu\u0308mku\u0308n mu\u0308? Hayatlar\u0131m\u0131z\u0131n bir anlam\u0131 var m\u0131 yoksa sadece rastlant\u0131sal m\u0131? Katk\u0131da bulunmak, var olmak, yaratmak ve payla\u015fmak i\u00e7in ne yapabiliriz? Anlay\u0131\u015f\u0131n Kitab\u0131\u2019nda, zaman\u0131m\u0131z\u0131n en provokatif du\u0308\u015fu\u0308nu\u0308rlerinden biri olan Osho bizi du\u0308nyam\u0131z\u0131 ve kendimizi yeni ve radikal bir \u015fekilde anlamaya y\u00f6nlendiriyor. Osho\u2019ya kal\u0131rsa anlamak i\u00e7in at\u0131lan ilk ad\u0131m bize inanmam\u0131z i\u00e7in \u00f6\u011fretilen her \u015feyi sorgulamak ve ku\u015fkulanmakt\u0131r.   Tu\u0308m hayat\u0131m\u0131z boyunca bize s\u00f6zde ger\u00e7e\u011fi \u00f6\u011freten say\u0131s\u0131z insan oldu\u2026 ko\u015fulsuz kabul etmemiz gereken inan\u00e7lar. Ancak inan\u00e7lar\u0131m\u0131z\u0131, varsay\u0131mlar\u0131m\u0131z\u0131, ve \u00f6nyarg\u0131lar\u0131m\u0131z\u0131 sorgulayarak kendi e\u015fsiz sesimizi ke\u015ffedebilir, i\u00e7imizdeki ve d\u0131\u015f\u0131m\u0131zdaki b\u00f6lu\u0308nmeleri iyile\u015ftirebiliriz.   \u00d6zgu\u0308n benli\u011fimizi ke\u015ffedince insanl\u0131k deneyiminin tu\u0308m y\u00f6nlerini kucaklayabiliriz: Yunan Zorba\u2019n\u0131n \u00f6zelli\u011fi olan du\u0308nyevi, haz-seven y\u00f6nlerimiz ve Gautam Buda\u2019n\u0131n g\u00f6zlemci, sessiz karakteri. O zaman bu\u0308tu\u0308n olabiliriz ve \u015fu anda toplumlar\u0131n ba\u015f\u0131na bela olan dini, politik, ku\u0308ltu\u0308rel b\u00f6lu\u0308nmelere yarat\u0131c\u0131l\u0131k, \u015fefkat ve bu\u0308tu\u0308ncu\u0308llu\u0308kle yan\u0131t verebiliriz. Osho bu devrimci \u00e7al\u0131\u015fmas\u0131yla bizi k\u0131s\u0131tlayan korku ve anlay\u0131\u015fs\u0131zl\u0131k du\u0308\u011fu\u0308mlerini \u00e7\u00f6zmemize yard\u0131m ederek \u00f6zgu\u0308rlu\u0308\u011fe uzanan kendi bireysel yolumuzu ke\u015ffetmemize ve yaratmam\u0131za yard\u0131mc\u0131 oluyor. <\/p>\n","protected":false},"excerpt":{"rendered":"<p>\u00d6zgu\u0308rlu\u0308\u011fe uzanan yol sorularla ve belirsizliklerle doludur. Kim oldu\u011funu ger\u00e7ekten bilmen mu\u0308mku\u0308n mu\u0308? Hayatlar\u0131m\u0131z\u0131n bir anlam\u0131 var m\u0131 yoksa sadece rastlant\u0131sal m\u0131? Katk\u0131da bulunmak, var olmak,<span class=\"excerpt-hellip\"> [\u2026]<\/span><\/p>\n","protected":false},"featured_media":0,"template":"","meta":{"_monsterinsights_skip_tracking":false,"_monsterinsights_sitenote_active":false,"_monsterinsights_sitenote_note":"","_monsterinsights_sitenote_category":0},"product_brand":[],"product_cat":[12364,12376],"product_tag":[],"class_list":{"0":"post-749705","1":"product","2":"type-product","3":"status-publish","5":"product_cat-genel-konular","6":"product_cat-kisisel-gelisim","7":"pa_cilt-ciltsiz","8":"pa_tur-kitap","9":"pa_yayinevi-butik-yayinlari","10":"pa_yazar-osho","12":"first","13":"instock","14":"sale","15":"shipping-taxable","16":"purchasable","17":"product-type-simple"},"_links":{"self":[{"href":"https:\/\/roveyayinevi.com.tr\/index.php\/wp-json\/wp\/v2\/product\/749705","targetHints":{"allow":["GET"]}}],"collection":[{"href":"https:\/\/roveyayinevi.com.tr\/index.php\/wp-json\/wp\/v2\/product"}],"about":[{"href":"https:\/\/roveyayinevi.com.tr\/index.php\/wp-json\/wp\/v2\/types\/product"}],"wp:attachment":[{"href":"https:\/\/roveyayinevi.com.tr\/index.php\/wp-json\/wp\/v2\/media?parent=749705"}],"wp:term":[{"taxonomy":"product_brand","embeddable":true,"href":"https:\/\/roveyayinevi.com.tr\/index.php\/wp-json\/wp\/v2\/product_brand?post=749705"},{"taxonomy":"product_cat","embeddable":true,"href":"https:\/\/roveyayinevi.com.tr\/index.php\/wp-json\/wp\/v2\/product_cat?post=749705"},{"taxonomy":"product_tag","embeddable":true,"href":"https:\/\/roveyayinevi.com.tr\/index.php\/wp-json\/wp\/v2\/product_tag?post=749705"}],"curies":[{"name":"wp","href":"https:\/\/api.w.org\/{rel}","templated":true}]}}