{"id":749704,"date":"2025-08-28T04:02:18","date_gmt":"2025-08-28T01:02:18","guid":{"rendered":"https:\/\/roveyayinevi.com.tr\/index.php\/urun\/psisik-cadi\/"},"modified":"2026-04-16T03:03:09","modified_gmt":"2026-04-16T00:03:09","slug":"psisik-cadi","status":"publish","type":"product","link":"https:\/\/roveyayinevi.com.tr\/index.php\/urun\/psisik-cadi\/","title":{"rendered":"Psi\u015fik Cad\u0131"},"content":{"rendered":"<p>Gu\u0308\u00e7lu\u0308 Bir Psi\u015fik Cad\u0131 Olman\u0131n S\u0131rlar\u0131n\u0131 Ortaya \u00c7\u0131kar\u0131n! Popu\u0308ler yazar ve cad\u0131 Mat Auryn, psi\u015fik ve sihirsel yeteneklerinizi ortaya \u00e7\u0131karman\u0131z ve heyecan verici yeni alanlara yu\u0308kseltmeniz i\u00e7in size en s\u0131k\u0131 korunan ipu\u00e7lar\u0131n\u0131, uygulamalar\u0131 ve meditasyonlar\u0131 a\u00e7\u0131kl\u0131yor. Doksandan fazla al\u0131\u015ft\u0131rma i\u00e7eren bu \u00e7\u0131\u011f\u0131r a\u00e7an kitap, sihirsel duyular\u0131n\u0131z\u0131 tam potansiyeline ula\u015ft\u0131rman\u0131zda size yard\u0131mc\u0131 oluyor. Cad\u0131l\u0131k ve medyumluk ayn\u0131 madalyonun iki yu\u0308zu\u0308du\u0308r; birbirlerini tamamlar ve gu\u0308\u00e7lendirirler. Psi\u015fik Cad\u0131 sadece enerjinin alg\u0131lanmas\u0131 ve manipu\u0308lasyonunda ustala\u015fman\u0131z i\u00e7in de\u011fil, ayn\u0131 zamanda her yerde ve her zaman sihir uygulayabilmeniz i\u00e7in ihtiyac\u0131n\u0131z olan her \u015feyi sa\u011fl\u0131yor. Bu d\u00e2hiyane kitap, size su\u0308btil enerjiyi yeni yollarla nas\u0131l kullanaca\u011f\u0131n\u0131z\u0131 ve alg\u0131lar\u0131n\u0131z\u0131 \u00e2n\u0131nda sihirsel sonu\u00e7lara nas\u0131l d\u00f6nu\u0308\u015ftu\u0308rece\u011finizi \u00f6\u011fretiyor. \u00d6zgu\u0308n benli\u011fimizi ke\u015ffedince insanl\u0131k deneyiminin tu\u0308m y\u00f6nlerini kucaklayabiliriz: Yunan Zorba\u2019n\u0131n \u00f6zelli\u011fi olan du\u0308nyevi, haz-seven y\u00f6nlerimiz ve Gautam Buda\u2019n\u0131n g\u00f6zlemci, sessiz karakteri. O zaman bu\u0308tu\u0308n olabiliriz ve \u015fu anda toplumlar\u0131n ba\u015f\u0131na bela olan dini, politik, ku\u0308ltu\u0308rel b\u00f6lu\u0308nmelere yarat\u0131c\u0131l\u0131k, \u015fefkat ve bu\u0308tu\u0308ncu\u0308llu\u0308kle yan\u0131t verebiliriz. Osho bu devrimci \u00e7al\u0131\u015fmas\u0131yla bizi k\u0131s\u0131tlayan korku ve anlay\u0131\u015fs\u0131zl\u0131k du\u0308\u011fu\u0308mlerini \u00e7\u00f6zmemize yard\u0131m ederek \u00f6zgu\u0308rlu\u0308\u011fe uzanan kendi bireysel yolumuzu ke\u015ffetmemize ve yaratmam\u0131za yard\u0131mc\u0131 oluyor.   <\/p>\n","protected":false},"excerpt":{"rendered":"<p>Gu\u0308\u00e7lu\u0308 Bir Psi\u015fik Cad\u0131 Olman\u0131n S\u0131rlar\u0131n\u0131 Ortaya \u00c7\u0131kar\u0131n! Popu\u0308ler yazar ve cad\u0131 Mat Auryn, psi\u015fik ve sihirsel yeteneklerinizi ortaya \u00e7\u0131karman\u0131z ve heyecan verici yeni alanlara yu\u0308kseltmeniz<span class=\"excerpt-hellip\"> [\u2026]<\/span><\/p>\n","protected":false},"featured_media":0,"template":"","meta":{"_monsterinsights_skip_tracking":false,"_monsterinsights_sitenote_active":false,"_monsterinsights_sitenote_note":"","_monsterinsights_sitenote_category":0},"product_brand":[],"product_cat":[12364,16154],"product_tag":[],"class_list":{"0":"post-749704","1":"product","2":"type-product","3":"status-publish","5":"product_cat-genel-konular","6":"product_cat-parapsikoloji","7":"pa_cilt-ciltsiz","8":"pa_tur-kitap","9":"pa_yayinevi-butik-yayinlari","10":"pa_yazar-mat-auryn","12":"first","13":"instock","14":"sale","15":"shipping-taxable","16":"purchasable","17":"product-type-simple"},"_links":{"self":[{"href":"https:\/\/roveyayinevi.com.tr\/index.php\/wp-json\/wp\/v2\/product\/749704","targetHints":{"allow":["GET"]}}],"collection":[{"href":"https:\/\/roveyayinevi.com.tr\/index.php\/wp-json\/wp\/v2\/product"}],"about":[{"href":"https:\/\/roveyayinevi.com.tr\/index.php\/wp-json\/wp\/v2\/types\/product"}],"wp:attachment":[{"href":"https:\/\/roveyayinevi.com.tr\/index.php\/wp-json\/wp\/v2\/media?parent=749704"}],"wp:term":[{"taxonomy":"product_brand","embeddable":true,"href":"https:\/\/roveyayinevi.com.tr\/index.php\/wp-json\/wp\/v2\/product_brand?post=749704"},{"taxonomy":"product_cat","embeddable":true,"href":"https:\/\/roveyayinevi.com.tr\/index.php\/wp-json\/wp\/v2\/product_cat?post=749704"},{"taxonomy":"product_tag","embeddable":true,"href":"https:\/\/roveyayinevi.com.tr\/index.php\/wp-json\/wp\/v2\/product_tag?post=749704"}],"curies":[{"name":"wp","href":"https:\/\/api.w.org\/{rel}","templated":true}]}}