{"id":749703,"date":"2025-08-28T04:02:16","date_gmt":"2025-08-28T01:02:16","guid":{"rendered":"https:\/\/roveyayinevi.com.tr\/index.php\/urun\/galileo-yildizlarin-habercisi\/"},"modified":"2026-04-16T03:03:09","modified_gmt":"2026-04-16T00:03:09","slug":"galileo-yildizlarin-habercisi","status":"publish","type":"product","link":"https:\/\/roveyayinevi.com.tr\/index.php\/urun\/galileo-yildizlarin-habercisi\/","title":{"rendered":"Galileo: Y\u0131ld\u0131zlar\u0131n Habercisi"},"content":{"rendered":"<p>1609 y\u0131l\u0131nda Galileo Galilei kendi teleskobunu yapt\u0131. Onunla gezegenleri, Ay&#8217;\u0131 ve G\u00fcne\u015f&#8217;i g\u00f6zlemledi. Bu g\u00f6zlemler sayesinde evrenin kendisine \u00f6\u011fretildi\u011fi gibi olmad\u0131\u011f\u0131n\u0131 ke\u015ffetti. Bulgular\u0131yla zaman\u0131n\u0131n bilim d\u00fcnyas\u0131n\u0131 \u015fa\u015f\u0131rtt\u0131. Galileo d\u00fcnyay\u0131 de\u011fi\u015ftirecek bir mesajla geldi. O y\u0131ld\u0131zlar\u0131n habercisiydi&#8230; <\/p>\n","protected":false},"excerpt":{"rendered":"<p>1609 y\u0131l\u0131nda Galileo Galilei kendi teleskobunu yapt\u0131. Onunla gezegenleri, Ay&#8217;\u0131 ve G\u00fcne\u015f&#8217;i g\u00f6zlemledi. Bu g\u00f6zlemler sayesinde evrenin kendisine \u00f6\u011fretildi\u011fi gibi olmad\u0131\u011f\u0131n\u0131 ke\u015ffetti. Bulgular\u0131yla zaman\u0131n\u0131n bilim d\u00fcnyas\u0131n\u0131<span class=\"excerpt-hellip\"> [\u2026]<\/span><\/p>\n","protected":false},"featured_media":0,"template":"","meta":{"_monsterinsights_skip_tracking":false,"_monsterinsights_sitenote_active":false,"_monsterinsights_sitenote_note":"","_monsterinsights_sitenote_category":0},"product_brand":[],"product_cat":[12689,12274],"product_tag":[],"class_list":{"0":"post-749703","1":"product","2":"type-product","3":"status-publish","5":"product_cat-cizgi-roman-cocuk-ve-genclik-kitaplari","6":"product_cat-cocuk-ve-genclik-kitaplari","7":"pa_cilt-ciltsiz","8":"pa_tur-kitap","9":"pa_yayinevi-epsilon-yayinlari","10":"pa_yazar-jordi-bayarri-dani-seijas","12":"first","13":"instock","14":"sale","15":"shipping-taxable","16":"purchasable","17":"product-type-simple"},"_links":{"self":[{"href":"https:\/\/roveyayinevi.com.tr\/index.php\/wp-json\/wp\/v2\/product\/749703","targetHints":{"allow":["GET"]}}],"collection":[{"href":"https:\/\/roveyayinevi.com.tr\/index.php\/wp-json\/wp\/v2\/product"}],"about":[{"href":"https:\/\/roveyayinevi.com.tr\/index.php\/wp-json\/wp\/v2\/types\/product"}],"wp:attachment":[{"href":"https:\/\/roveyayinevi.com.tr\/index.php\/wp-json\/wp\/v2\/media?parent=749703"}],"wp:term":[{"taxonomy":"product_brand","embeddable":true,"href":"https:\/\/roveyayinevi.com.tr\/index.php\/wp-json\/wp\/v2\/product_brand?post=749703"},{"taxonomy":"product_cat","embeddable":true,"href":"https:\/\/roveyayinevi.com.tr\/index.php\/wp-json\/wp\/v2\/product_cat?post=749703"},{"taxonomy":"product_tag","embeddable":true,"href":"https:\/\/roveyayinevi.com.tr\/index.php\/wp-json\/wp\/v2\/product_tag?post=749703"}],"curies":[{"name":"wp","href":"https:\/\/api.w.org\/{rel}","templated":true}]}}