{"id":749702,"date":"2025-08-28T04:02:15","date_gmt":"2025-08-28T01:02:15","guid":{"rendered":"https:\/\/roveyayinevi.com.tr\/index.php\/urun\/dogayi-ve-hayvanlari-seviyorum\/"},"modified":"2026-04-16T03:03:09","modified_gmt":"2026-04-16T00:03:09","slug":"dogayi-ve-hayvanlari-seviyorum","status":"publish","type":"product","link":"https:\/\/roveyayinevi.com.tr\/index.php\/urun\/dogayi-ve-hayvanlari-seviyorum\/","title":{"rendered":"Do\u011fay\u0131 Ve Hayvanlar\u0131 Seviyorum"},"content":{"rendered":"<p>Merhaba, Y\u00fcre\u011fi \u0131\u015f\u0131l \u0131\u015f\u0131l, g\u00fcl\u00fc\u015f\u00fc ay y\u0131ld\u0131z dostum. Do\u011fay\u0131 ve hayvanlar\u0131 \u00e7ok sevdi\u011fini duydum. \u00c7ok mutlu oldum do\u011frusu. \u015eimdi sana bir haberim var. Elinde tuttu\u011fun bu kitap setinde tam be\u015f g\u00fczel hik\u00e2ye var. Ayr\u0131ca kitaplar\u0131n sayfalar\u0131 aras\u0131nda yeni tan\u0131\u015faca\u011f\u0131n arkada\u015flar\u0131n da var. Ba\u015fka bir \u015fehre ta\u015f\u0131nmak zorunda kalan Beyza, karga karga \u015fark\u0131s\u0131n\u0131 s\u00f6yledi\u011fine pi\u015fman olan Ece, hayvanlar\u0131n avukat\u0131 Ay\u015fe, arkada\u015flar\u0131 Yusuf, Fatih, evi k\u00fc\u00e7\u00fck bir hayvanat bah\u00e7esine d\u00f6nd\u00fcrmek isteyen Arda ve Dilara, konu\u015fmay\u0131 \u00e7ok seven hay\u0131r \u00e7ok \u00e7ok \u00e7ok seven Elif, k\u00fc\u00e7\u00fck bir kedisi olsun isteyen Mehmet ve maceralar\u0131 var. Seni de onlarla tan\u0131\u015fmaya bekliyorum. E ne duruyorsun? Hadi okumaya ba\u015fla bakal\u0131m. Do\u011fay\u0131 da hayvanlar\u0131 da \u00e7ok sevip, koruman dile\u011fiyle\u2026 <\/p>\n","protected":false},"excerpt":{"rendered":"<p>Merhaba, Y\u00fcre\u011fi \u0131\u015f\u0131l \u0131\u015f\u0131l, g\u00fcl\u00fc\u015f\u00fc ay y\u0131ld\u0131z dostum. Do\u011fay\u0131 ve hayvanlar\u0131 \u00e7ok sevdi\u011fini duydum. \u00c7ok mutlu oldum do\u011frusu. \u015eimdi sana bir haberim var. Elinde tuttu\u011fun bu<span class=\"excerpt-hellip\"> [\u2026]<\/span><\/p>\n","protected":false},"featured_media":0,"template":"","meta":{"_monsterinsights_skip_tracking":false,"_monsterinsights_sitenote_active":false,"_monsterinsights_sitenote_note":"","_monsterinsights_sitenote_category":0},"product_brand":[],"product_cat":[12274,12284],"product_tag":[],"class_list":{"0":"post-749702","1":"product","2":"type-product","3":"status-publish","5":"product_cat-cocuk-ve-genclik-kitaplari","6":"product_cat-hikayeler","7":"pa_cilt-ciltsiz","8":"pa_tur-kitap","9":"pa_yayinevi-nesil-cocuk-yayinlari","10":"pa_yazar-fatma-beyza-tutuncuoglu","12":"first","13":"instock","14":"sale","15":"shipping-taxable","16":"purchasable","17":"product-type-simple"},"_links":{"self":[{"href":"https:\/\/roveyayinevi.com.tr\/index.php\/wp-json\/wp\/v2\/product\/749702","targetHints":{"allow":["GET"]}}],"collection":[{"href":"https:\/\/roveyayinevi.com.tr\/index.php\/wp-json\/wp\/v2\/product"}],"about":[{"href":"https:\/\/roveyayinevi.com.tr\/index.php\/wp-json\/wp\/v2\/types\/product"}],"wp:attachment":[{"href":"https:\/\/roveyayinevi.com.tr\/index.php\/wp-json\/wp\/v2\/media?parent=749702"}],"wp:term":[{"taxonomy":"product_brand","embeddable":true,"href":"https:\/\/roveyayinevi.com.tr\/index.php\/wp-json\/wp\/v2\/product_brand?post=749702"},{"taxonomy":"product_cat","embeddable":true,"href":"https:\/\/roveyayinevi.com.tr\/index.php\/wp-json\/wp\/v2\/product_cat?post=749702"},{"taxonomy":"product_tag","embeddable":true,"href":"https:\/\/roveyayinevi.com.tr\/index.php\/wp-json\/wp\/v2\/product_tag?post=749702"}],"curies":[{"name":"wp","href":"https:\/\/api.w.org\/{rel}","templated":true}]}}