{"id":749701,"date":"2025-08-28T04:02:13","date_gmt":"2025-08-28T01:02:13","guid":{"rendered":"https:\/\/roveyayinevi.com.tr\/index.php\/urun\/imparatorun-kizi-1\/"},"modified":"2026-04-16T03:03:09","modified_gmt":"2026-04-16T00:03:09","slug":"imparatorun-kizi-1","status":"publish","type":"product","link":"https:\/\/roveyayinevi.com.tr\/index.php\/urun\/imparatorun-kizi-1\/","title":{"rendered":"\u0130mparatorun K\u0131z\u0131 1"},"content":{"rendered":"<p>GELD\u0130M, DO\u011eDUM, DEL\u0130RD\u0130M! AR\u0130ADNA LERG \u0130LESTRY PRE AGR\u0130GENT.   Olduk\u00e7a uzun bir isimle ba\u015flayan bu yeni hayat\u0131m, ne anlama geliyor? Asil bir stat\u00fcyle do\u011fmama ra\u011fmen, ac\u0131yan bak\u0131\u015flara maruz kalmam\u0131n tek sebebi, bizzat \u201cbaba\u201d denilen adamd\u0131. Babam\u0131n, \u201cdelinin teki\u201d oldu\u011funu mu s\u00f6yl\u00fcyorsunuz? Kanl\u0131 bir tahtta oturan yar\u0131 kral ve k\u0131talara korku salan bir zalim. Ben hayatta kalabilecek miyim? Bu imparator \u00e7ok tehlikeli bir yarat\u0131k. Fakat \u015fu an o benim babam! Romanda \u00e7\u00f6z\u00fclemeyen hik\u00e2ye, \u015fimdi burada \u00e7\u00f6z\u00fcl\u00fcyor! <\/p>\n","protected":false},"excerpt":{"rendered":"<p>GELD\u0130M, DO\u011eDUM, DEL\u0130RD\u0130M! AR\u0130ADNA LERG \u0130LESTRY PRE AGR\u0130GENT. Olduk\u00e7a uzun bir isimle ba\u015flayan bu yeni hayat\u0131m, ne anlama geliyor? Asil bir stat\u00fcyle do\u011fmama ra\u011fmen, ac\u0131yan bak\u0131\u015flara<span class=\"excerpt-hellip\"> [\u2026]<\/span><\/p>\n","protected":false},"featured_media":0,"template":"","meta":{"_monsterinsights_skip_tracking":false,"_monsterinsights_sitenote_active":false,"_monsterinsights_sitenote_note":"","_monsterinsights_sitenote_category":0},"product_brand":[],"product_cat":[12416,12291],"product_tag":[],"class_list":{"0":"post-749701","1":"product","2":"type-product","3":"status-publish","5":"product_cat-cizgi-roman","6":"product_cat-edebiyat","7":"pa_cilt-ciltsiz","8":"pa_tur-kitap","9":"pa_yayinevi-athica-yayinlari","10":"pa_yazar-yunsul","12":"first","13":"instock","14":"sale","15":"shipping-taxable","16":"purchasable","17":"product-type-simple"},"_links":{"self":[{"href":"https:\/\/roveyayinevi.com.tr\/index.php\/wp-json\/wp\/v2\/product\/749701","targetHints":{"allow":["GET"]}}],"collection":[{"href":"https:\/\/roveyayinevi.com.tr\/index.php\/wp-json\/wp\/v2\/product"}],"about":[{"href":"https:\/\/roveyayinevi.com.tr\/index.php\/wp-json\/wp\/v2\/types\/product"}],"wp:attachment":[{"href":"https:\/\/roveyayinevi.com.tr\/index.php\/wp-json\/wp\/v2\/media?parent=749701"}],"wp:term":[{"taxonomy":"product_brand","embeddable":true,"href":"https:\/\/roveyayinevi.com.tr\/index.php\/wp-json\/wp\/v2\/product_brand?post=749701"},{"taxonomy":"product_cat","embeddable":true,"href":"https:\/\/roveyayinevi.com.tr\/index.php\/wp-json\/wp\/v2\/product_cat?post=749701"},{"taxonomy":"product_tag","embeddable":true,"href":"https:\/\/roveyayinevi.com.tr\/index.php\/wp-json\/wp\/v2\/product_tag?post=749701"}],"curies":[{"name":"wp","href":"https:\/\/api.w.org\/{rel}","templated":true}]}}