{"id":749700,"date":"2025-08-28T04:02:12","date_gmt":"2025-08-28T01:02:12","guid":{"rendered":"https:\/\/roveyayinevi.com.tr\/index.php\/urun\/aciklamali-bilinc-haritasi\/"},"modified":"2026-04-16T03:03:09","modified_gmt":"2026-04-16T00:03:09","slug":"aciklamali-bilinc-haritasi","status":"publish","type":"product","link":"https:\/\/roveyayinevi.com.tr\/index.php\/urun\/aciklamali-bilinc-haritasi\/","title":{"rendered":"A\u00e7\u0131klamal\u0131 Bilin\u00e7 Haritas\u0131"},"content":{"rendered":"<p>\u00c7ok satan yazar\u0131n en u\u0308nlu\u0308 eseri Bilin\u00e7 Haritas\u0131\u2019n\u0131n okuyucular\u0131n \u015fifa ve a\u015fk\u0131nl\u0131\u011f\u0131 deneyimlemesine yard\u0131mc\u0131 olan eri\u015filebilir bir ke\u015ffi. Hepimiz bir bilin\u00e7 seviyesiyle, bilincin engin alan\u0131 i\u00e7inde enerjik bir frekansla do\u011far\u0131z. Ve Bilin\u00e7 Haritas\u0131 ile insan bilincinin toplam spektrumunu ger\u00e7ekten anlayabiliriz.   E\u015fsiz bir Kas Testi y\u00f6ntemi kullanan Dr. David R. Hawkins, bilin\u00e7 du\u0308zeylerine kar\u015f\u0131l\u0131k gelen bir dizi de\u011fer, tutum ve duyguyu tan\u0131mlamak i\u00e7in 20 y\u0131ll\u0131k ara\u015ft\u0131rma s\u0131ras\u0131nda 250.000\u2019den fazla kalibrasyon ger\u00e7ekle\u015ftirdi. Bu de\u011ferler aral\u0131\u011f\u0131 \u20131\u2019den 1.000\u2019e kadar logaritmik bir \u00f6l\u00e7ekle birlikte\u2013 Dr. Hawkins\u2019in ilk olarak en \u00e7ok satan kitab\u0131 Gu\u0308ce Kar\u015f\u0131 Kuvvet\u2019te yazd\u0131\u011f\u0131 Bilin\u00e7 Haritas\u0131\u2019na d\u00f6nu\u0308\u015ftu\u0308. Harita ile Dr. David R. Hawkins, Utan\u00e7, Su\u00e7luluk, \u0130lgisizlik, Korku, \u00d6fke ve Gurur\u2019un alt seviyelerinden ba\u015flay\u0131p Cesaret, Kabullenme ve Akla ve oradan da Sevgi, Co\u015fku, Bar\u0131\u015f ve Ayd\u0131nlanma\u2019n\u0131n daha geni\u015flemi\u015f seviyelerine kadar tu\u0308m bilin\u00e7 spektrumunu ortaya koydu. Bu \u201cyu\u0308ksek\u201d enerji alanlar\u0131 muazzam ya\u015fam enerjisinin ta\u015f\u0131y\u0131c\u0131 dalgalar\u0131d\u0131r.   Merhum Dr. David R. Hawkins\u2019in insan bilinci ve ili\u015fkili enerji alanlar\u0131 hakk\u0131ndaki \u00f6\u011fretileri u\u0308zerine temel bir ba\u015flang\u0131\u00e7 kitab\u0131 A\u00e7\u0131klamal\u0131 Bilin\u00e7 Haritas\u0131, okuyuculara \u015fifa bulmalar\u0131na, iyile\u015fmelerine ve daha yu\u0308ksek bilin\u00e7 ve enerji seviyelerine evrimle\u015fmelerine yard\u0131mc\u0131 olacak g\u00f6rsel \u00e7izelgeler ve Pratik uygulamalarla Harita hakk\u0131nda bir giri\u015f ve daha derin bir anlay\u0131\u015f sunmaktad\u0131r. Bu kitap, ya\u015fam\u0131n herhangi bir alan\u0131nda daha etkili olmak isteyen her bireyin yoluna tutulmu\u015f bir \u0131\u015f\u0131kt\u0131r. <\/p>\n","protected":false},"excerpt":{"rendered":"<p>\u00c7ok satan yazar\u0131n en u\u0308nlu\u0308 eseri Bilin\u00e7 Haritas\u0131\u2019n\u0131n okuyucular\u0131n \u015fifa ve a\u015fk\u0131nl\u0131\u011f\u0131 deneyimlemesine yard\u0131mc\u0131 olan eri\u015filebilir bir ke\u015ffi. Hepimiz bir bilin\u00e7 seviyesiyle, bilincin engin alan\u0131 i\u00e7inde<span class=\"excerpt-hellip\"> [\u2026]<\/span><\/p>\n","protected":false},"featured_media":0,"template":"","meta":{"_monsterinsights_skip_tracking":false,"_monsterinsights_sitenote_active":false,"_monsterinsights_sitenote_note":"","_monsterinsights_sitenote_category":0},"product_brand":[],"product_cat":[12364,12376],"product_tag":[],"class_list":{"0":"post-749700","1":"product","2":"type-product","3":"status-publish","5":"product_cat-genel-konular","6":"product_cat-kisisel-gelisim","7":"pa_cilt-ciltsiz","8":"pa_tur-kitap","9":"pa_yayinevi-butik-yayinlari","10":"pa_yazar-david-r-hawkins","12":"first","13":"instock","14":"sale","15":"shipping-taxable","16":"purchasable","17":"product-type-simple"},"_links":{"self":[{"href":"https:\/\/roveyayinevi.com.tr\/index.php\/wp-json\/wp\/v2\/product\/749700","targetHints":{"allow":["GET"]}}],"collection":[{"href":"https:\/\/roveyayinevi.com.tr\/index.php\/wp-json\/wp\/v2\/product"}],"about":[{"href":"https:\/\/roveyayinevi.com.tr\/index.php\/wp-json\/wp\/v2\/types\/product"}],"wp:attachment":[{"href":"https:\/\/roveyayinevi.com.tr\/index.php\/wp-json\/wp\/v2\/media?parent=749700"}],"wp:term":[{"taxonomy":"product_brand","embeddable":true,"href":"https:\/\/roveyayinevi.com.tr\/index.php\/wp-json\/wp\/v2\/product_brand?post=749700"},{"taxonomy":"product_cat","embeddable":true,"href":"https:\/\/roveyayinevi.com.tr\/index.php\/wp-json\/wp\/v2\/product_cat?post=749700"},{"taxonomy":"product_tag","embeddable":true,"href":"https:\/\/roveyayinevi.com.tr\/index.php\/wp-json\/wp\/v2\/product_tag?post=749700"}],"curies":[{"name":"wp","href":"https:\/\/api.w.org\/{rel}","templated":true}]}}