{"id":749695,"date":"2025-08-28T04:02:06","date_gmt":"2025-08-28T01:02:06","guid":{"rendered":"https:\/\/roveyayinevi.com.tr\/index.php\/urun\/efe-ile-ece-buyuyor-ogreniyor-8-kitap-set\/"},"modified":"2026-04-16T03:03:09","modified_gmt":"2026-04-16T00:03:09","slug":"efe-ile-ece-buyuyor-ogreniyor-8-kitap-set","status":"publish","type":"product","link":"https:\/\/roveyayinevi.com.tr\/index.php\/urun\/efe-ile-ece-buyuyor-ogreniyor-8-kitap-set\/","title":{"rendered":"Efe ile Ece B\u00fcy\u00fcyor \u00d6\u011freniyor (8 Kitap Set)"},"content":{"rendered":"<p>\u00dc\u00e7 ya\u015f ve \u00fcst\u00fc \u00e7ocuklar i\u00e7in haz\u0131rlanan bu dizi, ebeveynlere ve \u00e7ocuklara ya\u015fanan problemlerin \u00e7\u00f6z\u00fcm\u00fc ve hayat\u0131 tan\u0131ma noktas\u0131nda baz\u0131 ipu\u00e7lar\u0131 sunuyor.\u00c7ocuklar, bebeklikten itibaren bilmedikleri bir d\u00fcnyay\u0131 ad\u0131m ad\u0131m tan\u0131maya ve \u00f6\u011frenmeye \u00e7al\u0131\u015f\u0131rlar. B\u00fcy\u00fcrler ve b\u00fcy\u00fcrken de bir\u00e7ok de\u011fi\u015fik olay ve problemle kar\u015f\u0131la\u015fabilirler. Bunlar yeti\u015fkinlere g\u00f6re \u00e7ok basit, \u00e7ocuklara g\u00f6re \u00f6nemli ve b\u00fcy\u00fck ayr\u0131nt\u0131lard\u0131r: Yeni bir arkada\u015fla tan\u0131\u015fmak, ileti\u015fim kurmak ve oynamak; giyece\u011fi k\u0131yafeti se\u00e7mek; ellerini y\u0131kamak; temizlik; g\u00f6rg\u00fc kurallar\u0131 vb. Efe ile Ece i\u015fte bu ve benzer pek \u00e7ok olay\u0131 anlatan sade hik\u00e2yeleri ve canl\u0131 resimleriyle kendi ya\u015f\u0131tlar\u0131na yolda\u015fl\u0131k edecekler. Ayr\u0131ca bu dizi, e\u011flenceli etkinlikleri sayesinde \u00e7ocuklar\u0131n t\u00fcm geli\u015fimlerini destekleyecek.<\/p>\n","protected":false},"excerpt":{"rendered":"<p>\u00dc\u00e7 ya\u015f ve \u00fcst\u00fc \u00e7ocuklar i\u00e7in haz\u0131rlanan bu dizi, ebeveynlere ve \u00e7ocuklara ya\u015fanan problemlerin \u00e7\u00f6z\u00fcm\u00fc ve hayat\u0131 tan\u0131ma noktas\u0131nda baz\u0131 ipu\u00e7lar\u0131 sunuyor.\u00c7ocuklar, bebeklikten itibaren bilmedikleri bir<span class=\"excerpt-hellip\"> [\u2026]<\/span><\/p>\n","protected":false},"featured_media":0,"template":"","meta":{"_monsterinsights_skip_tracking":false,"_monsterinsights_sitenote_active":false,"_monsterinsights_sitenote_note":"","_monsterinsights_sitenote_category":0},"product_brand":[],"product_cat":[12274,12284],"product_tag":[],"class_list":{"0":"post-749695","1":"product","2":"type-product","3":"status-publish","5":"product_cat-cocuk-ve-genclik-kitaplari","6":"product_cat-hikayeler","7":"pa_cilt-ciltsiz","8":"pa_tur-kitap","9":"pa_yayinevi-erdem-cocuk","10":"pa_yazar-figen-yaman-cosar","12":"first","13":"instock","14":"sale","15":"shipping-taxable","16":"purchasable","17":"product-type-simple"},"_links":{"self":[{"href":"https:\/\/roveyayinevi.com.tr\/index.php\/wp-json\/wp\/v2\/product\/749695","targetHints":{"allow":["GET"]}}],"collection":[{"href":"https:\/\/roveyayinevi.com.tr\/index.php\/wp-json\/wp\/v2\/product"}],"about":[{"href":"https:\/\/roveyayinevi.com.tr\/index.php\/wp-json\/wp\/v2\/types\/product"}],"wp:attachment":[{"href":"https:\/\/roveyayinevi.com.tr\/index.php\/wp-json\/wp\/v2\/media?parent=749695"}],"wp:term":[{"taxonomy":"product_brand","embeddable":true,"href":"https:\/\/roveyayinevi.com.tr\/index.php\/wp-json\/wp\/v2\/product_brand?post=749695"},{"taxonomy":"product_cat","embeddable":true,"href":"https:\/\/roveyayinevi.com.tr\/index.php\/wp-json\/wp\/v2\/product_cat?post=749695"},{"taxonomy":"product_tag","embeddable":true,"href":"https:\/\/roveyayinevi.com.tr\/index.php\/wp-json\/wp\/v2\/product_tag?post=749695"}],"curies":[{"name":"wp","href":"https:\/\/api.w.org\/{rel}","templated":true}]}}