{"id":749694,"date":"2025-08-28T04:02:04","date_gmt":"2025-08-28T01:02:04","guid":{"rendered":"https:\/\/roveyayinevi.com.tr\/index.php\/urun\/ejderhana-lutfen-demeyi-nasil-ogretirsin\/"},"modified":"2026-04-16T03:03:09","modified_gmt":"2026-04-16T00:03:09","slug":"ejderhana-lutfen-demeyi-nasil-ogretirsin","status":"publish","type":"product","link":"https:\/\/roveyayinevi.com.tr\/index.php\/urun\/ejderhana-lutfen-demeyi-nasil-ogretirsin\/","title":{"rendered":"Ejderhana L\u00fctfen Demeyi Nas\u0131l \u00d6\u011fretirsin?"},"content":{"rendered":"<p>Elif ve arkada\u015f\u0131 Minik Ejderha ile tan\u0131\u015f\u0131n! \u0130ki arkada\u015f birlikte oynamay\u0131 ve e\u011flenmeyi \u00e7ok seviyor. Elif Minik Ejderha\u2019ya baz\u0131 sihirli s\u00f6zc\u00fckler \u00f6\u011fretiyor. Bu sihirli s\u00f6zc\u00fckler sayesinde Minik Ejderha daha nazik bir dosta d\u00f6n\u00fc\u015f\u00fcyor. Elif ve Minik Ejderha bug\u00fcn Elif\u2019in b\u00fcy\u00fckannesine yeme\u011fe davetliler! Sofrada o kadar lezzetli yiyecekler var ki Minik Ejderha hangisinden ba\u015flayaca\u011f\u0131n\u0131 bilemez. Taba\u011f\u0131n\u0131 doldurmak i\u00e7in Elif\u2019ten yard\u0131m istese de o sihirli s\u00f6zc\u00fc\u011f\u00fc bir t\u00fcrl\u00fc s\u00f6yleyemez.<\/p>\n","protected":false},"excerpt":{"rendered":"<p>Elif ve arkada\u015f\u0131 Minik Ejderha ile tan\u0131\u015f\u0131n! \u0130ki arkada\u015f birlikte oynamay\u0131 ve e\u011flenmeyi \u00e7ok seviyor. Elif Minik Ejderha\u2019ya baz\u0131 sihirli s\u00f6zc\u00fckler \u00f6\u011fretiyor. Bu sihirli s\u00f6zc\u00fckler sayesinde<span class=\"excerpt-hellip\"> [\u2026]<\/span><\/p>\n","protected":false},"featured_media":0,"template":"","meta":{"_monsterinsights_skip_tracking":false,"_monsterinsights_sitenote_active":false,"_monsterinsights_sitenote_note":"","_monsterinsights_sitenote_category":0},"product_brand":[],"product_cat":[12274,12284],"product_tag":[],"class_list":{"0":"post-749694","1":"product","2":"type-product","3":"status-publish","5":"product_cat-cocuk-ve-genclik-kitaplari","6":"product_cat-hikayeler","7":"pa_cilt-ciltsiz","8":"pa_tur-kitap","9":"pa_yayinevi-erdem-cocuk","10":"pa_yazar-eleonora-fornasari","12":"first","13":"instock","14":"sale","15":"shipping-taxable","16":"purchasable","17":"product-type-simple"},"_links":{"self":[{"href":"https:\/\/roveyayinevi.com.tr\/index.php\/wp-json\/wp\/v2\/product\/749694","targetHints":{"allow":["GET"]}}],"collection":[{"href":"https:\/\/roveyayinevi.com.tr\/index.php\/wp-json\/wp\/v2\/product"}],"about":[{"href":"https:\/\/roveyayinevi.com.tr\/index.php\/wp-json\/wp\/v2\/types\/product"}],"wp:attachment":[{"href":"https:\/\/roveyayinevi.com.tr\/index.php\/wp-json\/wp\/v2\/media?parent=749694"}],"wp:term":[{"taxonomy":"product_brand","embeddable":true,"href":"https:\/\/roveyayinevi.com.tr\/index.php\/wp-json\/wp\/v2\/product_brand?post=749694"},{"taxonomy":"product_cat","embeddable":true,"href":"https:\/\/roveyayinevi.com.tr\/index.php\/wp-json\/wp\/v2\/product_cat?post=749694"},{"taxonomy":"product_tag","embeddable":true,"href":"https:\/\/roveyayinevi.com.tr\/index.php\/wp-json\/wp\/v2\/product_tag?post=749694"}],"curies":[{"name":"wp","href":"https:\/\/api.w.org\/{rel}","templated":true}]}}