{"id":749693,"date":"2025-08-28T04:02:03","date_gmt":"2025-08-28T01:02:03","guid":{"rendered":"https:\/\/roveyayinevi.com.tr\/index.php\/urun\/yasama-tutunmak-icin-nedenler\/"},"modified":"2026-04-16T03:03:09","modified_gmt":"2026-04-16T00:03:09","slug":"yasama-tutunmak-icin-nedenler","status":"publish","type":"product","link":"https:\/\/roveyayinevi.com.tr\/index.php\/urun\/yasama-tutunmak-icin-nedenler\/","title":{"rendered":"Ya\u015fama Tutunmak \u0130\u00e7in Nedenler"},"content":{"rendered":"<p>\u201c&#8221;Ya\u015famak istiyorum. Hayat\u0131 yazmak, okumak, hissetmek; ya\u015famak istiyorum. G\u00f6z a\u00e7\u0131p kapay\u0131ncaya dek ge\u00e7en \u00f6mr\u00fcm\u00fcz s\u00fcresince hissedilebilecek her \u015feyi hissetmek istiyorum. Depresyondan nefret ediyorum. Ondan korkuyorum. Hatta d\u00fc\u015f\u00fcnd\u00fck\u00e7e deh\u015fete d\u00fc\u015f\u00fcyorum. Ama di\u011fer yandan beni ben yapan \u015fey de o. Ve e\u011fer \u2013benim i\u00e7in\u2013 ya\u015fam\u0131 hissetmenin bedeli buysa, \u00f6demeye de\u011fer.&#8221; Ya\u015fama Tutunmak \u0130\u00e7in Nedenler, d\u00fcnyadaki vaktimizi en iyi \u015fekilde ge\u00e7irebilmek hakk\u0131nda. Matt Haig yirmi d\u00f6rt ya\u015f\u0131ndayken kelimenin ger\u00e7ek anlam\u0131yla u\u00e7urumun kenar\u0131ndayd\u0131 ve atlamak \u00fczereydi. Bu kitap onun neden atlamad\u0131\u011f\u0131n\u0131n, nas\u0131l iyile\u015fti\u011finin, anksiyete ve depresyonla ya\u015famay\u0131 nas\u0131l \u00f6\u011frendi\u011finin hik\u00e2yesi. Ayn\u0131 zamanda, nas\u0131l daha iyi ya\u015fan\u0131r, daha iyi sevilir, daha iyi okunur ve daha fazlas\u0131 hissedilir gibi sorulara dair iyimser ve cesaretlendirici bir ke\u015fif yolculu\u011fu. Haig\u2019in zihninden ge\u00e7enleri okuduk\u00e7a kendimizi daha iyi g\u00f6r\u00fcyor, i\u00e7imizdeki dehlizlere inmeye daha kolay cesaret ediyoruz. Ya\u015fama Tutunmak \u0130\u00e7in Nedenler, iyi hissetmenin m\u00fcmk\u00fcn olmad\u0131\u011f\u0131n\u0131 d\u00fc\u015f\u00fcnd\u00fc\u011f\u00fcm\u00fczde, halimizden dolay\u0131 su\u00e7luluk duymadan, ya\u015fama bir ucundan tutunabilmek i\u00e7in yaz\u0131lm\u0131\u015f al\u00e7akg\u00f6n\u00fcll\u00fc bir manifesto.  \u201cMuhte\u015fem. Bir oturu\u015fta bitirdim. Dokunakl\u0131, komik, k\u0131\u015fk\u0131rt\u0131c\u0131 ve i\u00e7ten. Depresyondan mustarip olan ya da b\u00f6yle birini tan\u0131yan herkesin \u2013yani hepimizin\u2013 okumas\u0131 gerek.\u201dS. J. Watson  \u201cHaig\u2019in zihinsel \u00e7\u00f6k\u00fc\u015f\u00fcn\u00fcn ve iyile\u015fme s\u00fcrecinin hik\u00e2yesi, depresyona dair anlat\u0131lar aras\u0131nda en samimi ve yararl\u0131s\u0131.\u201dSunday Times  \u201cHayat kurtarabilecek k\u00fc\u00e7\u00fck bir ba\u015fyap\u0131t&#8221;Joanna Lumley <\/p>\n","protected":false},"excerpt":{"rendered":"<p>\u201c&#8221;Ya\u015famak istiyorum. Hayat\u0131 yazmak, okumak, hissetmek; ya\u015famak istiyorum. G\u00f6z a\u00e7\u0131p kapay\u0131ncaya dek ge\u00e7en \u00f6mr\u00fcm\u00fcz s\u00fcresince hissedilebilecek her \u015feyi hissetmek istiyorum. Depresyondan nefret ediyorum. Ondan korkuyorum. Hatta<span class=\"excerpt-hellip\"> [\u2026]<\/span><\/p>\n","protected":false},"featured_media":0,"template":"","meta":{"_monsterinsights_skip_tracking":false,"_monsterinsights_sitenote_active":false,"_monsterinsights_sitenote_note":"","_monsterinsights_sitenote_category":0},"product_brand":[],"product_cat":[12364,12376],"product_tag":[],"class_list":{"0":"post-749693","1":"product","2":"type-product","3":"status-publish","5":"product_cat-genel-konular","6":"product_cat-kisisel-gelisim","7":"pa_cilt-ciltsiz","8":"pa_tur-kitap","9":"pa_yayinevi-domingo-yayinevi","10":"pa_yazar-matt-haig","12":"first","13":"instock","14":"sale","15":"shipping-taxable","16":"purchasable","17":"product-type-simple"},"_links":{"self":[{"href":"https:\/\/roveyayinevi.com.tr\/index.php\/wp-json\/wp\/v2\/product\/749693","targetHints":{"allow":["GET"]}}],"collection":[{"href":"https:\/\/roveyayinevi.com.tr\/index.php\/wp-json\/wp\/v2\/product"}],"about":[{"href":"https:\/\/roveyayinevi.com.tr\/index.php\/wp-json\/wp\/v2\/types\/product"}],"wp:attachment":[{"href":"https:\/\/roveyayinevi.com.tr\/index.php\/wp-json\/wp\/v2\/media?parent=749693"}],"wp:term":[{"taxonomy":"product_brand","embeddable":true,"href":"https:\/\/roveyayinevi.com.tr\/index.php\/wp-json\/wp\/v2\/product_brand?post=749693"},{"taxonomy":"product_cat","embeddable":true,"href":"https:\/\/roveyayinevi.com.tr\/index.php\/wp-json\/wp\/v2\/product_cat?post=749693"},{"taxonomy":"product_tag","embeddable":true,"href":"https:\/\/roveyayinevi.com.tr\/index.php\/wp-json\/wp\/v2\/product_tag?post=749693"}],"curies":[{"name":"wp","href":"https:\/\/api.w.org\/{rel}","templated":true}]}}