{"id":749692,"date":"2025-08-28T04:02:02","date_gmt":"2025-08-28T01:02:02","guid":{"rendered":"https:\/\/roveyayinevi.com.tr\/index.php\/urun\/gokyuzu-cocuklari\/"},"modified":"2026-04-16T03:03:09","modified_gmt":"2026-04-16T00:03:09","slug":"gokyuzu-cocuklari","status":"publish","type":"product","link":"https:\/\/roveyayinevi.com.tr\/index.php\/urun\/gokyuzu-cocuklari\/","title":{"rendered":"G\u00f6ky\u00fcz\u00fc \u00c7ocuklar\u0131"},"content":{"rendered":"<p>Tan\u0131\u015ft\u0131ray\u0131m. Sophie, bu Bayan Eliot, Sosyal Hizmetler\u2019den. Bayan Eliot, bu Sophie, okyanustan.   Herkes Sophie\u2019nin bir gemi kazas\u0131nda kimsesiz kald\u0131\u011f\u0131na inan\u0131yor. Onu okyanusta s\u00fcr\u00fcklenen bir \u00e7ello kutusunun i\u00e7inden al\u0131p, kitaplar ve tuhafl\u0131klarla dolu bir evde b\u00fcy\u00fcten Charles bile. Ama Sophie\u2019nin Charles\u2019tan \u00f6\u011frendi\u011fi \u00f6nemli bir \u015fey var: Ne kadar k\u00fc\u00e7\u00fck olursa olsun, asla bir ihtimali g\u00f6z ard\u0131 etme.   Sophie bir yandan onu Charles\u2019tan ay\u0131r\u0131p bir yetimhaneye yerle\u015ftirmeye \u00e7al\u0131\u015fan yetkililerden ka\u00e7acak, di\u011fer yandan bir \u00e7ello sesinin pe\u015finden annesinin izini s\u00fcrecek. Rehberi ise \u00e7at\u0131larda ya\u015fayan, ip \u00fcst\u00fcnde kald\u0131r\u0131mdaym\u0131\u015f gibi y\u00fcr\u00fcyebilen, gizemlerle dolu Matteo. Sokaklar ikisi i\u00e7in de tehlikeli. Ama Paris\u2019in t\u00fcm \u00e7at\u0131lar\u0131 ve t\u00fcm g\u00f6ky\u00fcz\u00fc onlar\u0131n.   \u201cOla\u011fan\u00fcst\u00fc.\u201d  Guardian   \u201cKatherine Rundell benzersiz bir sese ve s\u0131n\u0131rs\u0131z bir hayal g\u00fcc\u00fcne sahip.\u201d Philip Pullman    Waterstones \u00c7ocuk Kitaplar\u0131 \u00d6d\u00fcl\u00fc Blue Peter Kitap \u00d6d\u00fcl\u00fc <\/p>\n","protected":false},"excerpt":{"rendered":"<p>Tan\u0131\u015ft\u0131ray\u0131m. Sophie, bu Bayan Eliot, Sosyal Hizmetler\u2019den. Bayan Eliot, bu Sophie, okyanustan. Herkes Sophie\u2019nin bir gemi kazas\u0131nda kimsesiz kald\u0131\u011f\u0131na inan\u0131yor. Onu okyanusta s\u00fcr\u00fcklenen bir \u00e7ello kutusunun<span class=\"excerpt-hellip\"> [\u2026]<\/span><\/p>\n","protected":false},"featured_media":0,"template":"","meta":{"_monsterinsights_skip_tracking":false,"_monsterinsights_sitenote_active":false,"_monsterinsights_sitenote_note":"","_monsterinsights_sitenote_category":0},"product_brand":[],"product_cat":[12291,12711],"product_tag":[],"class_list":{"0":"post-749692","1":"product","2":"type-product","3":"status-publish","5":"product_cat-edebiyat","6":"product_cat-roman-oyku","7":"pa_cilt-ciltsiz","8":"pa_tur-kitap","9":"pa_yayinevi-domingo-yayinevi","10":"pa_yazar-katherine-rundell","12":"first","13":"instock","14":"sale","15":"shipping-taxable","16":"purchasable","17":"product-type-simple"},"_links":{"self":[{"href":"https:\/\/roveyayinevi.com.tr\/index.php\/wp-json\/wp\/v2\/product\/749692","targetHints":{"allow":["GET"]}}],"collection":[{"href":"https:\/\/roveyayinevi.com.tr\/index.php\/wp-json\/wp\/v2\/product"}],"about":[{"href":"https:\/\/roveyayinevi.com.tr\/index.php\/wp-json\/wp\/v2\/types\/product"}],"wp:attachment":[{"href":"https:\/\/roveyayinevi.com.tr\/index.php\/wp-json\/wp\/v2\/media?parent=749692"}],"wp:term":[{"taxonomy":"product_brand","embeddable":true,"href":"https:\/\/roveyayinevi.com.tr\/index.php\/wp-json\/wp\/v2\/product_brand?post=749692"},{"taxonomy":"product_cat","embeddable":true,"href":"https:\/\/roveyayinevi.com.tr\/index.php\/wp-json\/wp\/v2\/product_cat?post=749692"},{"taxonomy":"product_tag","embeddable":true,"href":"https:\/\/roveyayinevi.com.tr\/index.php\/wp-json\/wp\/v2\/product_tag?post=749692"}],"curies":[{"name":"wp","href":"https:\/\/api.w.org\/{rel}","templated":true}]}}