{"id":749691,"date":"2025-08-28T04:02:00","date_gmt":"2025-08-28T01:02:00","guid":{"rendered":"https:\/\/roveyayinevi.com.tr\/index.php\/urun\/geceden-beri\/"},"modified":"2026-04-16T03:03:09","modified_gmt":"2026-04-16T00:03:09","slug":"geceden-beri","status":"publish","type":"product","link":"https:\/\/roveyayinevi.com.tr\/index.php\/urun\/geceden-beri\/","title":{"rendered":"Geceden Beri"},"content":{"rendered":"<p>Bir gece kadar karanl\u0131k g\u00f6zleri vard\u0131 Gece\u2019nin.Bakmas\u0131n\u0131 beceremeyenin y\u0131k\u0131m\u0131 o gece ba\u015flard\u0131. \u015eifac\u0131, falc\u0131, b\u00fcy\u00fcc\u00fc, ermi\u015f, cinli diye an\u0131lan Gece; kaybettiklerinin, u\u011frad\u0131\u011f\u0131 yahut ya\u015fatt\u0131\u011f\u0131 haks\u0131zl\u0131klar\u0131n ac\u0131s\u0131yla \u00e7izgiden \u00e7\u0131km\u0131\u015f; h\u0131rs\u0131n\u0131 kendi bedeninden, ruhundan \u00e7\u0131karan insanlar\u0131n umududur. Ancak Gece, kendi hik\u00e2yesiyle dikilir kar\u015f\u0131lar\u0131na: Yoksa \u015fifa yahut kurtulu\u015f, insanl\u0131\u011f\u0131n t\u00fcm dertlerine bulanmaktan, d\u00f6ng\u00fcye dahil olmaktan m\u0131 ibarettir?\u0130ncelikli kavray\u0131\u015f\u0131, yarat\u0131c\u0131 kurgular\u0131 ve zengin diliyle usta bir hik\u00e2ye anlat\u0131c\u0131s\u0131 oldu\u011funu ispat eden Elif Demirel, Geceden Beri\u2019yle 2022 Everest Yay\u0131nlar\u0131 \u0130lk Roman Yar\u0131\u015fmas\u0131\u2019n\u0131 kazand\u0131. Asuman Kafao\u011flu-B\u00fcke, Bahriye \u00c7eri, G\u00fclfem Pamuk, Irmak Zileli ve Zekiye Antakyal\u0131o\u011flu\u2019ndan olu\u015fan j\u00fcri, karar\u0131n\u0131 \u015fu gerek\u00e7eye dayand\u0131rd\u0131: \u201cBat\u0131l ile akl\u0131, masal ile ger\u00e7e\u011fi, ge\u00e7mi\u015f ile bug\u00fcn\u00fc g\u00fc\u00e7l\u00fc imgelerle yo\u011furan, g\u00fcn\u00fcm\u00fcz insan\u0131n\u0131n kayg\u0131lar\u0131na, s\u0131rlar\u0131na ve karanl\u0131k yanlar\u0131na b\u00fcy\u00fcl\u00fc ger\u00e7ek\u00e7ili\u011fin penceresinden aynalar tutan ve her bir aynas\u0131n\u0131 \u00e7i\u00e7eklerle bezeyen \u00f6zg\u00fcn bir roman. Yazar, do\u011faya ve insana sayg\u0131l\u0131 anlat\u0131s\u0131, g\u00fc\u00e7l\u00fc dili ve s\u0131radan olan\u0131 s\u0131rad\u0131\u015f\u0131 k\u0131lma becerisiyle bu \u00f6d\u00fcle lay\u0131k bulunmu\u015ftur.\u201d<\/p>\n","protected":false},"excerpt":{"rendered":"<p>Bir gece kadar karanl\u0131k g\u00f6zleri vard\u0131 Gece\u2019nin.Bakmas\u0131n\u0131 beceremeyenin y\u0131k\u0131m\u0131 o gece ba\u015flard\u0131. \u015eifac\u0131, falc\u0131, b\u00fcy\u00fcc\u00fc, ermi\u015f, cinli diye an\u0131lan Gece; kaybettiklerinin, u\u011frad\u0131\u011f\u0131 yahut ya\u015fatt\u0131\u011f\u0131 haks\u0131zl\u0131klar\u0131n ac\u0131s\u0131yla<span class=\"excerpt-hellip\"> [\u2026]<\/span><\/p>\n","protected":false},"featured_media":0,"template":"","meta":{"_monsterinsights_skip_tracking":false,"_monsterinsights_sitenote_active":false,"_monsterinsights_sitenote_note":"","_monsterinsights_sitenote_category":0},"product_brand":[],"product_cat":[12291,12711],"product_tag":[],"class_list":{"0":"post-749691","1":"product","2":"type-product","3":"status-publish","5":"product_cat-edebiyat","6":"product_cat-roman-oyku","7":"pa_cilt-ciltsiz","8":"pa_tur-kitap","9":"pa_yayinevi-everest-yayinlari","10":"pa_yazar-elif-demirel","12":"first","13":"instock","14":"sale","15":"shipping-taxable","16":"purchasable","17":"product-type-simple"},"_links":{"self":[{"href":"https:\/\/roveyayinevi.com.tr\/index.php\/wp-json\/wp\/v2\/product\/749691","targetHints":{"allow":["GET"]}}],"collection":[{"href":"https:\/\/roveyayinevi.com.tr\/index.php\/wp-json\/wp\/v2\/product"}],"about":[{"href":"https:\/\/roveyayinevi.com.tr\/index.php\/wp-json\/wp\/v2\/types\/product"}],"wp:attachment":[{"href":"https:\/\/roveyayinevi.com.tr\/index.php\/wp-json\/wp\/v2\/media?parent=749691"}],"wp:term":[{"taxonomy":"product_brand","embeddable":true,"href":"https:\/\/roveyayinevi.com.tr\/index.php\/wp-json\/wp\/v2\/product_brand?post=749691"},{"taxonomy":"product_cat","embeddable":true,"href":"https:\/\/roveyayinevi.com.tr\/index.php\/wp-json\/wp\/v2\/product_cat?post=749691"},{"taxonomy":"product_tag","embeddable":true,"href":"https:\/\/roveyayinevi.com.tr\/index.php\/wp-json\/wp\/v2\/product_tag?post=749691"}],"curies":[{"name":"wp","href":"https:\/\/api.w.org\/{rel}","templated":true}]}}