{"id":749688,"date":"2025-08-28T04:01:56","date_gmt":"2025-08-28T01:01:56","guid":{"rendered":"https:\/\/roveyayinevi.com.tr\/index.php\/urun\/iran-siiri-antolojisi\/"},"modified":"2026-04-16T03:03:09","modified_gmt":"2026-04-16T00:03:09","slug":"iran-siiri-antolojisi","status":"publish","type":"product","link":"https:\/\/roveyayinevi.com.tr\/index.php\/urun\/iran-siiri-antolojisi\/","title":{"rendered":"\u0130ran \u015eiiri Antolojisi"},"content":{"rendered":"<p>\u2018\u2019\u0130ran edebiyat\u0131, daha do\u011fru bir ifadeyle Fars edebiyat\u0131 iki bin be\u015f y\u00fcz y\u0131ll\u0131k k\u00fclt\u00fcr hazinesi i\u00e7inde do\u011fup geli\u015fmesini s\u00fcrd\u00fcren \u015fiir \u00fcst\u00fcne kurulmu\u015ftur. \u015eiirsiz bir \u0130ran edebiyat\u0131 nas\u0131l d\u00fc\u015f\u00fcn\u00fclemezse, \u015fiir s\u00f6ylemeyen, \u015fiir okumayan, ezberinde \u00e7ok\u00e7a \u015fiir olmayan bir \u0130ranl\u0131 da d\u00fc\u015f\u00fcn\u00fclemez. \u015eiirsiz bir hayat, \u015fiirsiz bir toplant\u0131 hatta \u015fiirsiz bir bilimsel kongre bile \u0130ranl\u0131 i\u00e7in s\u00f6z konusu olamaz.\u2019\u2019Mehmet Kanar\u2019\u0131n haz\u0131rlay\u0131p \u00e7evirdi\u011fi \u0130ran \u015eiiri Antolojisi, klasik d\u00f6nemin H\u00e2f\u0131z, Sad\u00ee, Hayy\u00e2m, Att\u00e2r, Mevl\u00e2n\u00e2 gibi devlerinden modern zamanlar\u0131n Ahmed-i \u015eamlu, Fur\u00fb\u011f-\u0131 Ferruhz\u00e2d gibi isimlerine uzanan b\u00fcy\u00fck bir \u015fiir gelene\u011finin en \u00f6nemli halkalar\u0131n\u0131 i\u00e7eriyor.<\/p>\n","protected":false},"excerpt":{"rendered":"<p>\u2018\u2019\u0130ran edebiyat\u0131, daha do\u011fru bir ifadeyle Fars edebiyat\u0131 iki bin be\u015f y\u00fcz y\u0131ll\u0131k k\u00fclt\u00fcr hazinesi i\u00e7inde do\u011fup geli\u015fmesini s\u00fcrd\u00fcren \u015fiir \u00fcst\u00fcne kurulmu\u015ftur. \u015eiirsiz bir \u0130ran edebiyat\u0131<span class=\"excerpt-hellip\"> [\u2026]<\/span><\/p>\n","protected":false},"featured_media":0,"template":"","meta":{"_monsterinsights_skip_tracking":false,"_monsterinsights_sitenote_active":false,"_monsterinsights_sitenote_note":"","_monsterinsights_sitenote_category":0},"product_brand":[],"product_cat":[12291,12509],"product_tag":[],"class_list":{"0":"post-749688","1":"product","2":"type-product","3":"status-publish","5":"product_cat-edebiyat","6":"product_cat-siir","7":"pa_cilt-ciltsiz","8":"pa_tur-kitap","9":"pa_yayinevi-yapi-kredi-yayinlari","10":"pa_yazar-mehmet-kanar","12":"first","13":"instock","14":"sale","15":"shipping-taxable","16":"purchasable","17":"product-type-simple"},"_links":{"self":[{"href":"https:\/\/roveyayinevi.com.tr\/index.php\/wp-json\/wp\/v2\/product\/749688","targetHints":{"allow":["GET"]}}],"collection":[{"href":"https:\/\/roveyayinevi.com.tr\/index.php\/wp-json\/wp\/v2\/product"}],"about":[{"href":"https:\/\/roveyayinevi.com.tr\/index.php\/wp-json\/wp\/v2\/types\/product"}],"wp:attachment":[{"href":"https:\/\/roveyayinevi.com.tr\/index.php\/wp-json\/wp\/v2\/media?parent=749688"}],"wp:term":[{"taxonomy":"product_brand","embeddable":true,"href":"https:\/\/roveyayinevi.com.tr\/index.php\/wp-json\/wp\/v2\/product_brand?post=749688"},{"taxonomy":"product_cat","embeddable":true,"href":"https:\/\/roveyayinevi.com.tr\/index.php\/wp-json\/wp\/v2\/product_cat?post=749688"},{"taxonomy":"product_tag","embeddable":true,"href":"https:\/\/roveyayinevi.com.tr\/index.php\/wp-json\/wp\/v2\/product_tag?post=749688"}],"curies":[{"name":"wp","href":"https:\/\/api.w.org\/{rel}","templated":true}]}}