{"id":749686,"date":"2025-08-28T04:01:53","date_gmt":"2025-08-28T01:01:53","guid":{"rendered":"https:\/\/roveyayinevi.com.tr\/index.php\/urun\/kuyucakli-yusuf-30\/"},"modified":"2026-04-16T03:03:08","modified_gmt":"2026-04-16T00:03:08","slug":"kuyucakli-yusuf-30","status":"publish","type":"product","link":"https:\/\/roveyayinevi.com.tr\/index.php\/urun\/kuyucakli-yusuf-30\/","title":{"rendered":"Kuyucakl\u0131 Yusuf"},"content":{"rendered":"<p>Kuyucakl\u0131 Yusuf her \u015feyden \u00f6nce bir yetimin roman\u0131d\u0131r. Fakat okuyucu bu kitab\u0131 bitirdi\u011finde onu; bir a\u015fk roman\u0131, bir cinayet roman\u0131, bir ta\u015fra roman\u0131, bir psikoloji roman\u0131, devlet d\u00fczeni ele\u015ftiren bir ba\u015fkald\u0131r\u0131 roman\u0131, bir gelenek-g\u00f6renek roman\u0131, bir gencin kendini bulu\u015f roman\u0131 olarak s\u0131n\u0131fland\u0131rabilir. Kuyucakl\u0131 Yusuf, Sabahattin Ali\u2019nin ilk roman\u0131 olmas\u0131na kar\u015f\u0131n, ola\u011fan\u00fcst\u00fc bir kurgu, anlat\u0131m bi\u00e7imi ve konu zenginli\u011fine sahiptir. Bu \u00f6zelliklerinden dolay\u0131 T\u00fcrk edebiyat tarihindeki yerini alm\u0131\u015f, en \u00e7ok okunan ve y\u0131llarca da sevilerek okunacak romanlar aras\u0131na girmi\u015ftir <\/p>\n","protected":false},"excerpt":{"rendered":"<p>Kuyucakl\u0131 Yusuf her \u015feyden \u00f6nce bir yetimin roman\u0131d\u0131r. Fakat okuyucu bu kitab\u0131 bitirdi\u011finde onu; bir a\u015fk roman\u0131, bir cinayet roman\u0131, bir ta\u015fra roman\u0131, bir psikoloji roman\u0131,<span class=\"excerpt-hellip\"> [\u2026]<\/span><\/p>\n","protected":false},"featured_media":0,"template":"","meta":{"_monsterinsights_skip_tracking":false,"_monsterinsights_sitenote_active":false,"_monsterinsights_sitenote_note":"","_monsterinsights_sitenote_category":0},"product_brand":[],"product_cat":[12291,12711],"product_tag":[],"class_list":{"0":"post-749686","1":"product","2":"type-product","3":"status-publish","5":"product_cat-edebiyat","6":"product_cat-roman-oyku","7":"pa_cilt-ciltsiz","8":"pa_tur-kitap","9":"pa_yayinevi-myrina-yayinlari","10":"pa_yazar-sabahattin-ali","12":"first","13":"instock","14":"sale","15":"shipping-taxable","16":"purchasable","17":"product-type-simple"},"_links":{"self":[{"href":"https:\/\/roveyayinevi.com.tr\/index.php\/wp-json\/wp\/v2\/product\/749686","targetHints":{"allow":["GET"]}}],"collection":[{"href":"https:\/\/roveyayinevi.com.tr\/index.php\/wp-json\/wp\/v2\/product"}],"about":[{"href":"https:\/\/roveyayinevi.com.tr\/index.php\/wp-json\/wp\/v2\/types\/product"}],"wp:attachment":[{"href":"https:\/\/roveyayinevi.com.tr\/index.php\/wp-json\/wp\/v2\/media?parent=749686"}],"wp:term":[{"taxonomy":"product_brand","embeddable":true,"href":"https:\/\/roveyayinevi.com.tr\/index.php\/wp-json\/wp\/v2\/product_brand?post=749686"},{"taxonomy":"product_cat","embeddable":true,"href":"https:\/\/roveyayinevi.com.tr\/index.php\/wp-json\/wp\/v2\/product_cat?post=749686"},{"taxonomy":"product_tag","embeddable":true,"href":"https:\/\/roveyayinevi.com.tr\/index.php\/wp-json\/wp\/v2\/product_tag?post=749686"}],"curies":[{"name":"wp","href":"https:\/\/api.w.org\/{rel}","templated":true}]}}