{"id":749685,"date":"2025-08-28T04:01:52","date_gmt":"2025-08-28T01:01:52","guid":{"rendered":"https:\/\/roveyayinevi.com.tr\/index.php\/urun\/bati-anadolu-kaleleri-ve-cenevizliler-ciltli\/"},"modified":"2026-04-16T03:03:08","modified_gmt":"2026-04-16T00:03:08","slug":"bati-anadolu-kaleleri-ve-cenevizliler-ciltli","status":"publish","type":"product","link":"https:\/\/roveyayinevi.com.tr\/index.php\/urun\/bati-anadolu-kaleleri-ve-cenevizliler-ciltli\/","title":{"rendered":"Bat\u0131 Anadolu Kaleleri ve Cenevizliler (Ciltli)"},"content":{"rendered":"<p>Akdeniz ticaretinde b\u00fcy\u00fck s\u00f6z sahibi olan Cenevizliler, 12. y\u00fczy\u0131ldan itibaren Anadolu ile yo\u011fun ili\u015fkilere ba\u015flam\u0131\u015flar, \u00f6nce Bizans \u0130mparatorlu\u011fu\u2019ndan daha sonra da Osmanl\u0131 Devleti\u2019nden ald\u0131klar\u0131 izinlerle Anadolu\u2019nun \u00e7e\u015fitli yerlerine yerle\u015fmi\u015f, bazen var olan kaleleri kullanm\u0131\u015flar, bazen de yeni kaleler kurmu\u015flard\u0131r. Bu \u00e7al\u0131\u015fmada; Cenevizlilerin Akdeniz ticareti, koloni sistemleri ve tarihsel s\u00fcre\u00e7 incelenmi\u015f, daha sonra Anadolu\u2019daki Ceneviz kaleleri de\u011ferlendirilmi\u015ftir.  <\/p>\n","protected":false},"excerpt":{"rendered":"<p>Akdeniz ticaretinde b\u00fcy\u00fck s\u00f6z sahibi olan Cenevizliler, 12. y\u00fczy\u0131ldan itibaren Anadolu ile yo\u011fun ili\u015fkilere ba\u015flam\u0131\u015flar, \u00f6nce Bizans \u0130mparatorlu\u011fu\u2019ndan daha sonra da Osmanl\u0131 Devleti\u2019nden ald\u0131klar\u0131 izinlerle Anadolu\u2019nun<span class=\"excerpt-hellip\"> [\u2026]<\/span><\/p>\n","protected":false},"featured_media":0,"template":"","meta":{"_monsterinsights_skip_tracking":false,"_monsterinsights_sitenote_active":false,"_monsterinsights_sitenote_note":"","_monsterinsights_sitenote_category":0},"product_brand":[],"product_cat":[52477,52478],"product_tag":[],"class_list":{"0":"post-749685","1":"product","2":"type-product","3":"status-publish","5":"product_cat-arastirma","6":"product_cat-arkeoloji","7":"pa_cilt-ciltli","8":"pa_tur-kitap","9":"pa_yayinevi-myrina-yayinlari","10":"pa_yazar-batuhan-servet-gurkan","12":"first","13":"instock","14":"sale","15":"shipping-taxable","16":"purchasable","17":"product-type-simple"},"_links":{"self":[{"href":"https:\/\/roveyayinevi.com.tr\/index.php\/wp-json\/wp\/v2\/product\/749685","targetHints":{"allow":["GET"]}}],"collection":[{"href":"https:\/\/roveyayinevi.com.tr\/index.php\/wp-json\/wp\/v2\/product"}],"about":[{"href":"https:\/\/roveyayinevi.com.tr\/index.php\/wp-json\/wp\/v2\/types\/product"}],"wp:attachment":[{"href":"https:\/\/roveyayinevi.com.tr\/index.php\/wp-json\/wp\/v2\/media?parent=749685"}],"wp:term":[{"taxonomy":"product_brand","embeddable":true,"href":"https:\/\/roveyayinevi.com.tr\/index.php\/wp-json\/wp\/v2\/product_brand?post=749685"},{"taxonomy":"product_cat","embeddable":true,"href":"https:\/\/roveyayinevi.com.tr\/index.php\/wp-json\/wp\/v2\/product_cat?post=749685"},{"taxonomy":"product_tag","embeddable":true,"href":"https:\/\/roveyayinevi.com.tr\/index.php\/wp-json\/wp\/v2\/product_tag?post=749685"}],"curies":[{"name":"wp","href":"https:\/\/api.w.org\/{rel}","templated":true}]}}