{"id":749684,"date":"2025-08-28T04:01:51","date_gmt":"2025-08-28T01:01:51","guid":{"rendered":"https:\/\/roveyayinevi.com.tr\/index.php\/urun\/iki-yil-okul-tatili-ciltli\/"},"modified":"2026-04-16T03:03:08","modified_gmt":"2026-04-16T00:03:08","slug":"iki-yil-okul-tatili-ciltli","status":"publish","type":"product","link":"https:\/\/roveyayinevi.com.tr\/index.php\/urun\/iki-yil-okul-tatili-ciltli\/","title":{"rendered":"\u0130ki Y\u0131l Okul Tatili (Ciltli)"},"content":{"rendered":"<p>Ya\u015flar\u0131 sekiz ila on d\u00f6rt aras\u0131nda de\u011fi\u015fen bir grup yat\u0131l\u0131 okul \u00f6\u011frencisi ertesi sabah \u00e7\u0131kacaklar\u0131 deniz seyahati i\u00e7in geceden kamaralar\u0131na yerle\u015fip uyumu\u015ftur. Ne var ki yat\u0131 iskeleye ba\u011flayan halatlar bilinmeyen bir nedenden \u00f6t\u00fcr\u00fc \u00e7\u00f6z\u00fcl\u00fcnce yat r\u00fczg\u00e2r\u0131n da etkisiyle a\u00e7\u0131k denize s\u00fcr\u00fcklenir, ard\u0131ndan kopan f\u0131rt\u0131nayla birlikte \u0131ss\u0131z bir adan\u0131n kayal\u0131klar\u0131na \u00e7arp\u0131p par\u00e7alan\u0131r. B\u00f6ylece ba\u015flar\u0131nda bir tane bile yeti\u015fkin bulunmayan on be\u015f \u00e7ocuk i\u00e7in zorlu bir ya\u015fam m\u00fccadelesi ba\u015flar. <\/p>\n","protected":false},"excerpt":{"rendered":"<p>Ya\u015flar\u0131 sekiz ila on d\u00f6rt aras\u0131nda de\u011fi\u015fen bir grup yat\u0131l\u0131 okul \u00f6\u011frencisi ertesi sabah \u00e7\u0131kacaklar\u0131 deniz seyahati i\u00e7in geceden kamaralar\u0131na yerle\u015fip uyumu\u015ftur. Ne var ki yat\u0131<span class=\"excerpt-hellip\"> [\u2026]<\/span><\/p>\n","protected":false},"featured_media":0,"template":"","meta":{"_monsterinsights_skip_tracking":false,"_monsterinsights_sitenote_active":false,"_monsterinsights_sitenote_note":"","_monsterinsights_sitenote_category":0},"product_brand":[],"product_cat":[12689,12274],"product_tag":[],"class_list":{"0":"post-749684","1":"product","2":"type-product","3":"status-publish","5":"product_cat-cizgi-roman-cocuk-ve-genclik-kitaplari","6":"product_cat-cocuk-ve-genclik-kitaplari","7":"pa_cilt-ciltli","8":"pa_tur-kitap","9":"pa_yayinevi-beyaz-balina-yayinlari","10":"pa_yazar-jules-verne","12":"first","13":"instock","14":"sale","15":"shipping-taxable","16":"purchasable","17":"product-type-simple"},"_links":{"self":[{"href":"https:\/\/roveyayinevi.com.tr\/index.php\/wp-json\/wp\/v2\/product\/749684","targetHints":{"allow":["GET"]}}],"collection":[{"href":"https:\/\/roveyayinevi.com.tr\/index.php\/wp-json\/wp\/v2\/product"}],"about":[{"href":"https:\/\/roveyayinevi.com.tr\/index.php\/wp-json\/wp\/v2\/types\/product"}],"wp:attachment":[{"href":"https:\/\/roveyayinevi.com.tr\/index.php\/wp-json\/wp\/v2\/media?parent=749684"}],"wp:term":[{"taxonomy":"product_brand","embeddable":true,"href":"https:\/\/roveyayinevi.com.tr\/index.php\/wp-json\/wp\/v2\/product_brand?post=749684"},{"taxonomy":"product_cat","embeddable":true,"href":"https:\/\/roveyayinevi.com.tr\/index.php\/wp-json\/wp\/v2\/product_cat?post=749684"},{"taxonomy":"product_tag","embeddable":true,"href":"https:\/\/roveyayinevi.com.tr\/index.php\/wp-json\/wp\/v2\/product_tag?post=749684"}],"curies":[{"name":"wp","href":"https:\/\/api.w.org\/{rel}","templated":true}]}}