{"id":749678,"date":"2025-08-28T04:01:43","date_gmt":"2025-08-28T01:01:43","guid":{"rendered":"https:\/\/roveyayinevi.com.tr\/index.php\/urun\/aci-biberin-acikli-hikayesi\/"},"modified":"2026-04-16T03:03:08","modified_gmt":"2026-04-16T00:03:08","slug":"aci-biberin-acikli-hikayesi","status":"publish","type":"product","link":"https:\/\/roveyayinevi.com.tr\/index.php\/urun\/aci-biberin-acikli-hikayesi\/","title":{"rendered":"Ac\u0131 Biberin Ac\u0131kl\u0131 Hikayesi"},"content":{"rendered":"<p>Tatl\u0131 Lezzetler Mutfa\u011f\u0131\u2019nda heyecanl\u0131 bir g\u00fcn ya\u015fan\u0131yordu. O g\u00fcn, her y\u0131l tekrarlanan ba\u015f sebzelik se\u00e7imi yap\u0131lacakt\u0131. En g\u00fc\u00e7l\u00fc adaylardan biri de bebekli\u011finden itibaren mutfak sakinlerinin ellerinde b\u00fcy\u00fcyen, herkesin \u00e7ok sevdi\u011fi ac\u0131 biberdi. B\u00fcy\u00fcklerine sayg\u0131l\u0131, k\u00fc\u00e7\u00fcklerine ho\u015fg\u00f6r\u00fcl\u00fc, birlikte ya\u015fad\u0131\u011f\u0131 topluma duyarl\u0131 bir sebzeydi Ac\u0131. Tabii ba\u015f sebze olmak baz\u0131 zorluklar\u0131 ve de\u011fi\u015fiklikleri de beraberinde getirebilirdi.   Hik\u00e2ye boyunca sorgulatan ve merakland\u0131ran anlat\u0131m\u0131yla Ac\u0131 Biberin Ac\u0131kl\u0131 Hik\u00e2yesi bizi, farkl\u0131 tatlar\u0131n bir arada ya\u015fad\u0131\u011f\u0131 bir toplulu\u011fu y\u00f6netmek \u00fczerine bir d\u00fc\u015f\u00fcnce yolculu\u011funa davet ediyor. <\/p>\n","protected":false},"excerpt":{"rendered":"<p>Tatl\u0131 Lezzetler Mutfa\u011f\u0131\u2019nda heyecanl\u0131 bir g\u00fcn ya\u015fan\u0131yordu. O g\u00fcn, her y\u0131l tekrarlanan ba\u015f sebzelik se\u00e7imi yap\u0131lacakt\u0131. En g\u00fc\u00e7l\u00fc adaylardan biri de bebekli\u011finden itibaren mutfak sakinlerinin ellerinde<span class=\"excerpt-hellip\"> [\u2026]<\/span><\/p>\n","protected":false},"featured_media":0,"template":"","meta":{"_monsterinsights_skip_tracking":false,"_monsterinsights_sitenote_active":false,"_monsterinsights_sitenote_note":"","_monsterinsights_sitenote_category":0},"product_brand":[],"product_cat":[12274,12284],"product_tag":[],"class_list":{"0":"post-749678","1":"product","2":"type-product","3":"status-publish","5":"product_cat-cocuk-ve-genclik-kitaplari","6":"product_cat-hikayeler","7":"pa_cilt-ciltsiz","8":"pa_tur-kitap","9":"pa_yayinevi-ithaki-yayinlari","10":"pa_yazar-elvin-oven","12":"first","13":"instock","14":"sale","15":"shipping-taxable","16":"purchasable","17":"product-type-simple"},"_links":{"self":[{"href":"https:\/\/roveyayinevi.com.tr\/index.php\/wp-json\/wp\/v2\/product\/749678","targetHints":{"allow":["GET"]}}],"collection":[{"href":"https:\/\/roveyayinevi.com.tr\/index.php\/wp-json\/wp\/v2\/product"}],"about":[{"href":"https:\/\/roveyayinevi.com.tr\/index.php\/wp-json\/wp\/v2\/types\/product"}],"wp:attachment":[{"href":"https:\/\/roveyayinevi.com.tr\/index.php\/wp-json\/wp\/v2\/media?parent=749678"}],"wp:term":[{"taxonomy":"product_brand","embeddable":true,"href":"https:\/\/roveyayinevi.com.tr\/index.php\/wp-json\/wp\/v2\/product_brand?post=749678"},{"taxonomy":"product_cat","embeddable":true,"href":"https:\/\/roveyayinevi.com.tr\/index.php\/wp-json\/wp\/v2\/product_cat?post=749678"},{"taxonomy":"product_tag","embeddable":true,"href":"https:\/\/roveyayinevi.com.tr\/index.php\/wp-json\/wp\/v2\/product_tag?post=749678"}],"curies":[{"name":"wp","href":"https:\/\/api.w.org\/{rel}","templated":true}]}}