{"id":749676,"date":"2025-08-28T04:01:40","date_gmt":"2025-08-28T01:01:40","guid":{"rendered":"https:\/\/roveyayinevi.com.tr\/index.php\/urun\/beni-oldurme-mesafesi\/"},"modified":"2026-04-13T03:08:42","modified_gmt":"2026-04-13T00:08:42","slug":"beni-oldurme-mesafesi","status":"publish","type":"product","link":"https:\/\/roveyayinevi.com.tr\/index.php\/urun\/beni-oldurme-mesafesi\/","title":{"rendered":"Beni \u00d6ld\u00fcrme Mesafesi"},"content":{"rendered":"<p>Ka\u00e7\u0131r\u0131lan \u00e7ocuklar, g\u00fcnahk\u00e2r talebeler, katiller, \u00fcmitsiz \u00e2\u015f\u0131klar, aldat\u0131lanlar, kendini aray\u0131p bulamayanlar&#8230;   Bo\u015flukta Uyanmak roman\u0131yla hat\u0131r\u0131 say\u0131l\u0131r bir okur kitlesine ula\u015fan Burak Parmaks\u0131z, ilk \u00f6yk\u00fc kitab\u0131 Beni \u00d6ld\u00fcrme Mesafesi\u2019nde \u00f6l\u00fcmle tan\u0131\u015fanlar\u0131n, \u00f6l\u00fcme yak\u0131n duranlar\u0131n ve kaybedenlerin hik\u00e2yelerini anlat\u0131yor. Beklenmedik kar\u015f\u0131la\u015fmalar, tekinsiz mek\u00e2nlar ve h\u00fcz\u00fcnle boyanm\u0131\u015f suratlarla s\u00fcsledi\u011fi \u00f6yk\u00fclerinde, bamba\u015fka kahramanlar\u0131n izini s\u00fcrmeye \u00e7a\u011f\u0131r\u0131yor okuru.   \u201cO g\u00fcn stad\u0131n arkas\u0131ndaki eski lunaparkta iki ki\u015fi \u00f6lm\u00fc\u015ft\u00fc. Biri bendim. \u00d6ld\u00fcrenlerse en yak\u0131nlar\u0131md\u0131. En iyi iki arkada\u015f&#8230; Ellerinde b\u0131\u00e7ak vard\u0131. Bir fili bile rahatl\u0131kla do\u011frayabilecek kadar keskin, g\u00f6r\u00fcnmez b\u0131\u00e7aklar. Beni \u00f6ld\u00fcrme mesafesinde durdular. Saniyeler i\u00e7inde v\u00fccudumun her yerinde yaralar a\u00e7\u0131ld\u0131. Ac\u0131y\u0131 hissetmiyordum. Sadece g\u00f6r\u00fcyordum. Yaralar\u0131m g\u00fcn ge\u00e7tik\u00e7e daha da a\u00e7\u0131ld\u0131. Her \u015fey yava\u015f yava\u015f yok oldu.\u201d <\/p>\n","protected":false},"excerpt":{"rendered":"<p>Ka\u00e7\u0131r\u0131lan \u00e7ocuklar, g\u00fcnahk\u00e2r talebeler, katiller, \u00fcmitsiz \u00e2\u015f\u0131klar, aldat\u0131lanlar, kendini aray\u0131p bulamayanlar&#8230; Bo\u015flukta Uyanmak roman\u0131yla hat\u0131r\u0131 say\u0131l\u0131r bir okur kitlesine ula\u015fan Burak Parmaks\u0131z, ilk \u00f6yk\u00fc kitab\u0131 Beni<span class=\"excerpt-hellip\"> [\u2026]<\/span><\/p>\n","protected":false},"featured_media":0,"template":"","meta":{"_monsterinsights_skip_tracking":false,"_monsterinsights_sitenote_active":false,"_monsterinsights_sitenote_note":"","_monsterinsights_sitenote_category":0},"product_brand":[],"product_cat":[12291,18202],"product_tag":[],"class_list":{"0":"post-749676","1":"product","2":"type-product","3":"status-publish","5":"product_cat-edebiyat","6":"product_cat-hikaye","7":"pa_cilt-ciltsiz","8":"pa_tur-kitap","9":"pa_yayinevi-ithaki-yayinlari","10":"pa_yazar-burak-parmaksiz","12":"first","13":"instock","14":"sale","15":"shipping-taxable","16":"purchasable","17":"product-type-simple"},"_links":{"self":[{"href":"https:\/\/roveyayinevi.com.tr\/index.php\/wp-json\/wp\/v2\/product\/749676","targetHints":{"allow":["GET"]}}],"collection":[{"href":"https:\/\/roveyayinevi.com.tr\/index.php\/wp-json\/wp\/v2\/product"}],"about":[{"href":"https:\/\/roveyayinevi.com.tr\/index.php\/wp-json\/wp\/v2\/types\/product"}],"wp:attachment":[{"href":"https:\/\/roveyayinevi.com.tr\/index.php\/wp-json\/wp\/v2\/media?parent=749676"}],"wp:term":[{"taxonomy":"product_brand","embeddable":true,"href":"https:\/\/roveyayinevi.com.tr\/index.php\/wp-json\/wp\/v2\/product_brand?post=749676"},{"taxonomy":"product_cat","embeddable":true,"href":"https:\/\/roveyayinevi.com.tr\/index.php\/wp-json\/wp\/v2\/product_cat?post=749676"},{"taxonomy":"product_tag","embeddable":true,"href":"https:\/\/roveyayinevi.com.tr\/index.php\/wp-json\/wp\/v2\/product_tag?post=749676"}],"curies":[{"name":"wp","href":"https:\/\/api.w.org\/{rel}","templated":true}]}}