{"id":749674,"date":"2025-08-28T04:01:36","date_gmt":"2025-08-28T01:01:36","guid":{"rendered":"https:\/\/roveyayinevi.com.tr\/index.php\/urun\/draculanin-konugu-ve-diger-tuhaf-oykuler\/"},"modified":"2026-04-16T03:03:08","modified_gmt":"2026-04-16T00:03:08","slug":"draculanin-konugu-ve-diger-tuhaf-oykuler","status":"publish","type":"product","link":"https:\/\/roveyayinevi.com.tr\/index.php\/urun\/draculanin-konugu-ve-diger-tuhaf-oykuler\/","title":{"rendered":"Dracula\u2019n\u0131n Konu\u011fu ve Di\u011fer Tuhaf \u00d6yk\u00fcler"},"content":{"rendered":"<p>\u201cBram Stoker daima d\u00fcnyan\u0131n en \u00fcnl\u00fc vampiri Kont Dracula\u2019n\u0131n yarat\u0131c\u0131s\u0131 olarak hat\u0131rlanacak olsa da bunun yan\u0131nda bir\u00e7ok h\u00fcnere sahipti.\u201d \u2013David Stuart Davies   Bram Stoker, 1897\u2019de yay\u0131mlanan ba\u015fyap\u0131t\u0131 Dracula ile korku edebiyat\u0131n\u0131n yol g\u00f6sterici isimlerinden birine d\u00f6n\u00fc\u015ft\u00fc. \u00d6l\u00fcm\u00fcnden iki y\u0131l sonra, 1914\u2019te yay\u0131mlanan Dracula\u2019n\u0131n Konu\u011fu ve Di\u011fer Tuhaf \u00d6yk\u00fcler ba\u015fl\u0131kl\u0131 derlemesi ise, onun bir vampir \u00f6yk\u00fcs\u00fc d\u0131\u015f\u0131nda da anlatacaklar\u0131 oldu\u011funu g\u00f6steren, karakter yarat\u0131m\u0131 ve olay \u00f6rg\u00fcs\u00fc konusunda ustal\u0131\u011f\u0131n\u0131 sergiledi\u011fi \u00f6yk\u00fclerin topland\u0131\u011f\u0131 bir kitap.   Derlemeye ismini veren ve asl\u0131nda Dracula roman\u0131nda kendine yer bulamayan bir b\u00f6l\u00fcmden ibaret olan \u201cDracula\u2019n\u0131n Konu\u011fu\u201dnun yan\u0131 s\u0131ra \u201cYarg\u0131c\u0131n Evi\u201d, \u201cS\u0131\u00e7anlar\u0131n Cenazesi\u201d, \u201c\u00c7ingene Kehaneti\u201d ve \u201cK\u0131z\u0131lderili Kad\u0131n\u201d gibi birbirinden karanl\u0131k, gizemli ve \u00fcrk\u00fct\u00fcc\u00fc \u00f6yk\u00fcler, Bram Stoker\u2019\u0131n g\u00fcn\u00fcm\u00fczde bile h\u00e2l\u00e2 ke\u015ffedilmeye de\u011fer farkl\u0131 y\u00f6nleri oldu\u011funun birer g\u00f6stergesi.   Zira \u00f6l\u00fcler d\u00f6rtnala ilerler. <\/p>\n","protected":false},"excerpt":{"rendered":"<p>\u201cBram Stoker daima d\u00fcnyan\u0131n en \u00fcnl\u00fc vampiri Kont Dracula\u2019n\u0131n yarat\u0131c\u0131s\u0131 olarak hat\u0131rlanacak olsa da bunun yan\u0131nda bir\u00e7ok h\u00fcnere sahipti.\u201d \u2013David Stuart Davies Bram Stoker, 1897\u2019de yay\u0131mlanan<span class=\"excerpt-hellip\"> [\u2026]<\/span><\/p>\n","protected":false},"featured_media":0,"template":"","meta":{"_monsterinsights_skip_tracking":false,"_monsterinsights_sitenote_active":false,"_monsterinsights_sitenote_note":"","_monsterinsights_sitenote_category":0},"product_brand":[],"product_cat":[12291,17033],"product_tag":[],"class_list":{"0":"post-749674","1":"product","2":"type-product","3":"status-publish","5":"product_cat-edebiyat","6":"product_cat-korku-gerilim","7":"pa_cilt-ciltsiz","8":"pa_tur-kitap","9":"pa_yayinevi-ithaki-yayinlari","10":"pa_yazar-bram-stoker","12":"first","13":"instock","14":"sale","15":"shipping-taxable","16":"purchasable","17":"product-type-simple"},"_links":{"self":[{"href":"https:\/\/roveyayinevi.com.tr\/index.php\/wp-json\/wp\/v2\/product\/749674","targetHints":{"allow":["GET"]}}],"collection":[{"href":"https:\/\/roveyayinevi.com.tr\/index.php\/wp-json\/wp\/v2\/product"}],"about":[{"href":"https:\/\/roveyayinevi.com.tr\/index.php\/wp-json\/wp\/v2\/types\/product"}],"wp:attachment":[{"href":"https:\/\/roveyayinevi.com.tr\/index.php\/wp-json\/wp\/v2\/media?parent=749674"}],"wp:term":[{"taxonomy":"product_brand","embeddable":true,"href":"https:\/\/roveyayinevi.com.tr\/index.php\/wp-json\/wp\/v2\/product_brand?post=749674"},{"taxonomy":"product_cat","embeddable":true,"href":"https:\/\/roveyayinevi.com.tr\/index.php\/wp-json\/wp\/v2\/product_cat?post=749674"},{"taxonomy":"product_tag","embeddable":true,"href":"https:\/\/roveyayinevi.com.tr\/index.php\/wp-json\/wp\/v2\/product_tag?post=749674"}],"curies":[{"name":"wp","href":"https:\/\/api.w.org\/{rel}","templated":true}]}}