{"id":749673,"date":"2025-08-28T04:01:35","date_gmt":"2025-08-28T01:01:35","guid":{"rendered":"https:\/\/roveyayinevi.com.tr\/index.php\/urun\/golgemiz-duser\/"},"modified":"2026-04-16T03:03:08","modified_gmt":"2026-04-16T00:03:08","slug":"golgemiz-duser","status":"publish","type":"product","link":"https:\/\/roveyayinevi.com.tr\/index.php\/urun\/golgemiz-duser\/","title":{"rendered":"G\u00f6lgemiz D\u00fc\u015fer"},"content":{"rendered":"<p>Bir baba, o\u011flunu korumak i\u00e7in ne kadar ileri gidebilir?   Irk\u00e7\u0131l\u0131k ve ayr\u0131mc\u0131l\u0131\u011f\u0131n pen\u00e7esindeki karanl\u0131k bir gelecekte ya\u015fayan ba\u015fkarakterimizin en b\u00fcy\u00fck arzusu yar\u0131 siyah o\u011flu Nigel\u2019\u0131 ten beyazlatma ameliyat\u0131na sokmak ve b\u00f6ylece onun kendisiyle ayn\u0131 zorlu kaderi payla\u015fmas\u0131n\u0131 engellemektir. Bu amac\u0131na ula\u015fmak i\u00e7in \u00e7al\u0131\u015ft\u0131\u011f\u0131 hukuk firmas\u0131nda y\u00fckselmek zorunda kalacak, \u00e7\u0131kt\u0131\u011f\u0131 bu yol onu \u00e7e\u015fitlilik komitelerine, plantasyonlara ve e\u015fitlik aktivistlerinin d\u00fczenledi\u011fi y\u00fcr\u00fcy\u00fc\u015flere g\u00f6t\u00fcrecektir.   \u00dcslubu yer yer Franz Kafka ile Ralph Ellison\u2019\u0131 and\u0131ran Maurice Carlos Ruffin, ilk roman\u0131 G\u00f6lgemiz D\u00fc\u015fer\u2019de Amerika\u2019da varl\u0131\u011f\u0131n\u0131 s\u00fcrd\u00fcren \u0131rk\u00e7\u0131l\u0131\u011fa sert bir ele\u015ftiri getiriyor.   \u201cG\u00f6lgemiz D\u00fc\u015fer, edebiyat\u0131n g\u00fcndeme getirebilece\u011fi en can al\u0131c\u0131 sorular\u0131 oda\u011f\u0131na al\u0131yor.\u201d \u2013Nana Kwame Adjei-Brenyah <\/p>\n","protected":false},"excerpt":{"rendered":"<p>Bir baba, o\u011flunu korumak i\u00e7in ne kadar ileri gidebilir? Irk\u00e7\u0131l\u0131k ve ayr\u0131mc\u0131l\u0131\u011f\u0131n pen\u00e7esindeki karanl\u0131k bir gelecekte ya\u015fayan ba\u015fkarakterimizin en b\u00fcy\u00fck arzusu yar\u0131 siyah o\u011flu Nigel\u2019\u0131 ten<span class=\"excerpt-hellip\"> [\u2026]<\/span><\/p>\n","protected":false},"featured_media":0,"template":"","meta":{"_monsterinsights_skip_tracking":false,"_monsterinsights_sitenote_active":false,"_monsterinsights_sitenote_note":"","_monsterinsights_sitenote_category":0},"product_brand":[],"product_cat":[12540,12291],"product_tag":[],"class_list":{"0":"post-749673","1":"product","2":"type-product","3":"status-publish","5":"product_cat-bilim-kurgu","6":"product_cat-edebiyat","7":"pa_cilt-ciltsiz","8":"pa_tur-kitap","9":"pa_yayinevi-ithaki-yayinlari","10":"pa_yazar-maurice-carlos-ruffin","12":"first","13":"instock","14":"sale","15":"shipping-taxable","16":"purchasable","17":"product-type-simple"},"_links":{"self":[{"href":"https:\/\/roveyayinevi.com.tr\/index.php\/wp-json\/wp\/v2\/product\/749673","targetHints":{"allow":["GET"]}}],"collection":[{"href":"https:\/\/roveyayinevi.com.tr\/index.php\/wp-json\/wp\/v2\/product"}],"about":[{"href":"https:\/\/roveyayinevi.com.tr\/index.php\/wp-json\/wp\/v2\/types\/product"}],"wp:attachment":[{"href":"https:\/\/roveyayinevi.com.tr\/index.php\/wp-json\/wp\/v2\/media?parent=749673"}],"wp:term":[{"taxonomy":"product_brand","embeddable":true,"href":"https:\/\/roveyayinevi.com.tr\/index.php\/wp-json\/wp\/v2\/product_brand?post=749673"},{"taxonomy":"product_cat","embeddable":true,"href":"https:\/\/roveyayinevi.com.tr\/index.php\/wp-json\/wp\/v2\/product_cat?post=749673"},{"taxonomy":"product_tag","embeddable":true,"href":"https:\/\/roveyayinevi.com.tr\/index.php\/wp-json\/wp\/v2\/product_tag?post=749673"}],"curies":[{"name":"wp","href":"https:\/\/api.w.org\/{rel}","templated":true}]}}