{"id":749672,"date":"2025-08-28T04:01:33","date_gmt":"2025-08-28T01:01:33","guid":{"rendered":"https:\/\/roveyayinevi.com.tr\/index.php\/urun\/gelisin-bilmecesi\/"},"modified":"2026-04-16T03:03:08","modified_gmt":"2026-04-16T00:03:08","slug":"gelisin-bilmecesi","status":"publish","type":"product","link":"https:\/\/roveyayinevi.com.tr\/index.php\/urun\/gelisin-bilmecesi\/","title":{"rendered":"Geli\u015fin Bilmecesi"},"content":{"rendered":"<p>Bir yazar\u0131n \u0130ngiliz kolonisi Trinidad\u2019dan \u0130ngiltere\u2019nin eski k\u0131rsal b\u00f6lgelerine ve bir ruh halinden di\u011ferine yapt\u0131\u011f\u0131 tuhaf yolculu\u011fun \u00f6yk\u00fcs\u00fc olan Geli\u015fin Bilmecesi belki de Naipaul\u2019un en otobiyografik eseridir.   \u201cNaipaul\u2019un en iyi eseri.\u201d \u2013Chicago Trib\u00fcn\u00fc \u201cZarif bir an\u0131, ustaca keskin bir \u00f6z-hesapla\u015fma.\u201d \u2013Washington Post Book World \u201cUzun zamand\u0131r okudu\u011fum a\u00e7\u0131k ara en ilgin\u00e7 roman ve belki de \u015fimdiye kadar okudu\u011fum en hipnotize edici kitap.\u201d \u2013St. Petersburg Times \u201cSonu\u00e7 hem y\u00fcrek burkuyor hem de cesaretlendiriyor: D\u00fc\u015flerin ve ger\u00e7ekli\u011fin y\u0131k\u0131m\u0131na kar\u015f\u0131 tek panzehir hat\u0131rlamakt\u0131r.\u201d \u2013Time \u201cGeli\u015fin Bilmecesi, bir bilgisayar oyunu gibi okuru bir dizi ipucuyla y\u00f6nlendiriyor, insan\u0131 ve yazar\u0131 anlamaya giderek daha \u00e7ok yakla\u015f\u0131yor.\u201d \u2013Newsday<\/p>\n","protected":false},"excerpt":{"rendered":"<p>Bir yazar\u0131n \u0130ngiliz kolonisi Trinidad\u2019dan \u0130ngiltere\u2019nin eski k\u0131rsal b\u00f6lgelerine ve bir ruh halinden di\u011ferine yapt\u0131\u011f\u0131 tuhaf yolculu\u011fun \u00f6yk\u00fcs\u00fc olan Geli\u015fin Bilmecesi belki de Naipaul\u2019un en otobiyografik<span class=\"excerpt-hellip\"> [\u2026]<\/span><\/p>\n","protected":false},"featured_media":0,"template":"","meta":{"_monsterinsights_skip_tracking":false,"_monsterinsights_sitenote_active":false,"_monsterinsights_sitenote_note":"","_monsterinsights_sitenote_category":0},"product_brand":[],"product_cat":[12291,12711],"product_tag":[],"class_list":{"0":"post-749672","1":"product","2":"type-product","3":"status-publish","5":"product_cat-edebiyat","6":"product_cat-roman-oyku","7":"pa_cilt-ciltsiz","8":"pa_tur-kitap","9":"pa_yayinevi-alfa-yayinlari","10":"pa_yazar-v-s-naipaul","12":"first","13":"instock","14":"sale","15":"shipping-taxable","16":"purchasable","17":"product-type-simple"},"_links":{"self":[{"href":"https:\/\/roveyayinevi.com.tr\/index.php\/wp-json\/wp\/v2\/product\/749672","targetHints":{"allow":["GET"]}}],"collection":[{"href":"https:\/\/roveyayinevi.com.tr\/index.php\/wp-json\/wp\/v2\/product"}],"about":[{"href":"https:\/\/roveyayinevi.com.tr\/index.php\/wp-json\/wp\/v2\/types\/product"}],"wp:attachment":[{"href":"https:\/\/roveyayinevi.com.tr\/index.php\/wp-json\/wp\/v2\/media?parent=749672"}],"wp:term":[{"taxonomy":"product_brand","embeddable":true,"href":"https:\/\/roveyayinevi.com.tr\/index.php\/wp-json\/wp\/v2\/product_brand?post=749672"},{"taxonomy":"product_cat","embeddable":true,"href":"https:\/\/roveyayinevi.com.tr\/index.php\/wp-json\/wp\/v2\/product_cat?post=749672"},{"taxonomy":"product_tag","embeddable":true,"href":"https:\/\/roveyayinevi.com.tr\/index.php\/wp-json\/wp\/v2\/product_tag?post=749672"}],"curies":[{"name":"wp","href":"https:\/\/api.w.org\/{rel}","templated":true}]}}