{"id":749671,"date":"2025-08-28T04:01:32","date_gmt":"2025-08-28T01:01:32","guid":{"rendered":"https:\/\/roveyayinevi.com.tr\/index.php\/urun\/sosyal-hizmet-meslegi\/"},"modified":"2026-04-16T03:03:08","modified_gmt":"2026-04-16T00:03:08","slug":"sosyal-hizmet-meslegi","status":"publish","type":"product","link":"https:\/\/roveyayinevi.com.tr\/index.php\/urun\/sosyal-hizmet-meslegi\/","title":{"rendered":"Sosyal Hizmet Mesle\u011fi"},"content":{"rendered":"<p>Sosyal hizmet uzmanlar\u0131 nas\u0131l bir e\u011fitim s\u00fcrecinden ge\u00e7mektedirler? Sosyal hizmet e\u011fitimi ile uygulamalar\u0131 aras\u0131ndaki ya\u015famsal ba\u011flant\u0131n\u0131n niteli\u011fi nas\u0131l olmal\u0131d\u0131r? Sosyal hizmet uzmanlar\u0131n\u0131n toplumsal rolleri hizmet yararlan\u0131c\u0131lar\u0131 taraf\u0131ndan yeterince fark edilebilmekte midir? Buna ili\u015fkin temel g\u00f6stergeler nelerdir? Sosyal hizmet uzmanlar\u0131 do\u011frudan sosyal hizmet sunumlar\u0131nda savunuculuk rollerini yeterince yerine getirebilmekte midirler? Sosyal hizmet uzmanlar\u0131n\u0131n rollerini yerine getirebilmeleri i\u00e7in asgari d\u00fczeyde sahip olmalar\u0131 gereken bilgi, beceri ve yetkinliklerin kan\u0131tlar\u0131 nelerdir? Bu ve benzer sorulara yan\u0131t bulmaya \u00e7al\u0131\u015fan bu kitapta sosyal hizmet sunumunun birincil derecedeki uygulay\u0131c\u0131s\u0131 durumundaki sosyal hizmet uzmanlar\u0131n\u0131n temel mesleki yeterlilikleri taslak bir analiz \u00e7al\u0131\u015fmas\u0131 ile ele al\u0131nmaktad\u0131r. <\/p>\n","protected":false},"excerpt":{"rendered":"<p>Sosyal hizmet uzmanlar\u0131 nas\u0131l bir e\u011fitim s\u00fcrecinden ge\u00e7mektedirler? Sosyal hizmet e\u011fitimi ile uygulamalar\u0131 aras\u0131ndaki ya\u015famsal ba\u011flant\u0131n\u0131n niteli\u011fi nas\u0131l olmal\u0131d\u0131r? Sosyal hizmet uzmanlar\u0131n\u0131n toplumsal rolleri hizmet yararlan\u0131c\u0131lar\u0131<span class=\"excerpt-hellip\"> [\u2026]<\/span><\/p>\n","protected":false},"featured_media":0,"template":"","meta":{"_monsterinsights_skip_tracking":false,"_monsterinsights_sitenote_active":false,"_monsterinsights_sitenote_note":"","_monsterinsights_sitenote_category":0},"product_brand":[],"product_cat":[12325,12324],"product_tag":[],"class_list":{"0":"post-749671","1":"product","2":"type-product","3":"status-publish","5":"product_cat-diger-sosyoloji","6":"product_cat-sosyoloji","7":"pa_cilt-ciltsiz","8":"pa_tur-kitap","9":"pa_yayinevi-nika-yayinevi","10":"pa_yazar-s-sedat-turkeri","12":"first","13":"instock","14":"sale","15":"shipping-taxable","16":"purchasable","17":"product-type-simple"},"_links":{"self":[{"href":"https:\/\/roveyayinevi.com.tr\/index.php\/wp-json\/wp\/v2\/product\/749671","targetHints":{"allow":["GET"]}}],"collection":[{"href":"https:\/\/roveyayinevi.com.tr\/index.php\/wp-json\/wp\/v2\/product"}],"about":[{"href":"https:\/\/roveyayinevi.com.tr\/index.php\/wp-json\/wp\/v2\/types\/product"}],"wp:attachment":[{"href":"https:\/\/roveyayinevi.com.tr\/index.php\/wp-json\/wp\/v2\/media?parent=749671"}],"wp:term":[{"taxonomy":"product_brand","embeddable":true,"href":"https:\/\/roveyayinevi.com.tr\/index.php\/wp-json\/wp\/v2\/product_brand?post=749671"},{"taxonomy":"product_cat","embeddable":true,"href":"https:\/\/roveyayinevi.com.tr\/index.php\/wp-json\/wp\/v2\/product_cat?post=749671"},{"taxonomy":"product_tag","embeddable":true,"href":"https:\/\/roveyayinevi.com.tr\/index.php\/wp-json\/wp\/v2\/product_tag?post=749671"}],"curies":[{"name":"wp","href":"https:\/\/api.w.org\/{rel}","templated":true}]}}